{"id":872,"date":"2022-10-26T14:15:23","date_gmt":"2022-10-26T14:15:23","guid":{"rendered":"https:\/\/rsk.podkauppa.fi\/tuote\/rsk-1-styck-underlagg\/"},"modified":"2022-10-26T14:15:23","modified_gmt":"2022-10-26T14:15:23","slug":"kork-rygg-underlagg","status":"publish","type":"product","link":"https:\/\/rsk.podkauppa.fi\/sv\/tuote\/kork-rygg-underlagg\/","title":{"rendered":"RSK | 1 styck underl\u00e4gg"},"content":{"rendered":"<p>Detta underl\u00e4gg med korkrygg passar perfekt till din favoritmugg! Skapa en hemtrevlig k\u00e4nsla samtidigt som du skyddar ditt soffbord eller nattduksbord fr\u00e5n fl\u00e4ckar och fukt. Underl\u00e4gget \u00e4r vattent\u00e4tt och v\u00e4rmebest\u00e4ndigt och utformat f\u00f6r att h\u00e5lla l\u00e4nge. K\u00f6p den till dig sj\u00e4lv eller som en fin present till dina v\u00e4nner och din familj.<br \/>\n&#8211; H\u00e5rdboard MDF 0,12\u2033 (3 mm)<br \/>\n&#8211; Kork 0,04\u2033 (1 mm)<br \/>\n&#8211; H\u00f6gblank bel\u00e4ggning p\u00e5 ovansidan<br \/>\n&#8211; Storlek: 3,74\u2033 \u00d7 3,74\u2033 \u00d7 0,16\u2033 (95 \u00d7 95 \u00d7 4 mm)<br \/>\n&#8211; Rundade h\u00f6rn<br \/>\n&#8211; Vattenavvisande, v\u00e4rmet\u00e5lig och halkfri<br \/>\n&#8211; L\u00e4tt att reng\u00f6ra<\/p>\n","protected":false},"excerpt":{"rendered":"<p>Detta underl\u00e4gg med korkrygg passar perfekt till din favoritmugg! Skapa en hemtrevlig k\u00e4nsla samtidigt som du skyddar ditt soffbord eller nattduksbord fr\u00e5n fl\u00e4ckar och fukt. Underl\u00e4gget \u00e4r vattent\u00e4tt och v\u00e4rmebest\u00e4ndigt och utformat f\u00f6r att h\u00e5lla l\u00e4nge. K\u00f6p den till dig sj\u00e4lv eller som en fin present till dina v\u00e4nner och din familj. &#8211; H\u00e5rdboard MDF&hellip;&nbsp;<a href=\"https:\/\/rsk.podkauppa.fi\/sv\/tuote\/kork-rygg-underlagg\/\" rel=\"bookmark\">L\u00e4s mer &raquo;<span class=\"screen-reader-text\">RSK | 1 styck underl\u00e4gg<\/span><\/a><\/p>\n","protected":false},"featured_media":558,"comment_status":"open","ping_status":"closed","template":"","meta":{"neve_meta_sidebar":"","neve_meta_container":"","neve_meta_enable_content_width":"","neve_meta_content_width":0,"neve_meta_title_alignment":"","neve_meta_author_avatar":"","neve_post_elements_order":"","neve_meta_disable_header":"","neve_meta_disable_footer":"","neve_meta_disable_title":""},"product_cat":[95],"product_tag":[],"class_list":{"0":"post-872","1":"product","2":"type-product","3":"status-publish","4":"has-post-thumbnail","6":"product_cat-allmant","8":"first","9":"instock","10":"taxable","11":"shipping-taxable","12":"purchasable","13":"product-type-simple"},"yoast_head":"<!-- This site is optimized with the Yoast SEO plugin v23.9 - https:\/\/yoast.com\/wordpress\/plugins\/seo\/ -->\n<title>RSK | 1 styck underl\u00e4gg - Raseborgs segelklubb - rsk ry<\/title>\n<meta name=\"robots\" content=\"noindex, follow, max-snippet:-1, max-image-preview:large, max-video-preview:-1\" \/>\n<meta property=\"og:locale\" content=\"sv_SE\" \/>\n<meta property=\"og:type\" content=\"article\" \/>\n<meta property=\"og:title\" content=\"RSK | 1 styck underl\u00e4gg - Raseborgs segelklubb - rsk ry\" \/>\n<meta property=\"og:description\" content=\"Detta underl\u00e4gg med korkrygg passar perfekt till din favoritmugg! Skapa en hemtrevlig k\u00e4nsla samtidigt som du skyddar ditt soffbord eller nattduksbord fr\u00e5n fl\u00e4ckar och fukt. Underl\u00e4gget \u00e4r vattent\u00e4tt och v\u00e4rmebest\u00e4ndigt och utformat f\u00f6r att h\u00e5lla l\u00e4nge. K\u00f6p den till dig sj\u00e4lv eller som en fin present till dina v\u00e4nner och din familj. &#8211; H\u00e5rdboard MDF&hellip;&nbsp;L\u00e4s mer &raquo;RSK | 1 styck underl\u00e4gg\" \/>\n<meta property=\"og:url\" content=\"https:\/\/rsk.podkauppa.fi\/sv\/tuote\/kork-rygg-underlagg\/\" \/>\n<meta property=\"og:site_name\" content=\"Raseborgs segelklubb - rsk ry\" \/>\n<meta name=\"twitter:card\" content=\"summary_large_image\" \/>\n<meta name=\"twitter:label1\" content=\"Ber\u00e4knad l\u00e4stid\" \/>\n\t<meta name=\"twitter:data1\" content=\"1 minut\" \/>\n<script type=\"application\/ld+json\" class=\"yoast-schema-graph\">{\"@context\":\"https:\/\/schema.org\",\"@graph\":[{\"@type\":\"WebPage\",\"@id\":\"https:\/\/rsk.podkauppa.fi\/sv\/tuote\/kork-rygg-underlagg\/\",\"url\":\"https:\/\/rsk.podkauppa.fi\/sv\/tuote\/kork-rygg-underlagg\/\",\"name\":\"RSK | 1 styck underl\u00e4gg - Raseborgs segelklubb - rsk ry\",\"isPartOf\":{\"@id\":\"https:\/\/rsk.podkauppa.fi\/sv\/#website\"},\"primaryImageOfPage\":{\"@id\":\"https:\/\/rsk.podkauppa.fi\/sv\/tuote\/kork-rygg-underlagg\/#primaryimage\"},\"image\":{\"@id\":\"https:\/\/rsk.podkauppa.fi\/sv\/tuote\/kork-rygg-underlagg\/#primaryimage\"},\"thumbnailUrl\":\"https:\/\/rsk.podkauppa.fi\/wp-content\/uploads\/2022\/10\/cork-back-coaster-front-635940f2e4ae2.jpg\",\"datePublished\":\"2022-10-26T14:15:23+00:00\",\"dateModified\":\"2022-10-26T14:15:23+00:00\",\"breadcrumb\":{\"@id\":\"https:\/\/rsk.podkauppa.fi\/sv\/tuote\/kork-rygg-underlagg\/#breadcrumb\"},\"inLanguage\":\"sv-SE\",\"potentialAction\":[{\"@type\":\"ReadAction\",\"target\":[\"https:\/\/rsk.podkauppa.fi\/sv\/tuote\/kork-rygg-underlagg\/\"]}]},{\"@type\":\"ImageObject\",\"inLanguage\":\"sv-SE\",\"@id\":\"https:\/\/rsk.podkauppa.fi\/sv\/tuote\/kork-rygg-underlagg\/#primaryimage\",\"url\":\"https:\/\/rsk.podkauppa.fi\/wp-content\/uploads\/2022\/10\/cork-back-coaster-front-635940f2e4ae2.jpg\",\"contentUrl\":\"https:\/\/rsk.podkauppa.fi\/wp-content\/uploads\/2022\/10\/cork-back-coaster-front-635940f2e4ae2.jpg\",\"width\":2000,\"height\":2000},{\"@type\":\"BreadcrumbList\",\"@id\":\"https:\/\/rsk.podkauppa.fi\/sv\/tuote\/kork-rygg-underlagg\/#breadcrumb\",\"itemListElement\":[{\"@type\":\"ListItem\",\"position\":1,\"name\":\"Etusivu\",\"item\":\"https:\/\/rsk.podkauppa.fi\/sv\/butik\/\"},{\"@type\":\"ListItem\",\"position\":2,\"name\":\"Butik\",\"item\":\"https:\/\/rsk.podkauppa.fi\/sv\/butik\/\"},{\"@type\":\"ListItem\",\"position\":3,\"name\":\"RSK | 1 styck underl\u00e4gg\"}]},{\"@type\":\"WebSite\",\"@id\":\"https:\/\/rsk.podkauppa.fi\/sv\/#website\",\"url\":\"https:\/\/rsk.podkauppa.fi\/sv\/\",\"name\":\"Raseborgs segelklubb - rsk ry\",\"description\":\"Verkkokauppa\",\"publisher\":{\"@id\":\"https:\/\/rsk.podkauppa.fi\/sv\/#organization\"},\"potentialAction\":[{\"@type\":\"SearchAction\",\"target\":{\"@type\":\"EntryPoint\",\"urlTemplate\":\"https:\/\/rsk.podkauppa.fi\/sv\/?s={search_term_string}\"},\"query-input\":{\"@type\":\"PropertyValueSpecification\",\"valueRequired\":true,\"valueName\":\"search_term_string\"}}],\"inLanguage\":\"sv-SE\"},{\"@type\":\"Organization\",\"@id\":\"https:\/\/rsk.podkauppa.fi\/sv\/#organization\",\"name\":\"Raseborgs segelklubb - rsk ry\",\"url\":\"https:\/\/rsk.podkauppa.fi\/sv\/\",\"logo\":{\"@type\":\"ImageObject\",\"inLanguage\":\"sv-SE\",\"@id\":\"https:\/\/rsk.podkauppa.fi\/sv\/#\/schema\/logo\/image\/\",\"url\":\"https:\/\/rsk.podkauppa.fi\/wp-content\/uploads\/2022\/03\/cropped-seuranlippu.jpg\",\"contentUrl\":\"https:\/\/rsk.podkauppa.fi\/wp-content\/uploads\/2022\/03\/cropped-seuranlippu.jpg\",\"width\":130,\"height\":129,\"caption\":\"Raseborgs segelklubb - rsk ry\"},\"image\":{\"@id\":\"https:\/\/rsk.podkauppa.fi\/sv\/#\/schema\/logo\/image\/\"}}]}<\/script>\n<!-- \/ Yoast SEO plugin. -->","yoast_head_json":{"title":"RSK | 1 styck underl\u00e4gg - Raseborgs segelklubb - rsk ry","robots":{"index":"noindex","follow":"follow","max-snippet":"max-snippet:-1","max-image-preview":"max-image-preview:large","max-video-preview":"max-video-preview:-1"},"og_locale":"sv_SE","og_type":"article","og_title":"RSK | 1 styck underl\u00e4gg - Raseborgs segelklubb - rsk ry","og_description":"Detta underl\u00e4gg med korkrygg passar perfekt till din favoritmugg! Skapa en hemtrevlig k\u00e4nsla samtidigt som du skyddar ditt soffbord eller nattduksbord fr\u00e5n fl\u00e4ckar och fukt. Underl\u00e4gget \u00e4r vattent\u00e4tt och v\u00e4rmebest\u00e4ndigt och utformat f\u00f6r att h\u00e5lla l\u00e4nge. K\u00f6p den till dig sj\u00e4lv eller som en fin present till dina v\u00e4nner och din familj. &#8211; H\u00e5rdboard MDF&hellip;&nbsp;L\u00e4s mer &raquo;RSK | 1 styck underl\u00e4gg","og_url":"https:\/\/rsk.podkauppa.fi\/sv\/tuote\/kork-rygg-underlagg\/","og_site_name":"Raseborgs segelklubb - rsk ry","twitter_card":"summary_large_image","twitter_misc":{"Ber\u00e4knad l\u00e4stid":"1 minut"},"schema":{"@context":"https:\/\/schema.org","@graph":[{"@type":"WebPage","@id":"https:\/\/rsk.podkauppa.fi\/sv\/tuote\/kork-rygg-underlagg\/","url":"https:\/\/rsk.podkauppa.fi\/sv\/tuote\/kork-rygg-underlagg\/","name":"RSK | 1 styck underl\u00e4gg - Raseborgs segelklubb - rsk ry","isPartOf":{"@id":"https:\/\/rsk.podkauppa.fi\/sv\/#website"},"primaryImageOfPage":{"@id":"https:\/\/rsk.podkauppa.fi\/sv\/tuote\/kork-rygg-underlagg\/#primaryimage"},"image":{"@id":"https:\/\/rsk.podkauppa.fi\/sv\/tuote\/kork-rygg-underlagg\/#primaryimage"},"thumbnailUrl":"https:\/\/rsk.podkauppa.fi\/wp-content\/uploads\/2022\/10\/cork-back-coaster-front-635940f2e4ae2.jpg","datePublished":"2022-10-26T14:15:23+00:00","dateModified":"2022-10-26T14:15:23+00:00","breadcrumb":{"@id":"https:\/\/rsk.podkauppa.fi\/sv\/tuote\/kork-rygg-underlagg\/#breadcrumb"},"inLanguage":"sv-SE","potentialAction":[{"@type":"ReadAction","target":["https:\/\/rsk.podkauppa.fi\/sv\/tuote\/kork-rygg-underlagg\/"]}]},{"@type":"ImageObject","inLanguage":"sv-SE","@id":"https:\/\/rsk.podkauppa.fi\/sv\/tuote\/kork-rygg-underlagg\/#primaryimage","url":"https:\/\/rsk.podkauppa.fi\/wp-content\/uploads\/2022\/10\/cork-back-coaster-front-635940f2e4ae2.jpg","contentUrl":"https:\/\/rsk.podkauppa.fi\/wp-content\/uploads\/2022\/10\/cork-back-coaster-front-635940f2e4ae2.jpg","width":2000,"height":2000},{"@type":"BreadcrumbList","@id":"https:\/\/rsk.podkauppa.fi\/sv\/tuote\/kork-rygg-underlagg\/#breadcrumb","itemListElement":[{"@type":"ListItem","position":1,"name":"Etusivu","item":"https:\/\/rsk.podkauppa.fi\/sv\/butik\/"},{"@type":"ListItem","position":2,"name":"Butik","item":"https:\/\/rsk.podkauppa.fi\/sv\/butik\/"},{"@type":"ListItem","position":3,"name":"RSK | 1 styck underl\u00e4gg"}]},{"@type":"WebSite","@id":"https:\/\/rsk.podkauppa.fi\/sv\/#website","url":"https:\/\/rsk.podkauppa.fi\/sv\/","name":"Raseborgs segelklubb - rsk ry","description":"Verkkokauppa","publisher":{"@id":"https:\/\/rsk.podkauppa.fi\/sv\/#organization"},"potentialAction":[{"@type":"SearchAction","target":{"@type":"EntryPoint","urlTemplate":"https:\/\/rsk.podkauppa.fi\/sv\/?s={search_term_string}"},"query-input":{"@type":"PropertyValueSpecification","valueRequired":true,"valueName":"search_term_string"}}],"inLanguage":"sv-SE"},{"@type":"Organization","@id":"https:\/\/rsk.podkauppa.fi\/sv\/#organization","name":"Raseborgs segelklubb - rsk ry","url":"https:\/\/rsk.podkauppa.fi\/sv\/","logo":{"@type":"ImageObject","inLanguage":"sv-SE","@id":"https:\/\/rsk.podkauppa.fi\/sv\/#\/schema\/logo\/image\/","url":"https:\/\/rsk.podkauppa.fi\/wp-content\/uploads\/2022\/03\/cropped-seuranlippu.jpg","contentUrl":"https:\/\/rsk.podkauppa.fi\/wp-content\/uploads\/2022\/03\/cropped-seuranlippu.jpg","width":130,"height":129,"caption":"Raseborgs segelklubb - rsk ry"},"image":{"@id":"https:\/\/rsk.podkauppa.fi\/sv\/#\/schema\/logo\/image\/"}}]}},"jetpack_sharing_enabled":true,"_links":{"self":[{"href":"https:\/\/rsk.podkauppa.fi\/sv\/wp-json\/wp\/v2\/product\/872"}],"collection":[{"href":"https:\/\/rsk.podkauppa.fi\/sv\/wp-json\/wp\/v2\/product"}],"about":[{"href":"https:\/\/rsk.podkauppa.fi\/sv\/wp-json\/wp\/v2\/types\/product"}],"replies":[{"embeddable":true,"href":"https:\/\/rsk.podkauppa.fi\/sv\/wp-json\/wp\/v2\/comments?post=872"}],"wp:featuredmedia":[{"embeddable":true,"href":"https:\/\/rsk.podkauppa.fi\/sv\/wp-json\/wp\/v2\/media\/558"}],"wp:attachment":[{"href":"https:\/\/rsk.podkauppa.fi\/sv\/wp-json\/wp\/v2\/media?parent=872"}],"wp:term":[{"taxonomy":"product_cat","embeddable":true,"href":"https:\/\/rsk.podkauppa.fi\/sv\/wp-json\/wp\/v2\/product_cat?post=872"},{"taxonomy":"product_tag","embeddable":true,"href":"https:\/\/rsk.podkauppa.fi\/sv\/wp-json\/wp\/v2\/product_tag?post=872"}],"curies":[{"name":"wp","href":"https:\/\/api.w.org\/{rel}","templated":true}]}}