{"id":871,"date":"2022-10-26T14:02:59","date_gmt":"2022-10-26T14:02:59","guid":{"rendered":"https:\/\/rsk.podkauppa.fi\/tuote\/rsk-pom-pom-pipo\/"},"modified":"2022-10-26T14:02:59","modified_gmt":"2022-10-26T14:02:59","slug":"mossa-med-pom-pom","status":"publish","type":"product","link":"https:\/\/rsk.podkauppa.fi\/sv\/tuote\/mossa-med-pom-pom\/","title":{"rendered":"RSK | Pom pom pipo"},"content":{"rendered":"<p>B\u00e4r denna m\u00f6ssa med pom pom under kyliga h\u00f6stdagar och hela vintern l\u00e5ng. M\u00f6ssan \u00e4r tillverkad av 100% soft-touch akryl och k\u00e4nns otroligt mjuk och kommer att h\u00e5lla dig varm och sk\u00f6n.<br \/>\n&#8211; 100% mjuk akryl<br \/>\n&#8211; Stickad i dubbla lager<br \/>\n&#8211; En storlek passar de flesta<br \/>\n&#8211; M\u00f6ssa med mudd<br \/>\n&#8211; Sj\u00e4lvf\u00e4rgad pom pom<br \/>\n&#8211; Blank produkt med ursprung i Kina<br \/>\nDenna produkt tillverkas speciellt f\u00f6r dig s\u00e5 snart du g\u00f6r en best\u00e4llning, vilket \u00e4r anledningen till att det tar oss lite l\u00e4ngre tid att leverera den till dig. Att tillverka produkter p\u00e5 beg\u00e4ran ist\u00e4llet f\u00f6r i bulk bidrar till att minska \u00f6verproduktionen, s\u00e5 tack f\u00f6r att du fattar genomt\u00e4nkta k\u00f6pbeslut!<\/p>\n","protected":false},"excerpt":{"rendered":"<p>B\u00e4r denna m\u00f6ssa med pom pom under kyliga h\u00f6stdagar och hela vintern l\u00e5ng. M\u00f6ssan \u00e4r tillverkad av 100% soft-touch akryl och k\u00e4nns otroligt mjuk och kommer att h\u00e5lla dig varm och sk\u00f6n. &#8211; 100% mjuk akryl &#8211; Stickad i dubbla lager &#8211; En storlek passar de flesta &#8211; M\u00f6ssa med mudd &#8211; Sj\u00e4lvf\u00e4rgad pom pom&hellip;&nbsp;<a href=\"https:\/\/rsk.podkauppa.fi\/sv\/tuote\/mossa-med-pom-pom\/\" rel=\"bookmark\">L\u00e4s mer &raquo;<span class=\"screen-reader-text\">RSK | Pom pom pipo<\/span><\/a><\/p>\n","protected":false},"featured_media":556,"comment_status":"open","ping_status":"closed","template":"","meta":{"neve_meta_sidebar":"","neve_meta_container":"","neve_meta_enable_content_width":"","neve_meta_content_width":0,"neve_meta_title_alignment":"","neve_meta_author_avatar":"","neve_post_elements_order":"","neve_meta_disable_header":"","neve_meta_disable_footer":"","neve_meta_disable_title":""},"product_cat":[94],"product_tag":[],"class_list":{"0":"post-871","1":"product","2":"type-product","3":"status-publish","4":"has-post-thumbnail","6":"product_cat-hattar-och-pipor","8":"first","9":"instock","10":"taxable","11":"shipping-taxable","12":"purchasable","13":"product-type-simple"},"yoast_head":"<!-- This site is optimized with the Yoast SEO plugin v23.9 - https:\/\/yoast.com\/wordpress\/plugins\/seo\/ -->\n<title>RSK | Pom pom pipo - Raseborgs segelklubb - rsk ry<\/title>\n<meta name=\"robots\" content=\"noindex, follow, max-snippet:-1, max-image-preview:large, max-video-preview:-1\" \/>\n<meta property=\"og:locale\" content=\"sv_SE\" \/>\n<meta property=\"og:type\" content=\"article\" \/>\n<meta property=\"og:title\" content=\"RSK | Pom pom pipo - Raseborgs segelklubb - rsk ry\" \/>\n<meta property=\"og:description\" content=\"B\u00e4r denna m\u00f6ssa med pom pom under kyliga h\u00f6stdagar och hela vintern l\u00e5ng. M\u00f6ssan \u00e4r tillverkad av 100% soft-touch akryl och k\u00e4nns otroligt mjuk och kommer att h\u00e5lla dig varm och sk\u00f6n. &#8211; 100% mjuk akryl &#8211; Stickad i dubbla lager &#8211; En storlek passar de flesta &#8211; M\u00f6ssa med mudd &#8211; Sj\u00e4lvf\u00e4rgad pom pom&hellip;&nbsp;L\u00e4s mer &raquo;RSK | Pom pom pipo\" \/>\n<meta property=\"og:url\" content=\"https:\/\/rsk.podkauppa.fi\/sv\/tuote\/mossa-med-pom-pom\/\" \/>\n<meta property=\"og:site_name\" content=\"Raseborgs segelklubb - rsk ry\" \/>\n<meta name=\"twitter:card\" content=\"summary_large_image\" \/>\n<meta name=\"twitter:label1\" content=\"Ber\u00e4knad l\u00e4stid\" \/>\n\t<meta name=\"twitter:data1\" content=\"1 minut\" \/>\n<script type=\"application\/ld+json\" class=\"yoast-schema-graph\">{\"@context\":\"https:\/\/schema.org\",\"@graph\":[{\"@type\":\"WebPage\",\"@id\":\"https:\/\/rsk.podkauppa.fi\/sv\/tuote\/mossa-med-pom-pom\/\",\"url\":\"https:\/\/rsk.podkauppa.fi\/sv\/tuote\/mossa-med-pom-pom\/\",\"name\":\"RSK | Pom pom pipo - Raseborgs segelklubb - rsk ry\",\"isPartOf\":{\"@id\":\"https:\/\/rsk.podkauppa.fi\/sv\/#website\"},\"primaryImageOfPage\":{\"@id\":\"https:\/\/rsk.podkauppa.fi\/sv\/tuote\/mossa-med-pom-pom\/#primaryimage\"},\"image\":{\"@id\":\"https:\/\/rsk.podkauppa.fi\/sv\/tuote\/mossa-med-pom-pom\/#primaryimage\"},\"thumbnailUrl\":\"https:\/\/rsk.podkauppa.fi\/wp-content\/uploads\/2022\/10\/pom-pom-beanie-french-navy-front-63593e09067b5.jpg\",\"datePublished\":\"2022-10-26T14:02:59+00:00\",\"dateModified\":\"2022-10-26T14:02:59+00:00\",\"breadcrumb\":{\"@id\":\"https:\/\/rsk.podkauppa.fi\/sv\/tuote\/mossa-med-pom-pom\/#breadcrumb\"},\"inLanguage\":\"sv-SE\",\"potentialAction\":[{\"@type\":\"ReadAction\",\"target\":[\"https:\/\/rsk.podkauppa.fi\/sv\/tuote\/mossa-med-pom-pom\/\"]}]},{\"@type\":\"ImageObject\",\"inLanguage\":\"sv-SE\",\"@id\":\"https:\/\/rsk.podkauppa.fi\/sv\/tuote\/mossa-med-pom-pom\/#primaryimage\",\"url\":\"https:\/\/rsk.podkauppa.fi\/wp-content\/uploads\/2022\/10\/pom-pom-beanie-french-navy-front-63593e09067b5.jpg\",\"contentUrl\":\"https:\/\/rsk.podkauppa.fi\/wp-content\/uploads\/2022\/10\/pom-pom-beanie-french-navy-front-63593e09067b5.jpg\",\"width\":2000,\"height\":2000},{\"@type\":\"BreadcrumbList\",\"@id\":\"https:\/\/rsk.podkauppa.fi\/sv\/tuote\/mossa-med-pom-pom\/#breadcrumb\",\"itemListElement\":[{\"@type\":\"ListItem\",\"position\":1,\"name\":\"Etusivu\",\"item\":\"https:\/\/rsk.podkauppa.fi\/sv\/butik\/\"},{\"@type\":\"ListItem\",\"position\":2,\"name\":\"Butik\",\"item\":\"https:\/\/rsk.podkauppa.fi\/sv\/butik\/\"},{\"@type\":\"ListItem\",\"position\":3,\"name\":\"RSK | Pom pom pipo\"}]},{\"@type\":\"WebSite\",\"@id\":\"https:\/\/rsk.podkauppa.fi\/sv\/#website\",\"url\":\"https:\/\/rsk.podkauppa.fi\/sv\/\",\"name\":\"Raseborgs segelklubb - rsk ry\",\"description\":\"Verkkokauppa\",\"publisher\":{\"@id\":\"https:\/\/rsk.podkauppa.fi\/sv\/#organization\"},\"potentialAction\":[{\"@type\":\"SearchAction\",\"target\":{\"@type\":\"EntryPoint\",\"urlTemplate\":\"https:\/\/rsk.podkauppa.fi\/sv\/?s={search_term_string}\"},\"query-input\":{\"@type\":\"PropertyValueSpecification\",\"valueRequired\":true,\"valueName\":\"search_term_string\"}}],\"inLanguage\":\"sv-SE\"},{\"@type\":\"Organization\",\"@id\":\"https:\/\/rsk.podkauppa.fi\/sv\/#organization\",\"name\":\"Raseborgs segelklubb - rsk ry\",\"url\":\"https:\/\/rsk.podkauppa.fi\/sv\/\",\"logo\":{\"@type\":\"ImageObject\",\"inLanguage\":\"sv-SE\",\"@id\":\"https:\/\/rsk.podkauppa.fi\/sv\/#\/schema\/logo\/image\/\",\"url\":\"https:\/\/rsk.podkauppa.fi\/wp-content\/uploads\/2022\/03\/cropped-seuranlippu.jpg\",\"contentUrl\":\"https:\/\/rsk.podkauppa.fi\/wp-content\/uploads\/2022\/03\/cropped-seuranlippu.jpg\",\"width\":130,\"height\":129,\"caption\":\"Raseborgs segelklubb - rsk ry\"},\"image\":{\"@id\":\"https:\/\/rsk.podkauppa.fi\/sv\/#\/schema\/logo\/image\/\"}}]}<\/script>\n<!-- \/ Yoast SEO plugin. -->","yoast_head_json":{"title":"RSK | Pom pom pipo - Raseborgs segelklubb - rsk ry","robots":{"index":"noindex","follow":"follow","max-snippet":"max-snippet:-1","max-image-preview":"max-image-preview:large","max-video-preview":"max-video-preview:-1"},"og_locale":"sv_SE","og_type":"article","og_title":"RSK | Pom pom pipo - Raseborgs segelklubb - rsk ry","og_description":"B\u00e4r denna m\u00f6ssa med pom pom under kyliga h\u00f6stdagar och hela vintern l\u00e5ng. M\u00f6ssan \u00e4r tillverkad av 100% soft-touch akryl och k\u00e4nns otroligt mjuk och kommer att h\u00e5lla dig varm och sk\u00f6n. &#8211; 100% mjuk akryl &#8211; Stickad i dubbla lager &#8211; En storlek passar de flesta &#8211; M\u00f6ssa med mudd &#8211; Sj\u00e4lvf\u00e4rgad pom pom&hellip;&nbsp;L\u00e4s mer &raquo;RSK | Pom pom pipo","og_url":"https:\/\/rsk.podkauppa.fi\/sv\/tuote\/mossa-med-pom-pom\/","og_site_name":"Raseborgs segelklubb - rsk ry","twitter_card":"summary_large_image","twitter_misc":{"Ber\u00e4knad l\u00e4stid":"1 minut"},"schema":{"@context":"https:\/\/schema.org","@graph":[{"@type":"WebPage","@id":"https:\/\/rsk.podkauppa.fi\/sv\/tuote\/mossa-med-pom-pom\/","url":"https:\/\/rsk.podkauppa.fi\/sv\/tuote\/mossa-med-pom-pom\/","name":"RSK | Pom pom pipo - Raseborgs segelklubb - rsk ry","isPartOf":{"@id":"https:\/\/rsk.podkauppa.fi\/sv\/#website"},"primaryImageOfPage":{"@id":"https:\/\/rsk.podkauppa.fi\/sv\/tuote\/mossa-med-pom-pom\/#primaryimage"},"image":{"@id":"https:\/\/rsk.podkauppa.fi\/sv\/tuote\/mossa-med-pom-pom\/#primaryimage"},"thumbnailUrl":"https:\/\/rsk.podkauppa.fi\/wp-content\/uploads\/2022\/10\/pom-pom-beanie-french-navy-front-63593e09067b5.jpg","datePublished":"2022-10-26T14:02:59+00:00","dateModified":"2022-10-26T14:02:59+00:00","breadcrumb":{"@id":"https:\/\/rsk.podkauppa.fi\/sv\/tuote\/mossa-med-pom-pom\/#breadcrumb"},"inLanguage":"sv-SE","potentialAction":[{"@type":"ReadAction","target":["https:\/\/rsk.podkauppa.fi\/sv\/tuote\/mossa-med-pom-pom\/"]}]},{"@type":"ImageObject","inLanguage":"sv-SE","@id":"https:\/\/rsk.podkauppa.fi\/sv\/tuote\/mossa-med-pom-pom\/#primaryimage","url":"https:\/\/rsk.podkauppa.fi\/wp-content\/uploads\/2022\/10\/pom-pom-beanie-french-navy-front-63593e09067b5.jpg","contentUrl":"https:\/\/rsk.podkauppa.fi\/wp-content\/uploads\/2022\/10\/pom-pom-beanie-french-navy-front-63593e09067b5.jpg","width":2000,"height":2000},{"@type":"BreadcrumbList","@id":"https:\/\/rsk.podkauppa.fi\/sv\/tuote\/mossa-med-pom-pom\/#breadcrumb","itemListElement":[{"@type":"ListItem","position":1,"name":"Etusivu","item":"https:\/\/rsk.podkauppa.fi\/sv\/butik\/"},{"@type":"ListItem","position":2,"name":"Butik","item":"https:\/\/rsk.podkauppa.fi\/sv\/butik\/"},{"@type":"ListItem","position":3,"name":"RSK | Pom pom pipo"}]},{"@type":"WebSite","@id":"https:\/\/rsk.podkauppa.fi\/sv\/#website","url":"https:\/\/rsk.podkauppa.fi\/sv\/","name":"Raseborgs segelklubb - rsk ry","description":"Verkkokauppa","publisher":{"@id":"https:\/\/rsk.podkauppa.fi\/sv\/#organization"},"potentialAction":[{"@type":"SearchAction","target":{"@type":"EntryPoint","urlTemplate":"https:\/\/rsk.podkauppa.fi\/sv\/?s={search_term_string}"},"query-input":{"@type":"PropertyValueSpecification","valueRequired":true,"valueName":"search_term_string"}}],"inLanguage":"sv-SE"},{"@type":"Organization","@id":"https:\/\/rsk.podkauppa.fi\/sv\/#organization","name":"Raseborgs segelklubb - rsk ry","url":"https:\/\/rsk.podkauppa.fi\/sv\/","logo":{"@type":"ImageObject","inLanguage":"sv-SE","@id":"https:\/\/rsk.podkauppa.fi\/sv\/#\/schema\/logo\/image\/","url":"https:\/\/rsk.podkauppa.fi\/wp-content\/uploads\/2022\/03\/cropped-seuranlippu.jpg","contentUrl":"https:\/\/rsk.podkauppa.fi\/wp-content\/uploads\/2022\/03\/cropped-seuranlippu.jpg","width":130,"height":129,"caption":"Raseborgs segelklubb - rsk ry"},"image":{"@id":"https:\/\/rsk.podkauppa.fi\/sv\/#\/schema\/logo\/image\/"}}]}},"jetpack_sharing_enabled":true,"_links":{"self":[{"href":"https:\/\/rsk.podkauppa.fi\/sv\/wp-json\/wp\/v2\/product\/871"}],"collection":[{"href":"https:\/\/rsk.podkauppa.fi\/sv\/wp-json\/wp\/v2\/product"}],"about":[{"href":"https:\/\/rsk.podkauppa.fi\/sv\/wp-json\/wp\/v2\/types\/product"}],"replies":[{"embeddable":true,"href":"https:\/\/rsk.podkauppa.fi\/sv\/wp-json\/wp\/v2\/comments?post=871"}],"wp:featuredmedia":[{"embeddable":true,"href":"https:\/\/rsk.podkauppa.fi\/sv\/wp-json\/wp\/v2\/media\/556"}],"wp:attachment":[{"href":"https:\/\/rsk.podkauppa.fi\/sv\/wp-json\/wp\/v2\/media?parent=871"}],"wp:term":[{"taxonomy":"product_cat","embeddable":true,"href":"https:\/\/rsk.podkauppa.fi\/sv\/wp-json\/wp\/v2\/product_cat?post=871"},{"taxonomy":"product_tag","embeddable":true,"href":"https:\/\/rsk.podkauppa.fi\/sv\/wp-json\/wp\/v2\/product_tag?post=871"}],"curies":[{"name":"wp","href":"https:\/\/api.w.org\/{rel}","templated":true}]}}