{"id":846,"date":"2022-10-28T12:42:23","date_gmt":"2022-10-28T12:42:23","guid":{"rendered":"https:\/\/rsk.podkauppa.fi\/tuote\/rsk-gymvaska\/"},"modified":"2024-09-25T18:12:02","modified_gmt":"2024-09-25T18:12:02","slug":"all-over-print-gym-vaska","status":"publish","type":"product","link":"https:\/\/rsk.podkauppa.fi\/sv\/tuote\/all-over-print-gym-vaska\/","title":{"rendered":"RSK | Gymv\u00e4ska"},"content":{"rendered":"<p>Redo att s\u00e4tta ig\u00e5ng med tr\u00e4ningen? S\u00e4tt lite extra piff p\u00e5 din tr\u00e4ning med denna gymv\u00e4ska med allover-m\u00f6nster. Denna v\u00e4ska \u00e4r tillverkad av 100% polyester och robust, vattenavvisande tyg och \u00e4r b\u00e5de rolig och funktionell. Och den har fickor! <\/p>\n<p> &#8211; 100% polyester &#8211; Tygvikt: 336 g\/m\u00b2 (9.91 oz\/yd\u00b2) &#8211; Vattenavvisande och slitstark &#8211; Kraftigt tyg med sm\u00e4ltbar baksida f\u00f6r \u00f6kad stadga &#8211; T-piping f\u00f6r stabilitet &#8211; Dubbla vadderade handtag &#8211; Innerficka f\u00f6r v\u00e4rdesaker Denna produkt tillverkas speciellt f\u00f6r dig s\u00e5 snart du l\u00e4gger en best\u00e4llning, vilket \u00e4r anledningen till att det tar lite l\u00e4ngre tid f\u00f6r oss att leverera den till dig. Att tillverka produkter p\u00e5 beg\u00e4ran ist\u00e4llet f\u00f6r i bulk bidrar till att minska \u00f6verproduktionen, s\u00e5 tack f\u00f6r att du fattar genomt\u00e4nkta k\u00f6pbeslut!<\/p>\n","protected":false},"excerpt":{"rendered":"<p>Redo att s\u00e4tta ig\u00e5ng med tr\u00e4ningen? S\u00e4tt lite extra piff p\u00e5 din tr\u00e4ning med denna gymv\u00e4ska med allover-m\u00f6nster. Denna v\u00e4ska \u00e4r tillverkad av 100% polyester och robust, vattenavvisande tyg och \u00e4r b\u00e5de rolig och funktionell. Och den har fickor! &#8211; 100% polyester &#8211; Tygvikt: 336 g\/m\u00b2 (9.91 oz\/yd\u00b2) &#8211; Vattenavvisande och slitstark &#8211; Kraftigt tyg&hellip;&nbsp;<a href=\"https:\/\/rsk.podkauppa.fi\/sv\/tuote\/all-over-print-gym-vaska\/\" rel=\"bookmark\">L\u00e4s mer &raquo;<span class=\"screen-reader-text\">RSK | Gymv\u00e4ska<\/span><\/a><\/p>\n","protected":false},"featured_media":612,"comment_status":"open","ping_status":"closed","template":"","meta":{"neve_meta_sidebar":"","neve_meta_container":"","neve_meta_enable_content_width":"","neve_meta_content_width":0,"neve_meta_title_alignment":"","neve_meta_author_avatar":"","neve_post_elements_order":"","neve_meta_disable_header":"","neve_meta_disable_footer":"","neve_meta_disable_title":""},"product_cat":[95],"product_tag":[],"class_list":{"0":"post-846","1":"product","2":"type-product","3":"status-publish","4":"has-post-thumbnail","6":"product_cat-allmant","8":"first","9":"instock","10":"taxable","11":"shipping-taxable","12":"purchasable","13":"product-type-simple"},"yoast_head":"<!-- This site is optimized with the Yoast SEO plugin v23.9 - https:\/\/yoast.com\/wordpress\/plugins\/seo\/ -->\n<title>RSK | Gymv\u00e4ska - Raseborgs segelklubb - rsk ry<\/title>\n<meta name=\"robots\" content=\"noindex, follow, max-snippet:-1, max-image-preview:large, max-video-preview:-1\" \/>\n<meta property=\"og:locale\" content=\"sv_SE\" \/>\n<meta property=\"og:type\" content=\"article\" \/>\n<meta property=\"og:title\" content=\"RSK | Gymv\u00e4ska - Raseborgs segelklubb - rsk ry\" \/>\n<meta property=\"og:description\" content=\"Redo att s\u00e4tta ig\u00e5ng med tr\u00e4ningen? S\u00e4tt lite extra piff p\u00e5 din tr\u00e4ning med denna gymv\u00e4ska med allover-m\u00f6nster. Denna v\u00e4ska \u00e4r tillverkad av 100% polyester och robust, vattenavvisande tyg och \u00e4r b\u00e5de rolig och funktionell. Och den har fickor! &#8211; 100% polyester &#8211; Tygvikt: 336 g\/m\u00b2 (9.91 oz\/yd\u00b2) &#8211; Vattenavvisande och slitstark &#8211; Kraftigt tyg&hellip;&nbsp;L\u00e4s mer &raquo;RSK | Gymv\u00e4ska\" \/>\n<meta property=\"og:url\" content=\"https:\/\/rsk.podkauppa.fi\/sv\/tuote\/all-over-print-gym-vaska\/\" \/>\n<meta property=\"og:site_name\" content=\"Raseborgs segelklubb - rsk ry\" \/>\n<meta property=\"article:modified_time\" content=\"2024-09-25T18:12:02+00:00\" \/>\n<meta property=\"og:image\" content=\"https:\/\/rsk.podkauppa.fi\/wp-content\/uploads\/2022\/10\/all-over-print-gym-bag-white-right-front-635bce16aab5a.jpg\" \/>\n\t<meta property=\"og:image:width\" content=\"2000\" \/>\n\t<meta property=\"og:image:height\" content=\"2000\" \/>\n\t<meta property=\"og:image:type\" content=\"image\/jpeg\" \/>\n<meta name=\"twitter:card\" content=\"summary_large_image\" \/>\n<meta name=\"twitter:label1\" content=\"Ber\u00e4knad l\u00e4stid\" \/>\n\t<meta name=\"twitter:data1\" content=\"1 minut\" \/>\n<script type=\"application\/ld+json\" class=\"yoast-schema-graph\">{\"@context\":\"https:\/\/schema.org\",\"@graph\":[{\"@type\":\"WebPage\",\"@id\":\"https:\/\/rsk.podkauppa.fi\/sv\/tuote\/all-over-print-gym-vaska\/\",\"url\":\"https:\/\/rsk.podkauppa.fi\/sv\/tuote\/all-over-print-gym-vaska\/\",\"name\":\"RSK | Gymv\u00e4ska - Raseborgs segelklubb - rsk ry\",\"isPartOf\":{\"@id\":\"https:\/\/rsk.podkauppa.fi\/sv\/#website\"},\"primaryImageOfPage\":{\"@id\":\"https:\/\/rsk.podkauppa.fi\/sv\/tuote\/all-over-print-gym-vaska\/#primaryimage\"},\"image\":{\"@id\":\"https:\/\/rsk.podkauppa.fi\/sv\/tuote\/all-over-print-gym-vaska\/#primaryimage\"},\"thumbnailUrl\":\"https:\/\/rsk.podkauppa.fi\/wp-content\/uploads\/2022\/10\/all-over-print-gym-bag-white-right-front-635bce16aab5a.jpg\",\"datePublished\":\"2022-10-28T12:42:23+00:00\",\"dateModified\":\"2024-09-25T18:12:02+00:00\",\"breadcrumb\":{\"@id\":\"https:\/\/rsk.podkauppa.fi\/sv\/tuote\/all-over-print-gym-vaska\/#breadcrumb\"},\"inLanguage\":\"sv-SE\",\"potentialAction\":[{\"@type\":\"ReadAction\",\"target\":[\"https:\/\/rsk.podkauppa.fi\/sv\/tuote\/all-over-print-gym-vaska\/\"]}]},{\"@type\":\"ImageObject\",\"inLanguage\":\"sv-SE\",\"@id\":\"https:\/\/rsk.podkauppa.fi\/sv\/tuote\/all-over-print-gym-vaska\/#primaryimage\",\"url\":\"https:\/\/rsk.podkauppa.fi\/wp-content\/uploads\/2022\/10\/all-over-print-gym-bag-white-right-front-635bce16aab5a.jpg\",\"contentUrl\":\"https:\/\/rsk.podkauppa.fi\/wp-content\/uploads\/2022\/10\/all-over-print-gym-bag-white-right-front-635bce16aab5a.jpg\",\"width\":2000,\"height\":2000},{\"@type\":\"BreadcrumbList\",\"@id\":\"https:\/\/rsk.podkauppa.fi\/sv\/tuote\/all-over-print-gym-vaska\/#breadcrumb\",\"itemListElement\":[{\"@type\":\"ListItem\",\"position\":1,\"name\":\"Etusivu\",\"item\":\"https:\/\/rsk.podkauppa.fi\/sv\/butik\/\"},{\"@type\":\"ListItem\",\"position\":2,\"name\":\"Butik\",\"item\":\"https:\/\/rsk.podkauppa.fi\/sv\/butik\/\"},{\"@type\":\"ListItem\",\"position\":3,\"name\":\"RSK | Gymv\u00e4ska\"}]},{\"@type\":\"WebSite\",\"@id\":\"https:\/\/rsk.podkauppa.fi\/sv\/#website\",\"url\":\"https:\/\/rsk.podkauppa.fi\/sv\/\",\"name\":\"Raseborgs segelklubb - rsk ry\",\"description\":\"Verkkokauppa\",\"publisher\":{\"@id\":\"https:\/\/rsk.podkauppa.fi\/sv\/#organization\"},\"potentialAction\":[{\"@type\":\"SearchAction\",\"target\":{\"@type\":\"EntryPoint\",\"urlTemplate\":\"https:\/\/rsk.podkauppa.fi\/sv\/?s={search_term_string}\"},\"query-input\":{\"@type\":\"PropertyValueSpecification\",\"valueRequired\":true,\"valueName\":\"search_term_string\"}}],\"inLanguage\":\"sv-SE\"},{\"@type\":\"Organization\",\"@id\":\"https:\/\/rsk.podkauppa.fi\/sv\/#organization\",\"name\":\"Raseborgs segelklubb - rsk ry\",\"url\":\"https:\/\/rsk.podkauppa.fi\/sv\/\",\"logo\":{\"@type\":\"ImageObject\",\"inLanguage\":\"sv-SE\",\"@id\":\"https:\/\/rsk.podkauppa.fi\/sv\/#\/schema\/logo\/image\/\",\"url\":\"https:\/\/rsk.podkauppa.fi\/wp-content\/uploads\/2022\/03\/cropped-seuranlippu.jpg\",\"contentUrl\":\"https:\/\/rsk.podkauppa.fi\/wp-content\/uploads\/2022\/03\/cropped-seuranlippu.jpg\",\"width\":130,\"height\":129,\"caption\":\"Raseborgs segelklubb - rsk ry\"},\"image\":{\"@id\":\"https:\/\/rsk.podkauppa.fi\/sv\/#\/schema\/logo\/image\/\"}}]}<\/script>\n<!-- \/ Yoast SEO plugin. -->","yoast_head_json":{"title":"RSK | Gymv\u00e4ska - Raseborgs segelklubb - rsk ry","robots":{"index":"noindex","follow":"follow","max-snippet":"max-snippet:-1","max-image-preview":"max-image-preview:large","max-video-preview":"max-video-preview:-1"},"og_locale":"sv_SE","og_type":"article","og_title":"RSK | Gymv\u00e4ska - Raseborgs segelklubb - rsk ry","og_description":"Redo att s\u00e4tta ig\u00e5ng med tr\u00e4ningen? S\u00e4tt lite extra piff p\u00e5 din tr\u00e4ning med denna gymv\u00e4ska med allover-m\u00f6nster. Denna v\u00e4ska \u00e4r tillverkad av 100% polyester och robust, vattenavvisande tyg och \u00e4r b\u00e5de rolig och funktionell. Och den har fickor! &#8211; 100% polyester &#8211; Tygvikt: 336 g\/m\u00b2 (9.91 oz\/yd\u00b2) &#8211; Vattenavvisande och slitstark &#8211; Kraftigt tyg&hellip;&nbsp;L\u00e4s mer &raquo;RSK | Gymv\u00e4ska","og_url":"https:\/\/rsk.podkauppa.fi\/sv\/tuote\/all-over-print-gym-vaska\/","og_site_name":"Raseborgs segelklubb - rsk ry","article_modified_time":"2024-09-25T18:12:02+00:00","og_image":[{"width":2000,"height":2000,"url":"https:\/\/rsk.podkauppa.fi\/wp-content\/uploads\/2022\/10\/all-over-print-gym-bag-white-right-front-635bce16aab5a.jpg","type":"image\/jpeg"}],"twitter_card":"summary_large_image","twitter_misc":{"Ber\u00e4knad l\u00e4stid":"1 minut"},"schema":{"@context":"https:\/\/schema.org","@graph":[{"@type":"WebPage","@id":"https:\/\/rsk.podkauppa.fi\/sv\/tuote\/all-over-print-gym-vaska\/","url":"https:\/\/rsk.podkauppa.fi\/sv\/tuote\/all-over-print-gym-vaska\/","name":"RSK | Gymv\u00e4ska - Raseborgs segelklubb - rsk ry","isPartOf":{"@id":"https:\/\/rsk.podkauppa.fi\/sv\/#website"},"primaryImageOfPage":{"@id":"https:\/\/rsk.podkauppa.fi\/sv\/tuote\/all-over-print-gym-vaska\/#primaryimage"},"image":{"@id":"https:\/\/rsk.podkauppa.fi\/sv\/tuote\/all-over-print-gym-vaska\/#primaryimage"},"thumbnailUrl":"https:\/\/rsk.podkauppa.fi\/wp-content\/uploads\/2022\/10\/all-over-print-gym-bag-white-right-front-635bce16aab5a.jpg","datePublished":"2022-10-28T12:42:23+00:00","dateModified":"2024-09-25T18:12:02+00:00","breadcrumb":{"@id":"https:\/\/rsk.podkauppa.fi\/sv\/tuote\/all-over-print-gym-vaska\/#breadcrumb"},"inLanguage":"sv-SE","potentialAction":[{"@type":"ReadAction","target":["https:\/\/rsk.podkauppa.fi\/sv\/tuote\/all-over-print-gym-vaska\/"]}]},{"@type":"ImageObject","inLanguage":"sv-SE","@id":"https:\/\/rsk.podkauppa.fi\/sv\/tuote\/all-over-print-gym-vaska\/#primaryimage","url":"https:\/\/rsk.podkauppa.fi\/wp-content\/uploads\/2022\/10\/all-over-print-gym-bag-white-right-front-635bce16aab5a.jpg","contentUrl":"https:\/\/rsk.podkauppa.fi\/wp-content\/uploads\/2022\/10\/all-over-print-gym-bag-white-right-front-635bce16aab5a.jpg","width":2000,"height":2000},{"@type":"BreadcrumbList","@id":"https:\/\/rsk.podkauppa.fi\/sv\/tuote\/all-over-print-gym-vaska\/#breadcrumb","itemListElement":[{"@type":"ListItem","position":1,"name":"Etusivu","item":"https:\/\/rsk.podkauppa.fi\/sv\/butik\/"},{"@type":"ListItem","position":2,"name":"Butik","item":"https:\/\/rsk.podkauppa.fi\/sv\/butik\/"},{"@type":"ListItem","position":3,"name":"RSK | Gymv\u00e4ska"}]},{"@type":"WebSite","@id":"https:\/\/rsk.podkauppa.fi\/sv\/#website","url":"https:\/\/rsk.podkauppa.fi\/sv\/","name":"Raseborgs segelklubb - rsk ry","description":"Verkkokauppa","publisher":{"@id":"https:\/\/rsk.podkauppa.fi\/sv\/#organization"},"potentialAction":[{"@type":"SearchAction","target":{"@type":"EntryPoint","urlTemplate":"https:\/\/rsk.podkauppa.fi\/sv\/?s={search_term_string}"},"query-input":{"@type":"PropertyValueSpecification","valueRequired":true,"valueName":"search_term_string"}}],"inLanguage":"sv-SE"},{"@type":"Organization","@id":"https:\/\/rsk.podkauppa.fi\/sv\/#organization","name":"Raseborgs segelklubb - rsk ry","url":"https:\/\/rsk.podkauppa.fi\/sv\/","logo":{"@type":"ImageObject","inLanguage":"sv-SE","@id":"https:\/\/rsk.podkauppa.fi\/sv\/#\/schema\/logo\/image\/","url":"https:\/\/rsk.podkauppa.fi\/wp-content\/uploads\/2022\/03\/cropped-seuranlippu.jpg","contentUrl":"https:\/\/rsk.podkauppa.fi\/wp-content\/uploads\/2022\/03\/cropped-seuranlippu.jpg","width":130,"height":129,"caption":"Raseborgs segelklubb - rsk ry"},"image":{"@id":"https:\/\/rsk.podkauppa.fi\/sv\/#\/schema\/logo\/image\/"}}]}},"jetpack_sharing_enabled":true,"_links":{"self":[{"href":"https:\/\/rsk.podkauppa.fi\/sv\/wp-json\/wp\/v2\/product\/846"}],"collection":[{"href":"https:\/\/rsk.podkauppa.fi\/sv\/wp-json\/wp\/v2\/product"}],"about":[{"href":"https:\/\/rsk.podkauppa.fi\/sv\/wp-json\/wp\/v2\/types\/product"}],"replies":[{"embeddable":true,"href":"https:\/\/rsk.podkauppa.fi\/sv\/wp-json\/wp\/v2\/comments?post=846"}],"wp:featuredmedia":[{"embeddable":true,"href":"https:\/\/rsk.podkauppa.fi\/sv\/wp-json\/wp\/v2\/media\/612"}],"wp:attachment":[{"href":"https:\/\/rsk.podkauppa.fi\/sv\/wp-json\/wp\/v2\/media?parent=846"}],"wp:term":[{"taxonomy":"product_cat","embeddable":true,"href":"https:\/\/rsk.podkauppa.fi\/sv\/wp-json\/wp\/v2\/product_cat?post=846"},{"taxonomy":"product_tag","embeddable":true,"href":"https:\/\/rsk.podkauppa.fi\/sv\/wp-json\/wp\/v2\/product_tag?post=846"}],"curies":[{"name":"wp","href":"https:\/\/api.w.org\/{rel}","templated":true}]}}