{"id":845,"date":"2022-10-28T12:36:21","date_gmt":"2022-10-28T12:36:21","guid":{"rendered":"https:\/\/rsk.podkauppa.fi\/tuote\/rsk-old-school-bucket-hat\/"},"modified":"2024-08-10T08:19:10","modified_gmt":"2024-08-10T08:19:10","slug":"gammaldags-hink-hatt","status":"publish","type":"product","link":"https:\/\/rsk.podkauppa.fi\/sv\/tuote\/gammaldags-hink-hatt\/","title":{"rendered":"RSK | Old School Bucket Hat"},"content":{"rendered":"<p>Denna bucket hat \u00e4r en kombination av tidl\u00f6s funktionalitet och vintagestil. Perfekt f\u00f6r fiske, vandring och 80-90-talsnostalgi.  <br \/>\n&#8211; 98 % bomull, 2 % spandex<br \/>\n&#8211; Hatt med medelh\u00f6g profil och stort broderiomr\u00e5de  <br \/>\n&#8211; 3\u2033 krona<br \/>\n&#8211; Matchning och \u00f6vervakare<br \/>\n&#8211; Premium Flexfit-svettband<br \/>\n&#8211; En storlek passar de flesta<br \/>\n&#8211; Huvudets omkrets: 21 \u215d\u2033-23 \u215b\u2033 (55 cm-58,7 cm)<br \/>\n&#8211; Blank produkt med ursprung i Vietnam<br \/>\nDenna produkt tillverkas speciellt f\u00f6r dig s\u00e5 snart du g\u00f6r en best\u00e4llning, vilket \u00e4r anledningen till att det tar oss lite l\u00e4ngre tid att leverera den till dig. Att tillverka produkter p\u00e5 beg\u00e4ran ist\u00e4llet f\u00f6r i bulk bidrar till att minska \u00f6verproduktionen, s\u00e5 tack f\u00f6r att du fattar genomt\u00e4nkta k\u00f6pbeslut!<\/p>\n","protected":false},"excerpt":{"rendered":"<p>Denna bucket hat \u00e4r en kombination av tidl\u00f6s funktionalitet och vintagestil. Perfekt f\u00f6r fiske, vandring och 80-90-talsnostalgi. &#8211; 98 % bomull, 2 % spandex &#8211; Hatt med medelh\u00f6g profil och stort broderiomr\u00e5de &#8211; 3\u2033 krona &#8211; Matchning och \u00f6vervakare &#8211; Premium Flexfit-svettband &#8211; En storlek passar de flesta &#8211; Huvudets omkrets: 21 \u215d\u2033-23 \u215b\u2033 (55&hellip;&nbsp;<a href=\"https:\/\/rsk.podkauppa.fi\/sv\/tuote\/gammaldags-hink-hatt\/\" rel=\"bookmark\">L\u00e4s mer &raquo;<span class=\"screen-reader-text\">RSK | Old School Bucket Hat<\/span><\/a><\/p>\n","protected":false},"featured_media":606,"comment_status":"open","ping_status":"closed","template":"","meta":{"neve_meta_sidebar":"","neve_meta_container":"","neve_meta_enable_content_width":"","neve_meta_content_width":0,"neve_meta_title_alignment":"","neve_meta_author_avatar":"","neve_post_elements_order":"","neve_meta_disable_header":"","neve_meta_disable_footer":"","neve_meta_disable_title":""},"product_cat":[94],"product_tag":[],"class_list":{"0":"post-845","1":"product","2":"type-product","3":"status-publish","4":"has-post-thumbnail","6":"product_cat-hattar-och-pipor","8":"first","9":"instock","10":"taxable","11":"shipping-taxable","12":"purchasable","13":"product-type-simple"},"yoast_head":"<!-- This site is optimized with the Yoast SEO plugin v23.9 - https:\/\/yoast.com\/wordpress\/plugins\/seo\/ -->\n<title>RSK | Old School Bucket Hat - Raseborgs segelklubb - rsk ry<\/title>\n<meta name=\"robots\" content=\"noindex, follow, max-snippet:-1, max-image-preview:large, max-video-preview:-1\" \/>\n<meta property=\"og:locale\" content=\"sv_SE\" \/>\n<meta property=\"og:type\" content=\"article\" \/>\n<meta property=\"og:title\" content=\"RSK | Old School Bucket Hat - Raseborgs segelklubb - rsk ry\" \/>\n<meta property=\"og:description\" content=\"Denna bucket hat \u00e4r en kombination av tidl\u00f6s funktionalitet och vintagestil. Perfekt f\u00f6r fiske, vandring och 80-90-talsnostalgi. &#8211; 98 % bomull, 2 % spandex &#8211; Hatt med medelh\u00f6g profil och stort broderiomr\u00e5de &#8211; 3\u2033 krona &#8211; Matchning och \u00f6vervakare &#8211; Premium Flexfit-svettband &#8211; En storlek passar de flesta &#8211; Huvudets omkrets: 21 \u215d\u2033-23 \u215b\u2033 (55&hellip;&nbsp;L\u00e4s mer &raquo;RSK | Old School Bucket Hat\" \/>\n<meta property=\"og:url\" content=\"https:\/\/rsk.podkauppa.fi\/sv\/tuote\/gammaldags-hink-hatt\/\" \/>\n<meta property=\"og:site_name\" content=\"Raseborgs segelklubb - rsk ry\" \/>\n<meta property=\"article:modified_time\" content=\"2024-08-10T08:19:10+00:00\" \/>\n<meta name=\"twitter:card\" content=\"summary_large_image\" \/>\n<meta name=\"twitter:label1\" content=\"Ber\u00e4knad l\u00e4stid\" \/>\n\t<meta name=\"twitter:data1\" content=\"1 minut\" \/>\n<script type=\"application\/ld+json\" class=\"yoast-schema-graph\">{\"@context\":\"https:\/\/schema.org\",\"@graph\":[{\"@type\":\"WebPage\",\"@id\":\"https:\/\/rsk.podkauppa.fi\/sv\/tuote\/gammaldags-hink-hatt\/\",\"url\":\"https:\/\/rsk.podkauppa.fi\/sv\/tuote\/gammaldags-hink-hatt\/\",\"name\":\"RSK | Old School Bucket Hat - Raseborgs segelklubb - rsk ry\",\"isPartOf\":{\"@id\":\"https:\/\/rsk.podkauppa.fi\/sv\/#website\"},\"primaryImageOfPage\":{\"@id\":\"https:\/\/rsk.podkauppa.fi\/sv\/tuote\/gammaldags-hink-hatt\/#primaryimage\"},\"image\":{\"@id\":\"https:\/\/rsk.podkauppa.fi\/sv\/tuote\/gammaldags-hink-hatt\/#primaryimage\"},\"thumbnailUrl\":\"https:\/\/rsk.podkauppa.fi\/wp-content\/uploads\/2022\/10\/bucket-hat-navy-front-635bccbdcc366.jpg\",\"datePublished\":\"2022-10-28T12:36:21+00:00\",\"dateModified\":\"2024-08-10T08:19:10+00:00\",\"breadcrumb\":{\"@id\":\"https:\/\/rsk.podkauppa.fi\/sv\/tuote\/gammaldags-hink-hatt\/#breadcrumb\"},\"inLanguage\":\"sv-SE\",\"potentialAction\":[{\"@type\":\"ReadAction\",\"target\":[\"https:\/\/rsk.podkauppa.fi\/sv\/tuote\/gammaldags-hink-hatt\/\"]}]},{\"@type\":\"ImageObject\",\"inLanguage\":\"sv-SE\",\"@id\":\"https:\/\/rsk.podkauppa.fi\/sv\/tuote\/gammaldags-hink-hatt\/#primaryimage\",\"url\":\"https:\/\/rsk.podkauppa.fi\/wp-content\/uploads\/2022\/10\/bucket-hat-navy-front-635bccbdcc366.jpg\",\"contentUrl\":\"https:\/\/rsk.podkauppa.fi\/wp-content\/uploads\/2022\/10\/bucket-hat-navy-front-635bccbdcc366.jpg\",\"width\":2000,\"height\":2000},{\"@type\":\"BreadcrumbList\",\"@id\":\"https:\/\/rsk.podkauppa.fi\/sv\/tuote\/gammaldags-hink-hatt\/#breadcrumb\",\"itemListElement\":[{\"@type\":\"ListItem\",\"position\":1,\"name\":\"Etusivu\",\"item\":\"https:\/\/rsk.podkauppa.fi\/sv\/butik\/\"},{\"@type\":\"ListItem\",\"position\":2,\"name\":\"Butik\",\"item\":\"https:\/\/rsk.podkauppa.fi\/sv\/butik\/\"},{\"@type\":\"ListItem\",\"position\":3,\"name\":\"RSK | Old School Bucket Hat\"}]},{\"@type\":\"WebSite\",\"@id\":\"https:\/\/rsk.podkauppa.fi\/sv\/#website\",\"url\":\"https:\/\/rsk.podkauppa.fi\/sv\/\",\"name\":\"Raseborgs segelklubb - rsk ry\",\"description\":\"Verkkokauppa\",\"publisher\":{\"@id\":\"https:\/\/rsk.podkauppa.fi\/sv\/#organization\"},\"potentialAction\":[{\"@type\":\"SearchAction\",\"target\":{\"@type\":\"EntryPoint\",\"urlTemplate\":\"https:\/\/rsk.podkauppa.fi\/sv\/?s={search_term_string}\"},\"query-input\":{\"@type\":\"PropertyValueSpecification\",\"valueRequired\":true,\"valueName\":\"search_term_string\"}}],\"inLanguage\":\"sv-SE\"},{\"@type\":\"Organization\",\"@id\":\"https:\/\/rsk.podkauppa.fi\/sv\/#organization\",\"name\":\"Raseborgs segelklubb - rsk ry\",\"url\":\"https:\/\/rsk.podkauppa.fi\/sv\/\",\"logo\":{\"@type\":\"ImageObject\",\"inLanguage\":\"sv-SE\",\"@id\":\"https:\/\/rsk.podkauppa.fi\/sv\/#\/schema\/logo\/image\/\",\"url\":\"https:\/\/rsk.podkauppa.fi\/wp-content\/uploads\/2022\/03\/cropped-seuranlippu.jpg\",\"contentUrl\":\"https:\/\/rsk.podkauppa.fi\/wp-content\/uploads\/2022\/03\/cropped-seuranlippu.jpg\",\"width\":130,\"height\":129,\"caption\":\"Raseborgs segelklubb - rsk ry\"},\"image\":{\"@id\":\"https:\/\/rsk.podkauppa.fi\/sv\/#\/schema\/logo\/image\/\"}}]}<\/script>\n<!-- \/ Yoast SEO plugin. -->","yoast_head_json":{"title":"RSK | Old School Bucket Hat - Raseborgs segelklubb - rsk ry","robots":{"index":"noindex","follow":"follow","max-snippet":"max-snippet:-1","max-image-preview":"max-image-preview:large","max-video-preview":"max-video-preview:-1"},"og_locale":"sv_SE","og_type":"article","og_title":"RSK | Old School Bucket Hat - Raseborgs segelklubb - rsk ry","og_description":"Denna bucket hat \u00e4r en kombination av tidl\u00f6s funktionalitet och vintagestil. Perfekt f\u00f6r fiske, vandring och 80-90-talsnostalgi. &#8211; 98 % bomull, 2 % spandex &#8211; Hatt med medelh\u00f6g profil och stort broderiomr\u00e5de &#8211; 3\u2033 krona &#8211; Matchning och \u00f6vervakare &#8211; Premium Flexfit-svettband &#8211; En storlek passar de flesta &#8211; Huvudets omkrets: 21 \u215d\u2033-23 \u215b\u2033 (55&hellip;&nbsp;L\u00e4s mer &raquo;RSK | Old School Bucket Hat","og_url":"https:\/\/rsk.podkauppa.fi\/sv\/tuote\/gammaldags-hink-hatt\/","og_site_name":"Raseborgs segelklubb - rsk ry","article_modified_time":"2024-08-10T08:19:10+00:00","twitter_card":"summary_large_image","twitter_misc":{"Ber\u00e4knad l\u00e4stid":"1 minut"},"schema":{"@context":"https:\/\/schema.org","@graph":[{"@type":"WebPage","@id":"https:\/\/rsk.podkauppa.fi\/sv\/tuote\/gammaldags-hink-hatt\/","url":"https:\/\/rsk.podkauppa.fi\/sv\/tuote\/gammaldags-hink-hatt\/","name":"RSK | Old School Bucket Hat - Raseborgs segelklubb - rsk ry","isPartOf":{"@id":"https:\/\/rsk.podkauppa.fi\/sv\/#website"},"primaryImageOfPage":{"@id":"https:\/\/rsk.podkauppa.fi\/sv\/tuote\/gammaldags-hink-hatt\/#primaryimage"},"image":{"@id":"https:\/\/rsk.podkauppa.fi\/sv\/tuote\/gammaldags-hink-hatt\/#primaryimage"},"thumbnailUrl":"https:\/\/rsk.podkauppa.fi\/wp-content\/uploads\/2022\/10\/bucket-hat-navy-front-635bccbdcc366.jpg","datePublished":"2022-10-28T12:36:21+00:00","dateModified":"2024-08-10T08:19:10+00:00","breadcrumb":{"@id":"https:\/\/rsk.podkauppa.fi\/sv\/tuote\/gammaldags-hink-hatt\/#breadcrumb"},"inLanguage":"sv-SE","potentialAction":[{"@type":"ReadAction","target":["https:\/\/rsk.podkauppa.fi\/sv\/tuote\/gammaldags-hink-hatt\/"]}]},{"@type":"ImageObject","inLanguage":"sv-SE","@id":"https:\/\/rsk.podkauppa.fi\/sv\/tuote\/gammaldags-hink-hatt\/#primaryimage","url":"https:\/\/rsk.podkauppa.fi\/wp-content\/uploads\/2022\/10\/bucket-hat-navy-front-635bccbdcc366.jpg","contentUrl":"https:\/\/rsk.podkauppa.fi\/wp-content\/uploads\/2022\/10\/bucket-hat-navy-front-635bccbdcc366.jpg","width":2000,"height":2000},{"@type":"BreadcrumbList","@id":"https:\/\/rsk.podkauppa.fi\/sv\/tuote\/gammaldags-hink-hatt\/#breadcrumb","itemListElement":[{"@type":"ListItem","position":1,"name":"Etusivu","item":"https:\/\/rsk.podkauppa.fi\/sv\/butik\/"},{"@type":"ListItem","position":2,"name":"Butik","item":"https:\/\/rsk.podkauppa.fi\/sv\/butik\/"},{"@type":"ListItem","position":3,"name":"RSK | Old School Bucket Hat"}]},{"@type":"WebSite","@id":"https:\/\/rsk.podkauppa.fi\/sv\/#website","url":"https:\/\/rsk.podkauppa.fi\/sv\/","name":"Raseborgs segelklubb - rsk ry","description":"Verkkokauppa","publisher":{"@id":"https:\/\/rsk.podkauppa.fi\/sv\/#organization"},"potentialAction":[{"@type":"SearchAction","target":{"@type":"EntryPoint","urlTemplate":"https:\/\/rsk.podkauppa.fi\/sv\/?s={search_term_string}"},"query-input":{"@type":"PropertyValueSpecification","valueRequired":true,"valueName":"search_term_string"}}],"inLanguage":"sv-SE"},{"@type":"Organization","@id":"https:\/\/rsk.podkauppa.fi\/sv\/#organization","name":"Raseborgs segelklubb - rsk ry","url":"https:\/\/rsk.podkauppa.fi\/sv\/","logo":{"@type":"ImageObject","inLanguage":"sv-SE","@id":"https:\/\/rsk.podkauppa.fi\/sv\/#\/schema\/logo\/image\/","url":"https:\/\/rsk.podkauppa.fi\/wp-content\/uploads\/2022\/03\/cropped-seuranlippu.jpg","contentUrl":"https:\/\/rsk.podkauppa.fi\/wp-content\/uploads\/2022\/03\/cropped-seuranlippu.jpg","width":130,"height":129,"caption":"Raseborgs segelklubb - rsk ry"},"image":{"@id":"https:\/\/rsk.podkauppa.fi\/sv\/#\/schema\/logo\/image\/"}}]}},"jetpack_sharing_enabled":true,"_links":{"self":[{"href":"https:\/\/rsk.podkauppa.fi\/sv\/wp-json\/wp\/v2\/product\/845"}],"collection":[{"href":"https:\/\/rsk.podkauppa.fi\/sv\/wp-json\/wp\/v2\/product"}],"about":[{"href":"https:\/\/rsk.podkauppa.fi\/sv\/wp-json\/wp\/v2\/types\/product"}],"replies":[{"embeddable":true,"href":"https:\/\/rsk.podkauppa.fi\/sv\/wp-json\/wp\/v2\/comments?post=845"}],"wp:featuredmedia":[{"embeddable":true,"href":"https:\/\/rsk.podkauppa.fi\/sv\/wp-json\/wp\/v2\/media\/606"}],"wp:attachment":[{"href":"https:\/\/rsk.podkauppa.fi\/sv\/wp-json\/wp\/v2\/media?parent=845"}],"wp:term":[{"taxonomy":"product_cat","embeddable":true,"href":"https:\/\/rsk.podkauppa.fi\/sv\/wp-json\/wp\/v2\/product_cat?post=845"},{"taxonomy":"product_tag","embeddable":true,"href":"https:\/\/rsk.podkauppa.fi\/sv\/wp-json\/wp\/v2\/product_tag?post=845"}],"curies":[{"name":"wp","href":"https:\/\/api.w.org\/{rel}","templated":true}]}}