{"id":829,"date":"2022-10-26T14:23:57","date_gmt":"2022-10-26T14:23:57","guid":{"rendered":"https:\/\/rsk.podkauppa.fi\/tuote\/rsk-taligt-iphone-fodral\/"},"modified":"2024-09-27T13:37:15","modified_gmt":"2024-09-27T13:37:15","slug":"tufft-iphone-fodral","status":"publish","type":"product","link":"https:\/\/rsk.podkauppa.fi\/sv\/tuote\/tufft-iphone-fodral\/","title":{"rendered":"RSK | T\u00e5ligt iPhone-fodral"},"content":{"rendered":"<p>Skydda din telefon med stil med ett t\u00e5ligt fodral med dubbla lager. Ytterskalet \u00e4r tillverkat av slagt\u00e5lig polykarbonat, medan innerfodret har TPU-fodring f\u00f6r maximal st\u00f6td\u00e4mpning. H\u00e5ll din telefon modern och s\u00e4ker \u00e5ret runt! <\/p>\n<p> &#8211; Ytterskal i polykarbonat &#8211; Innerfoder i termoplastisk polyuretan TPU &#8211; Skydd i tv\u00e5 lager &#8211; Precisa port\u00f6ppningar &#8211; Kompatibel med induktionsladdning &#8211; Blank produkt fr\u00e5n Korea Viktigt: Den h\u00e4r produkten finns endast tillg\u00e4nglig i USA, Kanada, Europa, Storbritannien, Australien och Nya Zeeland. Om din leveransadress ligger utanf\u00f6r dessa regioner, v\u00e4nligen v\u00e4lj en annan produkt.<br \/>  Denna produkt tillverkas speciellt f\u00f6r dig s\u00e5 snart du g\u00f6r en best\u00e4llning, vilket \u00e4r anledningen till att det tar lite l\u00e4ngre tid f\u00f6r oss att leverera den till dig. Att tillverka produkter p\u00e5 beg\u00e4ran ist\u00e4llet f\u00f6r i bulk bidrar till att minska \u00f6verproduktionen, s\u00e5 tack f\u00f6r att du fattar genomt\u00e4nkta k\u00f6pbeslut!<\/p>\n","protected":false},"excerpt":{"rendered":"<p>Skydda din telefon med stil med ett t\u00e5ligt fodral med dubbla lager. Ytterskalet \u00e4r tillverkat av slagt\u00e5lig polykarbonat, medan innerfodret har TPU-fodring f\u00f6r maximal st\u00f6td\u00e4mpning. H\u00e5ll din telefon modern och s\u00e4ker \u00e5ret runt! &#8211; Ytterskal i polykarbonat &#8211; Innerfoder i termoplastisk polyuretan TPU &#8211; Skydd i tv\u00e5 lager &#8211; Precisa port\u00f6ppningar &#8211; Kompatibel med induktionsladdning&hellip;&nbsp;<a href=\"https:\/\/rsk.podkauppa.fi\/sv\/tuote\/tufft-iphone-fodral\/\" rel=\"bookmark\">L\u00e4s mer &raquo;<span class=\"screen-reader-text\">RSK | T\u00e5ligt iPhone-fodral<\/span><\/a><\/p>\n","protected":false},"featured_media":574,"comment_status":"open","ping_status":"closed","template":"","meta":{"neve_meta_sidebar":"","neve_meta_container":"","neve_meta_enable_content_width":"","neve_meta_content_width":0,"neve_meta_title_alignment":"","neve_meta_author_avatar":"","neve_post_elements_order":"","neve_meta_disable_header":"","neve_meta_disable_footer":"","neve_meta_disable_title":""},"product_cat":[95],"product_tag":[],"class_list":{"0":"post-829","1":"product","2":"type-product","3":"status-publish","4":"has-post-thumbnail","6":"product_cat-allmant","8":"first","9":"instock","10":"taxable","11":"shipping-taxable","12":"purchasable","13":"product-type-variable","14":"has-default-attributes"},"yoast_head":"<!-- This site is optimized with the Yoast SEO plugin v23.9 - https:\/\/yoast.com\/wordpress\/plugins\/seo\/ -->\n<title>RSK | T\u00e5ligt iPhone-fodral - Raseborgs segelklubb - rsk ry<\/title>\n<meta name=\"robots\" content=\"noindex, follow, max-snippet:-1, max-image-preview:large, max-video-preview:-1\" \/>\n<meta property=\"og:locale\" content=\"sv_SE\" \/>\n<meta property=\"og:type\" content=\"article\" \/>\n<meta property=\"og:title\" content=\"RSK | T\u00e5ligt iPhone-fodral - Raseborgs segelklubb - rsk ry\" \/>\n<meta property=\"og:description\" content=\"Skydda din telefon med stil med ett t\u00e5ligt fodral med dubbla lager. Ytterskalet \u00e4r tillverkat av slagt\u00e5lig polykarbonat, medan innerfodret har TPU-fodring f\u00f6r maximal st\u00f6td\u00e4mpning. H\u00e5ll din telefon modern och s\u00e4ker \u00e5ret runt! &#8211; Ytterskal i polykarbonat &#8211; Innerfoder i termoplastisk polyuretan TPU &#8211; Skydd i tv\u00e5 lager &#8211; Precisa port\u00f6ppningar &#8211; Kompatibel med induktionsladdning&hellip;&nbsp;L\u00e4s mer &raquo;RSK | T\u00e5ligt iPhone-fodral\" \/>\n<meta property=\"og:url\" content=\"https:\/\/rsk.podkauppa.fi\/sv\/tuote\/tufft-iphone-fodral\/\" \/>\n<meta property=\"og:site_name\" content=\"Raseborgs segelklubb - rsk ry\" \/>\n<meta property=\"article:modified_time\" content=\"2024-09-27T13:37:15+00:00\" \/>\n<meta property=\"og:image\" content=\"https:\/\/rsk.podkauppa.fi\/wp-content\/uploads\/2022\/10\/tough-iphone-case-matte-iphone-14-pro-max-front-635942f0b36f1.jpg\" \/>\n\t<meta property=\"og:image:width\" content=\"2000\" \/>\n\t<meta property=\"og:image:height\" content=\"2000\" \/>\n\t<meta property=\"og:image:type\" content=\"image\/jpeg\" \/>\n<meta name=\"twitter:card\" content=\"summary_large_image\" \/>\n<meta name=\"twitter:label1\" content=\"Ber\u00e4knad l\u00e4stid\" \/>\n\t<meta name=\"twitter:data1\" content=\"1 minut\" \/>\n<script type=\"application\/ld+json\" class=\"yoast-schema-graph\">{\"@context\":\"https:\/\/schema.org\",\"@graph\":[{\"@type\":\"WebPage\",\"@id\":\"https:\/\/rsk.podkauppa.fi\/sv\/tuote\/tufft-iphone-fodral\/\",\"url\":\"https:\/\/rsk.podkauppa.fi\/sv\/tuote\/tufft-iphone-fodral\/\",\"name\":\"RSK | T\u00e5ligt iPhone-fodral - Raseborgs segelklubb - rsk ry\",\"isPartOf\":{\"@id\":\"https:\/\/rsk.podkauppa.fi\/sv\/#website\"},\"primaryImageOfPage\":{\"@id\":\"https:\/\/rsk.podkauppa.fi\/sv\/tuote\/tufft-iphone-fodral\/#primaryimage\"},\"image\":{\"@id\":\"https:\/\/rsk.podkauppa.fi\/sv\/tuote\/tufft-iphone-fodral\/#primaryimage\"},\"thumbnailUrl\":\"https:\/\/rsk.podkauppa.fi\/wp-content\/uploads\/2022\/10\/tough-iphone-case-matte-iphone-14-pro-max-front-635942f0b36f1.jpg\",\"datePublished\":\"2022-10-26T14:23:57+00:00\",\"dateModified\":\"2024-09-27T13:37:15+00:00\",\"breadcrumb\":{\"@id\":\"https:\/\/rsk.podkauppa.fi\/sv\/tuote\/tufft-iphone-fodral\/#breadcrumb\"},\"inLanguage\":\"sv-SE\",\"potentialAction\":[{\"@type\":\"ReadAction\",\"target\":[\"https:\/\/rsk.podkauppa.fi\/sv\/tuote\/tufft-iphone-fodral\/\"]}]},{\"@type\":\"ImageObject\",\"inLanguage\":\"sv-SE\",\"@id\":\"https:\/\/rsk.podkauppa.fi\/sv\/tuote\/tufft-iphone-fodral\/#primaryimage\",\"url\":\"https:\/\/rsk.podkauppa.fi\/wp-content\/uploads\/2022\/10\/tough-iphone-case-matte-iphone-14-pro-max-front-635942f0b36f1.jpg\",\"contentUrl\":\"https:\/\/rsk.podkauppa.fi\/wp-content\/uploads\/2022\/10\/tough-iphone-case-matte-iphone-14-pro-max-front-635942f0b36f1.jpg\",\"width\":2000,\"height\":2000},{\"@type\":\"BreadcrumbList\",\"@id\":\"https:\/\/rsk.podkauppa.fi\/sv\/tuote\/tufft-iphone-fodral\/#breadcrumb\",\"itemListElement\":[{\"@type\":\"ListItem\",\"position\":1,\"name\":\"Etusivu\",\"item\":\"https:\/\/rsk.podkauppa.fi\/sv\/butik\/\"},{\"@type\":\"ListItem\",\"position\":2,\"name\":\"Butik\",\"item\":\"https:\/\/rsk.podkauppa.fi\/sv\/butik\/\"},{\"@type\":\"ListItem\",\"position\":3,\"name\":\"RSK | T\u00e5ligt iPhone-fodral\"}]},{\"@type\":\"WebSite\",\"@id\":\"https:\/\/rsk.podkauppa.fi\/sv\/#website\",\"url\":\"https:\/\/rsk.podkauppa.fi\/sv\/\",\"name\":\"Raseborgs segelklubb - rsk ry\",\"description\":\"Verkkokauppa\",\"publisher\":{\"@id\":\"https:\/\/rsk.podkauppa.fi\/sv\/#organization\"},\"potentialAction\":[{\"@type\":\"SearchAction\",\"target\":{\"@type\":\"EntryPoint\",\"urlTemplate\":\"https:\/\/rsk.podkauppa.fi\/sv\/?s={search_term_string}\"},\"query-input\":{\"@type\":\"PropertyValueSpecification\",\"valueRequired\":true,\"valueName\":\"search_term_string\"}}],\"inLanguage\":\"sv-SE\"},{\"@type\":\"Organization\",\"@id\":\"https:\/\/rsk.podkauppa.fi\/sv\/#organization\",\"name\":\"Raseborgs segelklubb - rsk ry\",\"url\":\"https:\/\/rsk.podkauppa.fi\/sv\/\",\"logo\":{\"@type\":\"ImageObject\",\"inLanguage\":\"sv-SE\",\"@id\":\"https:\/\/rsk.podkauppa.fi\/sv\/#\/schema\/logo\/image\/\",\"url\":\"https:\/\/rsk.podkauppa.fi\/wp-content\/uploads\/2022\/03\/cropped-seuranlippu.jpg\",\"contentUrl\":\"https:\/\/rsk.podkauppa.fi\/wp-content\/uploads\/2022\/03\/cropped-seuranlippu.jpg\",\"width\":130,\"height\":129,\"caption\":\"Raseborgs segelklubb - rsk ry\"},\"image\":{\"@id\":\"https:\/\/rsk.podkauppa.fi\/sv\/#\/schema\/logo\/image\/\"}}]}<\/script>\n<!-- \/ Yoast SEO plugin. -->","yoast_head_json":{"title":"RSK | T\u00e5ligt iPhone-fodral - Raseborgs segelklubb - rsk ry","robots":{"index":"noindex","follow":"follow","max-snippet":"max-snippet:-1","max-image-preview":"max-image-preview:large","max-video-preview":"max-video-preview:-1"},"og_locale":"sv_SE","og_type":"article","og_title":"RSK | T\u00e5ligt iPhone-fodral - Raseborgs segelklubb - rsk ry","og_description":"Skydda din telefon med stil med ett t\u00e5ligt fodral med dubbla lager. Ytterskalet \u00e4r tillverkat av slagt\u00e5lig polykarbonat, medan innerfodret har TPU-fodring f\u00f6r maximal st\u00f6td\u00e4mpning. H\u00e5ll din telefon modern och s\u00e4ker \u00e5ret runt! &#8211; Ytterskal i polykarbonat &#8211; Innerfoder i termoplastisk polyuretan TPU &#8211; Skydd i tv\u00e5 lager &#8211; Precisa port\u00f6ppningar &#8211; Kompatibel med induktionsladdning&hellip;&nbsp;L\u00e4s mer &raquo;RSK | T\u00e5ligt iPhone-fodral","og_url":"https:\/\/rsk.podkauppa.fi\/sv\/tuote\/tufft-iphone-fodral\/","og_site_name":"Raseborgs segelklubb - rsk ry","article_modified_time":"2024-09-27T13:37:15+00:00","og_image":[{"width":2000,"height":2000,"url":"https:\/\/rsk.podkauppa.fi\/wp-content\/uploads\/2022\/10\/tough-iphone-case-matte-iphone-14-pro-max-front-635942f0b36f1.jpg","type":"image\/jpeg"}],"twitter_card":"summary_large_image","twitter_misc":{"Ber\u00e4knad l\u00e4stid":"1 minut"},"schema":{"@context":"https:\/\/schema.org","@graph":[{"@type":"WebPage","@id":"https:\/\/rsk.podkauppa.fi\/sv\/tuote\/tufft-iphone-fodral\/","url":"https:\/\/rsk.podkauppa.fi\/sv\/tuote\/tufft-iphone-fodral\/","name":"RSK | T\u00e5ligt iPhone-fodral - Raseborgs segelklubb - rsk ry","isPartOf":{"@id":"https:\/\/rsk.podkauppa.fi\/sv\/#website"},"primaryImageOfPage":{"@id":"https:\/\/rsk.podkauppa.fi\/sv\/tuote\/tufft-iphone-fodral\/#primaryimage"},"image":{"@id":"https:\/\/rsk.podkauppa.fi\/sv\/tuote\/tufft-iphone-fodral\/#primaryimage"},"thumbnailUrl":"https:\/\/rsk.podkauppa.fi\/wp-content\/uploads\/2022\/10\/tough-iphone-case-matte-iphone-14-pro-max-front-635942f0b36f1.jpg","datePublished":"2022-10-26T14:23:57+00:00","dateModified":"2024-09-27T13:37:15+00:00","breadcrumb":{"@id":"https:\/\/rsk.podkauppa.fi\/sv\/tuote\/tufft-iphone-fodral\/#breadcrumb"},"inLanguage":"sv-SE","potentialAction":[{"@type":"ReadAction","target":["https:\/\/rsk.podkauppa.fi\/sv\/tuote\/tufft-iphone-fodral\/"]}]},{"@type":"ImageObject","inLanguage":"sv-SE","@id":"https:\/\/rsk.podkauppa.fi\/sv\/tuote\/tufft-iphone-fodral\/#primaryimage","url":"https:\/\/rsk.podkauppa.fi\/wp-content\/uploads\/2022\/10\/tough-iphone-case-matte-iphone-14-pro-max-front-635942f0b36f1.jpg","contentUrl":"https:\/\/rsk.podkauppa.fi\/wp-content\/uploads\/2022\/10\/tough-iphone-case-matte-iphone-14-pro-max-front-635942f0b36f1.jpg","width":2000,"height":2000},{"@type":"BreadcrumbList","@id":"https:\/\/rsk.podkauppa.fi\/sv\/tuote\/tufft-iphone-fodral\/#breadcrumb","itemListElement":[{"@type":"ListItem","position":1,"name":"Etusivu","item":"https:\/\/rsk.podkauppa.fi\/sv\/butik\/"},{"@type":"ListItem","position":2,"name":"Butik","item":"https:\/\/rsk.podkauppa.fi\/sv\/butik\/"},{"@type":"ListItem","position":3,"name":"RSK | T\u00e5ligt iPhone-fodral"}]},{"@type":"WebSite","@id":"https:\/\/rsk.podkauppa.fi\/sv\/#website","url":"https:\/\/rsk.podkauppa.fi\/sv\/","name":"Raseborgs segelklubb - rsk ry","description":"Verkkokauppa","publisher":{"@id":"https:\/\/rsk.podkauppa.fi\/sv\/#organization"},"potentialAction":[{"@type":"SearchAction","target":{"@type":"EntryPoint","urlTemplate":"https:\/\/rsk.podkauppa.fi\/sv\/?s={search_term_string}"},"query-input":{"@type":"PropertyValueSpecification","valueRequired":true,"valueName":"search_term_string"}}],"inLanguage":"sv-SE"},{"@type":"Organization","@id":"https:\/\/rsk.podkauppa.fi\/sv\/#organization","name":"Raseborgs segelklubb - rsk ry","url":"https:\/\/rsk.podkauppa.fi\/sv\/","logo":{"@type":"ImageObject","inLanguage":"sv-SE","@id":"https:\/\/rsk.podkauppa.fi\/sv\/#\/schema\/logo\/image\/","url":"https:\/\/rsk.podkauppa.fi\/wp-content\/uploads\/2022\/03\/cropped-seuranlippu.jpg","contentUrl":"https:\/\/rsk.podkauppa.fi\/wp-content\/uploads\/2022\/03\/cropped-seuranlippu.jpg","width":130,"height":129,"caption":"Raseborgs segelklubb - rsk ry"},"image":{"@id":"https:\/\/rsk.podkauppa.fi\/sv\/#\/schema\/logo\/image\/"}}]}},"jetpack_sharing_enabled":true,"_links":{"self":[{"href":"https:\/\/rsk.podkauppa.fi\/sv\/wp-json\/wp\/v2\/product\/829"}],"collection":[{"href":"https:\/\/rsk.podkauppa.fi\/sv\/wp-json\/wp\/v2\/product"}],"about":[{"href":"https:\/\/rsk.podkauppa.fi\/sv\/wp-json\/wp\/v2\/types\/product"}],"replies":[{"embeddable":true,"href":"https:\/\/rsk.podkauppa.fi\/sv\/wp-json\/wp\/v2\/comments?post=829"}],"wp:featuredmedia":[{"embeddable":true,"href":"https:\/\/rsk.podkauppa.fi\/sv\/wp-json\/wp\/v2\/media\/574"}],"wp:attachment":[{"href":"https:\/\/rsk.podkauppa.fi\/sv\/wp-json\/wp\/v2\/media?parent=829"}],"wp:term":[{"taxonomy":"product_cat","embeddable":true,"href":"https:\/\/rsk.podkauppa.fi\/sv\/wp-json\/wp\/v2\/product_cat?post=829"},{"taxonomy":"product_tag","embeddable":true,"href":"https:\/\/rsk.podkauppa.fi\/sv\/wp-json\/wp\/v2\/product_tag?post=829"}],"curies":[{"name":"wp","href":"https:\/\/api.w.org\/{rel}","templated":true}]}}