{"id":813,"date":"2022-11-01T12:55:58","date_gmt":"2022-11-01T12:55:58","guid":{"rendered":"https:\/\/rsk.podkauppa.fi\/tuote\/rsk-dufflevaska\/"},"modified":"2024-09-25T18:09:44","modified_gmt":"2024-09-25T18:09:44","slug":"rsk-duffle-vaska","status":"publish","type":"product","link":"https:\/\/rsk.podkauppa.fi\/sv\/tuote\/rsk-duffle-vaska\/","title":{"rendered":"RSK | Dufflev\u00e4ska"},"content":{"rendered":"<p>Denna duffelv\u00e4ska \u00e4r den perfekta f\u00f6ljeslagaren f\u00f6r alla tillf\u00e4llen &#8211; ta den med dig n\u00e4r du reser, g\u00f6r dagliga \u00e4renden eller g\u00e5r till gymmet. V\u00e4skan \u00e4r rymlig och h\u00e5ller alla dina saker prydliga och organiserade med sina m\u00e5nga fickor, inklusive en med dragkedja f\u00f6r dina mest v\u00e4rdefulla \u00e4godelar. Justera den vadderade axelremmen n\u00e4r v\u00e4skan hj\u00e4lper dig att b\u00e4ra tyngre saker, och forts\u00e4tt din dagliga runda utan bekymmer!<\/p>\n<p>  &#8211; 100% polyester med svart mellanl\u00e4gg<br \/>  &#8211; Tygvikt: 325 g\/m\u00b2 (9.56 oz\/yd\u00b2), vikten kan variera med 5%.<br \/>  &#8211; En storlek: 22\u2033 \u00d7 11,5\u2033 \u00d7 11,5\u2033  <br \/>  &#8211; T-r\u00f6r f\u00f6r stabilitet<br \/>  &#8211; Justerbar och avtagbar vadderad axelrem<br \/>  &#8211; Dubbla vadderade handtag med kardborreband f\u00f6r enkel transport<\/p>\n<p> &#8211; Sidoficka i mesh &#8211; Flera innerfickor &#8211; Blank produktkomponent fr\u00e5n Kina Denna produkt tillverkas speciellt f\u00f6r dig s\u00e5 snart du l\u00e4gger en best\u00e4llning, vilket \u00e4r anledningen till att det tar oss lite l\u00e4ngre tid att leverera den till dig. Att tillverka produkter p\u00e5 beg\u00e4ran ist\u00e4llet f\u00f6r i bulk bidrar till att minska \u00f6verproduktionen, s\u00e5 tack f\u00f6r att du fattar genomt\u00e4nkta k\u00f6pbeslut!<\/p>\n","protected":false},"excerpt":{"rendered":"<p>Denna duffelv\u00e4ska \u00e4r den perfekta f\u00f6ljeslagaren f\u00f6r alla tillf\u00e4llen &#8211; ta den med dig n\u00e4r du reser, g\u00f6r dagliga \u00e4renden eller g\u00e5r till gymmet. V\u00e4skan \u00e4r rymlig och h\u00e5ller alla dina saker prydliga och organiserade med sina m\u00e5nga fickor, inklusive en med dragkedja f\u00f6r dina mest v\u00e4rdefulla \u00e4godelar. Justera den vadderade axelremmen n\u00e4r v\u00e4skan hj\u00e4lper&hellip;&nbsp;<a href=\"https:\/\/rsk.podkauppa.fi\/sv\/tuote\/rsk-duffle-vaska\/\" rel=\"bookmark\">L\u00e4s mer &raquo;<span class=\"screen-reader-text\">RSK | Dufflev\u00e4ska<\/span><\/a><\/p>\n","protected":false},"featured_media":642,"comment_status":"open","ping_status":"closed","template":"","meta":{"neve_meta_sidebar":"","neve_meta_container":"","neve_meta_enable_content_width":"","neve_meta_content_width":0,"neve_meta_title_alignment":"","neve_meta_author_avatar":"","neve_post_elements_order":"","neve_meta_disable_header":"","neve_meta_disable_footer":"","neve_meta_disable_title":""},"product_cat":[95],"product_tag":[],"class_list":{"0":"post-813","1":"product","2":"type-product","3":"status-publish","4":"has-post-thumbnail","6":"product_cat-allmant","8":"first","9":"instock","10":"taxable","11":"shipping-taxable","12":"purchasable","13":"product-type-simple"},"yoast_head":"<!-- This site is optimized with the Yoast SEO plugin v23.9 - https:\/\/yoast.com\/wordpress\/plugins\/seo\/ -->\n<title>RSK | Dufflev\u00e4ska - Raseborgs segelklubb - rsk ry<\/title>\n<meta name=\"robots\" content=\"noindex, follow, max-snippet:-1, max-image-preview:large, max-video-preview:-1\" \/>\n<meta property=\"og:locale\" content=\"sv_SE\" \/>\n<meta property=\"og:type\" content=\"article\" \/>\n<meta property=\"og:title\" content=\"RSK | Dufflev\u00e4ska - Raseborgs segelklubb - rsk ry\" \/>\n<meta property=\"og:description\" content=\"Denna duffelv\u00e4ska \u00e4r den perfekta f\u00f6ljeslagaren f\u00f6r alla tillf\u00e4llen &#8211; ta den med dig n\u00e4r du reser, g\u00f6r dagliga \u00e4renden eller g\u00e5r till gymmet. V\u00e4skan \u00e4r rymlig och h\u00e5ller alla dina saker prydliga och organiserade med sina m\u00e5nga fickor, inklusive en med dragkedja f\u00f6r dina mest v\u00e4rdefulla \u00e4godelar. Justera den vadderade axelremmen n\u00e4r v\u00e4skan hj\u00e4lper&hellip;&nbsp;L\u00e4s mer &raquo;RSK | Dufflev\u00e4ska\" \/>\n<meta property=\"og:url\" content=\"https:\/\/rsk.podkauppa.fi\/sv\/tuote\/rsk-duffle-vaska\/\" \/>\n<meta property=\"og:site_name\" content=\"Raseborgs segelklubb - rsk ry\" \/>\n<meta property=\"article:modified_time\" content=\"2024-09-25T18:09:44+00:00\" \/>\n<meta property=\"og:image\" content=\"https:\/\/rsk.podkauppa.fi\/wp-content\/uploads\/2022\/11\/all-over-print-duffle-bag-white-right-front-63611749b285e.jpg\" \/>\n\t<meta property=\"og:image:width\" content=\"2000\" \/>\n\t<meta property=\"og:image:height\" content=\"2000\" \/>\n\t<meta property=\"og:image:type\" content=\"image\/jpeg\" \/>\n<meta name=\"twitter:card\" content=\"summary_large_image\" \/>\n<meta name=\"twitter:label1\" content=\"Ber\u00e4knad l\u00e4stid\" \/>\n\t<meta name=\"twitter:data1\" content=\"1 minut\" \/>\n<script type=\"application\/ld+json\" class=\"yoast-schema-graph\">{\"@context\":\"https:\/\/schema.org\",\"@graph\":[{\"@type\":\"WebPage\",\"@id\":\"https:\/\/rsk.podkauppa.fi\/sv\/tuote\/rsk-duffle-vaska\/\",\"url\":\"https:\/\/rsk.podkauppa.fi\/sv\/tuote\/rsk-duffle-vaska\/\",\"name\":\"RSK | Dufflev\u00e4ska - Raseborgs segelklubb - rsk ry\",\"isPartOf\":{\"@id\":\"https:\/\/rsk.podkauppa.fi\/sv\/#website\"},\"primaryImageOfPage\":{\"@id\":\"https:\/\/rsk.podkauppa.fi\/sv\/tuote\/rsk-duffle-vaska\/#primaryimage\"},\"image\":{\"@id\":\"https:\/\/rsk.podkauppa.fi\/sv\/tuote\/rsk-duffle-vaska\/#primaryimage\"},\"thumbnailUrl\":\"https:\/\/rsk.podkauppa.fi\/wp-content\/uploads\/2022\/11\/all-over-print-duffle-bag-white-right-front-63611749b285e.jpg\",\"datePublished\":\"2022-11-01T12:55:58+00:00\",\"dateModified\":\"2024-09-25T18:09:44+00:00\",\"breadcrumb\":{\"@id\":\"https:\/\/rsk.podkauppa.fi\/sv\/tuote\/rsk-duffle-vaska\/#breadcrumb\"},\"inLanguage\":\"sv-SE\",\"potentialAction\":[{\"@type\":\"ReadAction\",\"target\":[\"https:\/\/rsk.podkauppa.fi\/sv\/tuote\/rsk-duffle-vaska\/\"]}]},{\"@type\":\"ImageObject\",\"inLanguage\":\"sv-SE\",\"@id\":\"https:\/\/rsk.podkauppa.fi\/sv\/tuote\/rsk-duffle-vaska\/#primaryimage\",\"url\":\"https:\/\/rsk.podkauppa.fi\/wp-content\/uploads\/2022\/11\/all-over-print-duffle-bag-white-right-front-63611749b285e.jpg\",\"contentUrl\":\"https:\/\/rsk.podkauppa.fi\/wp-content\/uploads\/2022\/11\/all-over-print-duffle-bag-white-right-front-63611749b285e.jpg\",\"width\":2000,\"height\":2000},{\"@type\":\"BreadcrumbList\",\"@id\":\"https:\/\/rsk.podkauppa.fi\/sv\/tuote\/rsk-duffle-vaska\/#breadcrumb\",\"itemListElement\":[{\"@type\":\"ListItem\",\"position\":1,\"name\":\"Etusivu\",\"item\":\"https:\/\/rsk.podkauppa.fi\/sv\/butik\/\"},{\"@type\":\"ListItem\",\"position\":2,\"name\":\"Butik\",\"item\":\"https:\/\/rsk.podkauppa.fi\/sv\/butik\/\"},{\"@type\":\"ListItem\",\"position\":3,\"name\":\"RSK | Dufflev\u00e4ska\"}]},{\"@type\":\"WebSite\",\"@id\":\"https:\/\/rsk.podkauppa.fi\/sv\/#website\",\"url\":\"https:\/\/rsk.podkauppa.fi\/sv\/\",\"name\":\"Raseborgs segelklubb - rsk ry\",\"description\":\"Verkkokauppa\",\"publisher\":{\"@id\":\"https:\/\/rsk.podkauppa.fi\/sv\/#organization\"},\"potentialAction\":[{\"@type\":\"SearchAction\",\"target\":{\"@type\":\"EntryPoint\",\"urlTemplate\":\"https:\/\/rsk.podkauppa.fi\/sv\/?s={search_term_string}\"},\"query-input\":{\"@type\":\"PropertyValueSpecification\",\"valueRequired\":true,\"valueName\":\"search_term_string\"}}],\"inLanguage\":\"sv-SE\"},{\"@type\":\"Organization\",\"@id\":\"https:\/\/rsk.podkauppa.fi\/sv\/#organization\",\"name\":\"Raseborgs segelklubb - rsk ry\",\"url\":\"https:\/\/rsk.podkauppa.fi\/sv\/\",\"logo\":{\"@type\":\"ImageObject\",\"inLanguage\":\"sv-SE\",\"@id\":\"https:\/\/rsk.podkauppa.fi\/sv\/#\/schema\/logo\/image\/\",\"url\":\"https:\/\/rsk.podkauppa.fi\/wp-content\/uploads\/2022\/03\/cropped-seuranlippu.jpg\",\"contentUrl\":\"https:\/\/rsk.podkauppa.fi\/wp-content\/uploads\/2022\/03\/cropped-seuranlippu.jpg\",\"width\":130,\"height\":129,\"caption\":\"Raseborgs segelklubb - rsk ry\"},\"image\":{\"@id\":\"https:\/\/rsk.podkauppa.fi\/sv\/#\/schema\/logo\/image\/\"}}]}<\/script>\n<!-- \/ Yoast SEO plugin. -->","yoast_head_json":{"title":"RSK | Dufflev\u00e4ska - Raseborgs segelklubb - rsk ry","robots":{"index":"noindex","follow":"follow","max-snippet":"max-snippet:-1","max-image-preview":"max-image-preview:large","max-video-preview":"max-video-preview:-1"},"og_locale":"sv_SE","og_type":"article","og_title":"RSK | Dufflev\u00e4ska - Raseborgs segelklubb - rsk ry","og_description":"Denna duffelv\u00e4ska \u00e4r den perfekta f\u00f6ljeslagaren f\u00f6r alla tillf\u00e4llen &#8211; ta den med dig n\u00e4r du reser, g\u00f6r dagliga \u00e4renden eller g\u00e5r till gymmet. V\u00e4skan \u00e4r rymlig och h\u00e5ller alla dina saker prydliga och organiserade med sina m\u00e5nga fickor, inklusive en med dragkedja f\u00f6r dina mest v\u00e4rdefulla \u00e4godelar. Justera den vadderade axelremmen n\u00e4r v\u00e4skan hj\u00e4lper&hellip;&nbsp;L\u00e4s mer &raquo;RSK | Dufflev\u00e4ska","og_url":"https:\/\/rsk.podkauppa.fi\/sv\/tuote\/rsk-duffle-vaska\/","og_site_name":"Raseborgs segelklubb - rsk ry","article_modified_time":"2024-09-25T18:09:44+00:00","og_image":[{"width":2000,"height":2000,"url":"https:\/\/rsk.podkauppa.fi\/wp-content\/uploads\/2022\/11\/all-over-print-duffle-bag-white-right-front-63611749b285e.jpg","type":"image\/jpeg"}],"twitter_card":"summary_large_image","twitter_misc":{"Ber\u00e4knad l\u00e4stid":"1 minut"},"schema":{"@context":"https:\/\/schema.org","@graph":[{"@type":"WebPage","@id":"https:\/\/rsk.podkauppa.fi\/sv\/tuote\/rsk-duffle-vaska\/","url":"https:\/\/rsk.podkauppa.fi\/sv\/tuote\/rsk-duffle-vaska\/","name":"RSK | Dufflev\u00e4ska - Raseborgs segelklubb - rsk ry","isPartOf":{"@id":"https:\/\/rsk.podkauppa.fi\/sv\/#website"},"primaryImageOfPage":{"@id":"https:\/\/rsk.podkauppa.fi\/sv\/tuote\/rsk-duffle-vaska\/#primaryimage"},"image":{"@id":"https:\/\/rsk.podkauppa.fi\/sv\/tuote\/rsk-duffle-vaska\/#primaryimage"},"thumbnailUrl":"https:\/\/rsk.podkauppa.fi\/wp-content\/uploads\/2022\/11\/all-over-print-duffle-bag-white-right-front-63611749b285e.jpg","datePublished":"2022-11-01T12:55:58+00:00","dateModified":"2024-09-25T18:09:44+00:00","breadcrumb":{"@id":"https:\/\/rsk.podkauppa.fi\/sv\/tuote\/rsk-duffle-vaska\/#breadcrumb"},"inLanguage":"sv-SE","potentialAction":[{"@type":"ReadAction","target":["https:\/\/rsk.podkauppa.fi\/sv\/tuote\/rsk-duffle-vaska\/"]}]},{"@type":"ImageObject","inLanguage":"sv-SE","@id":"https:\/\/rsk.podkauppa.fi\/sv\/tuote\/rsk-duffle-vaska\/#primaryimage","url":"https:\/\/rsk.podkauppa.fi\/wp-content\/uploads\/2022\/11\/all-over-print-duffle-bag-white-right-front-63611749b285e.jpg","contentUrl":"https:\/\/rsk.podkauppa.fi\/wp-content\/uploads\/2022\/11\/all-over-print-duffle-bag-white-right-front-63611749b285e.jpg","width":2000,"height":2000},{"@type":"BreadcrumbList","@id":"https:\/\/rsk.podkauppa.fi\/sv\/tuote\/rsk-duffle-vaska\/#breadcrumb","itemListElement":[{"@type":"ListItem","position":1,"name":"Etusivu","item":"https:\/\/rsk.podkauppa.fi\/sv\/butik\/"},{"@type":"ListItem","position":2,"name":"Butik","item":"https:\/\/rsk.podkauppa.fi\/sv\/butik\/"},{"@type":"ListItem","position":3,"name":"RSK | Dufflev\u00e4ska"}]},{"@type":"WebSite","@id":"https:\/\/rsk.podkauppa.fi\/sv\/#website","url":"https:\/\/rsk.podkauppa.fi\/sv\/","name":"Raseborgs segelklubb - rsk ry","description":"Verkkokauppa","publisher":{"@id":"https:\/\/rsk.podkauppa.fi\/sv\/#organization"},"potentialAction":[{"@type":"SearchAction","target":{"@type":"EntryPoint","urlTemplate":"https:\/\/rsk.podkauppa.fi\/sv\/?s={search_term_string}"},"query-input":{"@type":"PropertyValueSpecification","valueRequired":true,"valueName":"search_term_string"}}],"inLanguage":"sv-SE"},{"@type":"Organization","@id":"https:\/\/rsk.podkauppa.fi\/sv\/#organization","name":"Raseborgs segelklubb - rsk ry","url":"https:\/\/rsk.podkauppa.fi\/sv\/","logo":{"@type":"ImageObject","inLanguage":"sv-SE","@id":"https:\/\/rsk.podkauppa.fi\/sv\/#\/schema\/logo\/image\/","url":"https:\/\/rsk.podkauppa.fi\/wp-content\/uploads\/2022\/03\/cropped-seuranlippu.jpg","contentUrl":"https:\/\/rsk.podkauppa.fi\/wp-content\/uploads\/2022\/03\/cropped-seuranlippu.jpg","width":130,"height":129,"caption":"Raseborgs segelklubb - rsk ry"},"image":{"@id":"https:\/\/rsk.podkauppa.fi\/sv\/#\/schema\/logo\/image\/"}}]}},"jetpack_sharing_enabled":true,"_links":{"self":[{"href":"https:\/\/rsk.podkauppa.fi\/sv\/wp-json\/wp\/v2\/product\/813"}],"collection":[{"href":"https:\/\/rsk.podkauppa.fi\/sv\/wp-json\/wp\/v2\/product"}],"about":[{"href":"https:\/\/rsk.podkauppa.fi\/sv\/wp-json\/wp\/v2\/types\/product"}],"replies":[{"embeddable":true,"href":"https:\/\/rsk.podkauppa.fi\/sv\/wp-json\/wp\/v2\/comments?post=813"}],"wp:featuredmedia":[{"embeddable":true,"href":"https:\/\/rsk.podkauppa.fi\/sv\/wp-json\/wp\/v2\/media\/642"}],"wp:attachment":[{"href":"https:\/\/rsk.podkauppa.fi\/sv\/wp-json\/wp\/v2\/media?parent=813"}],"wp:term":[{"taxonomy":"product_cat","embeddable":true,"href":"https:\/\/rsk.podkauppa.fi\/sv\/wp-json\/wp\/v2\/product_cat?post=813"},{"taxonomy":"product_tag","embeddable":true,"href":"https:\/\/rsk.podkauppa.fi\/sv\/wp-json\/wp\/v2\/product_tag?post=813"}],"curies":[{"name":"wp","href":"https:\/\/api.w.org\/{rel}","templated":true}]}}