{"id":802,"date":"2022-10-31T10:02:41","date_gmt":"2022-10-31T10:02:41","guid":{"rendered":"https:\/\/rsk.podkauppa.fi\/tuote\/rsk-fodral-for-barbar-dator\/"},"modified":"2022-10-31T10:02:41","modified_gmt":"2022-10-31T10:02:41","slug":"rsk-laptop-hylsa","status":"publish","type":"product","link":"https:\/\/rsk.podkauppa.fi\/sv\/tuote\/rsk-laptop-hylsa\/","title":{"rendered":"RSK | Fodral f\u00f6r b\u00e4rbar dator"},"content":{"rendered":"<p>Skydda din b\u00e4rbara dator med stil &#8211; skaffa detta smidiga och l\u00e4tta fodral! F\u00f6r att f\u00f6rhindra repor har den en inv\u00e4ndig vadderad dragkedja och insidan \u00e4r helt fodrad med fuskp\u00e4ls. Dessutom \u00e4r det tillverkat av ett material som \u00e4r motst\u00e5ndskraftigt mot vatten, olja och v\u00e4rme, s\u00e5 att ditt laptopfodral ser lika snyggt ut som du alla dagar i veckan!<\/p>\n<p>&#8211; 100% neopren<br \/>\n&#8211; 13\u2033 hylsa vikt: 6,49 oz (220 g)<br \/>\n&#8211; 15\u2033 hylsa vikt: 8,8 oz (250 g)<br \/>\n&#8211; L\u00e4tt och motst\u00e5ndskraftig mot vatten, olja och v\u00e4rme<br \/>\n&#8211; T\u00e4t passform<br \/>\n&#8211; Inv\u00e4ndigt foder i fuskp\u00e4ls<br \/>\n&#8211; Dragkedjef\u00f6rsedd topplastningsficka med tv\u00e5 reglage<br \/>\n&#8211; Vadderad dragkedja<br \/>\n&#8211; Blank produkt med ursprung i Kina<\/p>\n<p>Denna produkt tillverkas speciellt f\u00f6r dig s\u00e5 snart du g\u00f6r en best\u00e4llning, vilket \u00e4r anledningen till att det tar oss lite l\u00e4ngre tid att leverera den till dig. Att tillverka produkter p\u00e5 beg\u00e4ran ist\u00e4llet f\u00f6r i bulk bidrar till att minska \u00f6verproduktionen, s\u00e5 tack f\u00f6r att du fattar genomt\u00e4nkta k\u00f6pbeslut!<\/p>\n","protected":false},"excerpt":{"rendered":"<p>Skydda din b\u00e4rbara dator med stil &#8211; skaffa detta smidiga och l\u00e4tta fodral! F\u00f6r att f\u00f6rhindra repor har den en inv\u00e4ndig vadderad dragkedja och insidan \u00e4r helt fodrad med fuskp\u00e4ls. Dessutom \u00e4r det tillverkat av ett material som \u00e4r motst\u00e5ndskraftigt mot vatten, olja och v\u00e4rme, s\u00e5 att ditt laptopfodral ser lika snyggt ut som du&hellip;&nbsp;<a href=\"https:\/\/rsk.podkauppa.fi\/sv\/tuote\/rsk-laptop-hylsa\/\" rel=\"bookmark\">L\u00e4s mer &raquo;<span class=\"screen-reader-text\">RSK | Fodral f\u00f6r b\u00e4rbar dator<\/span><\/a><\/p>\n","protected":false},"featured_media":638,"comment_status":"open","ping_status":"closed","template":"","meta":{"neve_meta_sidebar":"","neve_meta_container":"","neve_meta_enable_content_width":"","neve_meta_content_width":0,"neve_meta_title_alignment":"","neve_meta_author_avatar":"","neve_post_elements_order":"","neve_meta_disable_header":"","neve_meta_disable_footer":"","neve_meta_disable_title":""},"product_cat":[95],"product_tag":[],"class_list":{"0":"post-802","1":"product","2":"type-product","3":"status-publish","4":"has-post-thumbnail","6":"product_cat-allmant","8":"first","9":"instock","10":"taxable","11":"shipping-taxable","12":"purchasable","13":"product-type-variable"},"yoast_head":"<!-- This site is optimized with the Yoast SEO plugin v23.9 - https:\/\/yoast.com\/wordpress\/plugins\/seo\/ -->\n<title>RSK | Fodral f\u00f6r b\u00e4rbar dator - Raseborgs segelklubb - rsk ry<\/title>\n<meta name=\"robots\" content=\"noindex, follow, max-snippet:-1, max-image-preview:large, max-video-preview:-1\" \/>\n<meta property=\"og:locale\" content=\"sv_SE\" \/>\n<meta property=\"og:type\" content=\"article\" \/>\n<meta property=\"og:title\" content=\"RSK | Fodral f\u00f6r b\u00e4rbar dator - Raseborgs segelklubb - rsk ry\" \/>\n<meta property=\"og:description\" content=\"Skydda din b\u00e4rbara dator med stil &#8211; skaffa detta smidiga och l\u00e4tta fodral! F\u00f6r att f\u00f6rhindra repor har den en inv\u00e4ndig vadderad dragkedja och insidan \u00e4r helt fodrad med fuskp\u00e4ls. Dessutom \u00e4r det tillverkat av ett material som \u00e4r motst\u00e5ndskraftigt mot vatten, olja och v\u00e4rme, s\u00e5 att ditt laptopfodral ser lika snyggt ut som du&hellip;&nbsp;L\u00e4s mer &raquo;RSK | Fodral f\u00f6r b\u00e4rbar dator\" \/>\n<meta property=\"og:url\" content=\"https:\/\/rsk.podkauppa.fi\/sv\/tuote\/rsk-laptop-hylsa\/\" \/>\n<meta property=\"og:site_name\" content=\"Raseborgs segelklubb - rsk ry\" \/>\n<meta name=\"twitter:card\" content=\"summary_large_image\" \/>\n<meta name=\"twitter:label1\" content=\"Ber\u00e4knad l\u00e4stid\" \/>\n\t<meta name=\"twitter:data1\" content=\"1 minut\" \/>\n<script type=\"application\/ld+json\" class=\"yoast-schema-graph\">{\"@context\":\"https:\/\/schema.org\",\"@graph\":[{\"@type\":\"WebPage\",\"@id\":\"https:\/\/rsk.podkauppa.fi\/sv\/tuote\/rsk-laptop-hylsa\/\",\"url\":\"https:\/\/rsk.podkauppa.fi\/sv\/tuote\/rsk-laptop-hylsa\/\",\"name\":\"RSK | Fodral f\u00f6r b\u00e4rbar dator - Raseborgs segelklubb - rsk ry\",\"isPartOf\":{\"@id\":\"https:\/\/rsk.podkauppa.fi\/sv\/#website\"},\"primaryImageOfPage\":{\"@id\":\"https:\/\/rsk.podkauppa.fi\/sv\/tuote\/rsk-laptop-hylsa\/#primaryimage\"},\"image\":{\"@id\":\"https:\/\/rsk.podkauppa.fi\/sv\/tuote\/rsk-laptop-hylsa\/#primaryimage\"},\"thumbnailUrl\":\"https:\/\/rsk.podkauppa.fi\/wp-content\/uploads\/2022\/10\/laptop-sleeve-15-front-635f9d2d0a5d1.jpg\",\"datePublished\":\"2022-10-31T10:02:41+00:00\",\"dateModified\":\"2022-10-31T10:02:41+00:00\",\"breadcrumb\":{\"@id\":\"https:\/\/rsk.podkauppa.fi\/sv\/tuote\/rsk-laptop-hylsa\/#breadcrumb\"},\"inLanguage\":\"sv-SE\",\"potentialAction\":[{\"@type\":\"ReadAction\",\"target\":[\"https:\/\/rsk.podkauppa.fi\/sv\/tuote\/rsk-laptop-hylsa\/\"]}]},{\"@type\":\"ImageObject\",\"inLanguage\":\"sv-SE\",\"@id\":\"https:\/\/rsk.podkauppa.fi\/sv\/tuote\/rsk-laptop-hylsa\/#primaryimage\",\"url\":\"https:\/\/rsk.podkauppa.fi\/wp-content\/uploads\/2022\/10\/laptop-sleeve-15-front-635f9d2d0a5d1.jpg\",\"contentUrl\":\"https:\/\/rsk.podkauppa.fi\/wp-content\/uploads\/2022\/10\/laptop-sleeve-15-front-635f9d2d0a5d1.jpg\",\"width\":2000,\"height\":2000},{\"@type\":\"BreadcrumbList\",\"@id\":\"https:\/\/rsk.podkauppa.fi\/sv\/tuote\/rsk-laptop-hylsa\/#breadcrumb\",\"itemListElement\":[{\"@type\":\"ListItem\",\"position\":1,\"name\":\"Etusivu\",\"item\":\"https:\/\/rsk.podkauppa.fi\/sv\/butik\/\"},{\"@type\":\"ListItem\",\"position\":2,\"name\":\"Butik\",\"item\":\"https:\/\/rsk.podkauppa.fi\/sv\/butik\/\"},{\"@type\":\"ListItem\",\"position\":3,\"name\":\"RSK | Fodral f\u00f6r b\u00e4rbar dator\"}]},{\"@type\":\"WebSite\",\"@id\":\"https:\/\/rsk.podkauppa.fi\/sv\/#website\",\"url\":\"https:\/\/rsk.podkauppa.fi\/sv\/\",\"name\":\"Raseborgs segelklubb - rsk ry\",\"description\":\"Verkkokauppa\",\"publisher\":{\"@id\":\"https:\/\/rsk.podkauppa.fi\/sv\/#organization\"},\"potentialAction\":[{\"@type\":\"SearchAction\",\"target\":{\"@type\":\"EntryPoint\",\"urlTemplate\":\"https:\/\/rsk.podkauppa.fi\/sv\/?s={search_term_string}\"},\"query-input\":{\"@type\":\"PropertyValueSpecification\",\"valueRequired\":true,\"valueName\":\"search_term_string\"}}],\"inLanguage\":\"sv-SE\"},{\"@type\":\"Organization\",\"@id\":\"https:\/\/rsk.podkauppa.fi\/sv\/#organization\",\"name\":\"Raseborgs segelklubb - rsk ry\",\"url\":\"https:\/\/rsk.podkauppa.fi\/sv\/\",\"logo\":{\"@type\":\"ImageObject\",\"inLanguage\":\"sv-SE\",\"@id\":\"https:\/\/rsk.podkauppa.fi\/sv\/#\/schema\/logo\/image\/\",\"url\":\"https:\/\/rsk.podkauppa.fi\/wp-content\/uploads\/2022\/03\/cropped-seuranlippu.jpg\",\"contentUrl\":\"https:\/\/rsk.podkauppa.fi\/wp-content\/uploads\/2022\/03\/cropped-seuranlippu.jpg\",\"width\":130,\"height\":129,\"caption\":\"Raseborgs segelklubb - rsk ry\"},\"image\":{\"@id\":\"https:\/\/rsk.podkauppa.fi\/sv\/#\/schema\/logo\/image\/\"}}]}<\/script>\n<!-- \/ Yoast SEO plugin. -->","yoast_head_json":{"title":"RSK | Fodral f\u00f6r b\u00e4rbar dator - Raseborgs segelklubb - rsk ry","robots":{"index":"noindex","follow":"follow","max-snippet":"max-snippet:-1","max-image-preview":"max-image-preview:large","max-video-preview":"max-video-preview:-1"},"og_locale":"sv_SE","og_type":"article","og_title":"RSK | Fodral f\u00f6r b\u00e4rbar dator - Raseborgs segelklubb - rsk ry","og_description":"Skydda din b\u00e4rbara dator med stil &#8211; skaffa detta smidiga och l\u00e4tta fodral! F\u00f6r att f\u00f6rhindra repor har den en inv\u00e4ndig vadderad dragkedja och insidan \u00e4r helt fodrad med fuskp\u00e4ls. Dessutom \u00e4r det tillverkat av ett material som \u00e4r motst\u00e5ndskraftigt mot vatten, olja och v\u00e4rme, s\u00e5 att ditt laptopfodral ser lika snyggt ut som du&hellip;&nbsp;L\u00e4s mer &raquo;RSK | Fodral f\u00f6r b\u00e4rbar dator","og_url":"https:\/\/rsk.podkauppa.fi\/sv\/tuote\/rsk-laptop-hylsa\/","og_site_name":"Raseborgs segelklubb - rsk ry","twitter_card":"summary_large_image","twitter_misc":{"Ber\u00e4knad l\u00e4stid":"1 minut"},"schema":{"@context":"https:\/\/schema.org","@graph":[{"@type":"WebPage","@id":"https:\/\/rsk.podkauppa.fi\/sv\/tuote\/rsk-laptop-hylsa\/","url":"https:\/\/rsk.podkauppa.fi\/sv\/tuote\/rsk-laptop-hylsa\/","name":"RSK | Fodral f\u00f6r b\u00e4rbar dator - Raseborgs segelklubb - rsk ry","isPartOf":{"@id":"https:\/\/rsk.podkauppa.fi\/sv\/#website"},"primaryImageOfPage":{"@id":"https:\/\/rsk.podkauppa.fi\/sv\/tuote\/rsk-laptop-hylsa\/#primaryimage"},"image":{"@id":"https:\/\/rsk.podkauppa.fi\/sv\/tuote\/rsk-laptop-hylsa\/#primaryimage"},"thumbnailUrl":"https:\/\/rsk.podkauppa.fi\/wp-content\/uploads\/2022\/10\/laptop-sleeve-15-front-635f9d2d0a5d1.jpg","datePublished":"2022-10-31T10:02:41+00:00","dateModified":"2022-10-31T10:02:41+00:00","breadcrumb":{"@id":"https:\/\/rsk.podkauppa.fi\/sv\/tuote\/rsk-laptop-hylsa\/#breadcrumb"},"inLanguage":"sv-SE","potentialAction":[{"@type":"ReadAction","target":["https:\/\/rsk.podkauppa.fi\/sv\/tuote\/rsk-laptop-hylsa\/"]}]},{"@type":"ImageObject","inLanguage":"sv-SE","@id":"https:\/\/rsk.podkauppa.fi\/sv\/tuote\/rsk-laptop-hylsa\/#primaryimage","url":"https:\/\/rsk.podkauppa.fi\/wp-content\/uploads\/2022\/10\/laptop-sleeve-15-front-635f9d2d0a5d1.jpg","contentUrl":"https:\/\/rsk.podkauppa.fi\/wp-content\/uploads\/2022\/10\/laptop-sleeve-15-front-635f9d2d0a5d1.jpg","width":2000,"height":2000},{"@type":"BreadcrumbList","@id":"https:\/\/rsk.podkauppa.fi\/sv\/tuote\/rsk-laptop-hylsa\/#breadcrumb","itemListElement":[{"@type":"ListItem","position":1,"name":"Etusivu","item":"https:\/\/rsk.podkauppa.fi\/sv\/butik\/"},{"@type":"ListItem","position":2,"name":"Butik","item":"https:\/\/rsk.podkauppa.fi\/sv\/butik\/"},{"@type":"ListItem","position":3,"name":"RSK | Fodral f\u00f6r b\u00e4rbar dator"}]},{"@type":"WebSite","@id":"https:\/\/rsk.podkauppa.fi\/sv\/#website","url":"https:\/\/rsk.podkauppa.fi\/sv\/","name":"Raseborgs segelklubb - rsk ry","description":"Verkkokauppa","publisher":{"@id":"https:\/\/rsk.podkauppa.fi\/sv\/#organization"},"potentialAction":[{"@type":"SearchAction","target":{"@type":"EntryPoint","urlTemplate":"https:\/\/rsk.podkauppa.fi\/sv\/?s={search_term_string}"},"query-input":{"@type":"PropertyValueSpecification","valueRequired":true,"valueName":"search_term_string"}}],"inLanguage":"sv-SE"},{"@type":"Organization","@id":"https:\/\/rsk.podkauppa.fi\/sv\/#organization","name":"Raseborgs segelklubb - rsk ry","url":"https:\/\/rsk.podkauppa.fi\/sv\/","logo":{"@type":"ImageObject","inLanguage":"sv-SE","@id":"https:\/\/rsk.podkauppa.fi\/sv\/#\/schema\/logo\/image\/","url":"https:\/\/rsk.podkauppa.fi\/wp-content\/uploads\/2022\/03\/cropped-seuranlippu.jpg","contentUrl":"https:\/\/rsk.podkauppa.fi\/wp-content\/uploads\/2022\/03\/cropped-seuranlippu.jpg","width":130,"height":129,"caption":"Raseborgs segelklubb - rsk ry"},"image":{"@id":"https:\/\/rsk.podkauppa.fi\/sv\/#\/schema\/logo\/image\/"}}]}},"jetpack_sharing_enabled":true,"_links":{"self":[{"href":"https:\/\/rsk.podkauppa.fi\/sv\/wp-json\/wp\/v2\/product\/802"}],"collection":[{"href":"https:\/\/rsk.podkauppa.fi\/sv\/wp-json\/wp\/v2\/product"}],"about":[{"href":"https:\/\/rsk.podkauppa.fi\/sv\/wp-json\/wp\/v2\/types\/product"}],"replies":[{"embeddable":true,"href":"https:\/\/rsk.podkauppa.fi\/sv\/wp-json\/wp\/v2\/comments?post=802"}],"wp:featuredmedia":[{"embeddable":true,"href":"https:\/\/rsk.podkauppa.fi\/sv\/wp-json\/wp\/v2\/media\/638"}],"wp:attachment":[{"href":"https:\/\/rsk.podkauppa.fi\/sv\/wp-json\/wp\/v2\/media?parent=802"}],"wp:term":[{"taxonomy":"product_cat","embeddable":true,"href":"https:\/\/rsk.podkauppa.fi\/sv\/wp-json\/wp\/v2\/product_cat?post=802"},{"taxonomy":"product_tag","embeddable":true,"href":"https:\/\/rsk.podkauppa.fi\/sv\/wp-json\/wp\/v2\/product_tag?post=802"}],"curies":[{"name":"wp","href":"https:\/\/api.w.org\/{rel}","templated":true}]}}