{"id":744,"date":"2022-10-28T12:46:52","date_gmt":"2022-10-28T12:46:52","guid":{"rendered":"https:\/\/rsk.podkauppa.fi\/tuote\/rsk-badklader-for-man\/"},"modified":"2022-10-28T12:46:52","modified_gmt":"2022-10-28T12:46:52","slug":"badbyxor-for-herrar","status":"publish","type":"product","link":"https:\/\/rsk.podkauppa.fi\/sv\/tuote\/badbyxor-for-herrar\/","title":{"rendered":"RSK | Badkl\u00e4der f\u00f6r m\u00e4n"},"content":{"rendered":"<p>De h\u00e4r badbyxorna har allt du beh\u00f6ver f\u00f6r en varm sommardag &#8211; de \u00e4r snabbtorkande och andas, har flera fickor f\u00f6r dina tillh\u00f6righeter och ett silkeslent innerfoder som motverkar skav. K\u00f6p din nu!<br \/>\n&#8211; Tygkomposition: (kan variera 5%) 91% \u00e5tervunnen polyester, 9% spandex<br \/>\n&#8211; Foderkomposition: 92% polyester, 8% spandex<br \/>\n&#8211; Tygvikt (kan variera med 5%): 5,13 oz\/yd\u00b2 (174 g\/m\u00b2)  <br \/>\n&#8211; Vattenavvisande mikrofiberv\u00e4v med fyrv\u00e4gsstretch<br \/>\n&#8211; Innerfoder i mesh med anti-chafe-funktion<br \/>\n&#8211; Elastisk midjeres\u00e5r med dragsko<br \/>\n&#8211; Fickor i n\u00e4t<br \/>\n&#8211; Liten innerficka f\u00f6r v\u00e4rdesaker<br \/>\n&#8211; UPF 50+<br \/>\nDenna produkt tillverkas speciellt f\u00f6r dig s\u00e5 snart du g\u00f6r en best\u00e4llning, vilket \u00e4r anledningen till att det tar oss lite l\u00e4ngre tid att leverera den till dig. Att tillverka produkter p\u00e5 beg\u00e4ran ist\u00e4llet f\u00f6r i bulk bidrar till att minska \u00f6verproduktionen, s\u00e5 tack f\u00f6r att du fattar genomt\u00e4nkta k\u00f6pbeslut!<\/p>\n","protected":false},"excerpt":{"rendered":"<p>De h\u00e4r badbyxorna har allt du beh\u00f6ver f\u00f6r en varm sommardag &#8211; de \u00e4r snabbtorkande och andas, har flera fickor f\u00f6r dina tillh\u00f6righeter och ett silkeslent innerfoder som motverkar skav. K\u00f6p din nu! &#8211; Tygkomposition: (kan variera 5%) 91% \u00e5tervunnen polyester, 9% spandex &#8211; Foderkomposition: 92% polyester, 8% spandex &#8211; Tygvikt (kan variera med 5%):&hellip;&nbsp;<a href=\"https:\/\/rsk.podkauppa.fi\/sv\/tuote\/badbyxor-for-herrar\/\" rel=\"bookmark\">L\u00e4s mer &raquo;<span class=\"screen-reader-text\">RSK | Badkl\u00e4der f\u00f6r m\u00e4n<\/span><\/a><\/p>\n","protected":false},"featured_media":624,"comment_status":"open","ping_status":"closed","template":"","meta":{"neve_meta_sidebar":"","neve_meta_container":"","neve_meta_enable_content_width":"","neve_meta_content_width":0,"neve_meta_title_alignment":"","neve_meta_author_avatar":"","neve_post_elements_order":"","neve_meta_disable_header":"","neve_meta_disable_footer":"","neve_meta_disable_title":""},"product_cat":[95],"product_tag":[],"class_list":{"0":"post-744","1":"product","2":"type-product","3":"status-publish","4":"has-post-thumbnail","6":"product_cat-allmant","8":"first","9":"instock","10":"taxable","11":"shipping-taxable","12":"purchasable","13":"product-type-variable"},"yoast_head":"<!-- This site is optimized with the Yoast SEO plugin v23.9 - https:\/\/yoast.com\/wordpress\/plugins\/seo\/ -->\n<title>RSK | Badkl\u00e4der f\u00f6r m\u00e4n - Raseborgs segelklubb - rsk ry<\/title>\n<meta name=\"robots\" content=\"noindex, follow, max-snippet:-1, max-image-preview:large, max-video-preview:-1\" \/>\n<meta property=\"og:locale\" content=\"sv_SE\" \/>\n<meta property=\"og:type\" content=\"article\" \/>\n<meta property=\"og:title\" content=\"RSK | Badkl\u00e4der f\u00f6r m\u00e4n - Raseborgs segelklubb - rsk ry\" \/>\n<meta property=\"og:description\" content=\"De h\u00e4r badbyxorna har allt du beh\u00f6ver f\u00f6r en varm sommardag &#8211; de \u00e4r snabbtorkande och andas, har flera fickor f\u00f6r dina tillh\u00f6righeter och ett silkeslent innerfoder som motverkar skav. K\u00f6p din nu! &#8211; Tygkomposition: (kan variera 5%) 91% \u00e5tervunnen polyester, 9% spandex &#8211; Foderkomposition: 92% polyester, 8% spandex &#8211; Tygvikt (kan variera med 5%):&hellip;&nbsp;L\u00e4s mer &raquo;RSK | Badkl\u00e4der f\u00f6r m\u00e4n\" \/>\n<meta property=\"og:url\" content=\"https:\/\/rsk.podkauppa.fi\/sv\/tuote\/badbyxor-for-herrar\/\" \/>\n<meta property=\"og:site_name\" content=\"Raseborgs segelklubb - rsk ry\" \/>\n<meta name=\"twitter:card\" content=\"summary_large_image\" \/>\n<meta name=\"twitter:label1\" content=\"Ber\u00e4knad l\u00e4stid\" \/>\n\t<meta name=\"twitter:data1\" content=\"1 minut\" \/>\n<script type=\"application\/ld+json\" class=\"yoast-schema-graph\">{\"@context\":\"https:\/\/schema.org\",\"@graph\":[{\"@type\":\"WebPage\",\"@id\":\"https:\/\/rsk.podkauppa.fi\/sv\/tuote\/badbyxor-for-herrar\/\",\"url\":\"https:\/\/rsk.podkauppa.fi\/sv\/tuote\/badbyxor-for-herrar\/\",\"name\":\"RSK | Badkl\u00e4der f\u00f6r m\u00e4n - Raseborgs segelklubb - rsk ry\",\"isPartOf\":{\"@id\":\"https:\/\/rsk.podkauppa.fi\/sv\/#website\"},\"primaryImageOfPage\":{\"@id\":\"https:\/\/rsk.podkauppa.fi\/sv\/tuote\/badbyxor-for-herrar\/#primaryimage\"},\"image\":{\"@id\":\"https:\/\/rsk.podkauppa.fi\/sv\/tuote\/badbyxor-for-herrar\/#primaryimage\"},\"thumbnailUrl\":\"https:\/\/rsk.podkauppa.fi\/wp-content\/uploads\/2022\/10\/all-over-print-recycled-swim-trunks-white-front-635bcf290da70.jpg\",\"datePublished\":\"2022-10-28T12:46:52+00:00\",\"dateModified\":\"2022-10-28T12:46:52+00:00\",\"breadcrumb\":{\"@id\":\"https:\/\/rsk.podkauppa.fi\/sv\/tuote\/badbyxor-for-herrar\/#breadcrumb\"},\"inLanguage\":\"sv-SE\",\"potentialAction\":[{\"@type\":\"ReadAction\",\"target\":[\"https:\/\/rsk.podkauppa.fi\/sv\/tuote\/badbyxor-for-herrar\/\"]}]},{\"@type\":\"ImageObject\",\"inLanguage\":\"sv-SE\",\"@id\":\"https:\/\/rsk.podkauppa.fi\/sv\/tuote\/badbyxor-for-herrar\/#primaryimage\",\"url\":\"https:\/\/rsk.podkauppa.fi\/wp-content\/uploads\/2022\/10\/all-over-print-recycled-swim-trunks-white-front-635bcf290da70.jpg\",\"contentUrl\":\"https:\/\/rsk.podkauppa.fi\/wp-content\/uploads\/2022\/10\/all-over-print-recycled-swim-trunks-white-front-635bcf290da70.jpg\",\"width\":2000,\"height\":2000},{\"@type\":\"BreadcrumbList\",\"@id\":\"https:\/\/rsk.podkauppa.fi\/sv\/tuote\/badbyxor-for-herrar\/#breadcrumb\",\"itemListElement\":[{\"@type\":\"ListItem\",\"position\":1,\"name\":\"Etusivu\",\"item\":\"https:\/\/rsk.podkauppa.fi\/sv\/butik\/\"},{\"@type\":\"ListItem\",\"position\":2,\"name\":\"Butik\",\"item\":\"https:\/\/rsk.podkauppa.fi\/sv\/butik\/\"},{\"@type\":\"ListItem\",\"position\":3,\"name\":\"RSK | Badkl\u00e4der f\u00f6r m\u00e4n\"}]},{\"@type\":\"WebSite\",\"@id\":\"https:\/\/rsk.podkauppa.fi\/sv\/#website\",\"url\":\"https:\/\/rsk.podkauppa.fi\/sv\/\",\"name\":\"Raseborgs segelklubb - rsk ry\",\"description\":\"Verkkokauppa\",\"publisher\":{\"@id\":\"https:\/\/rsk.podkauppa.fi\/sv\/#organization\"},\"potentialAction\":[{\"@type\":\"SearchAction\",\"target\":{\"@type\":\"EntryPoint\",\"urlTemplate\":\"https:\/\/rsk.podkauppa.fi\/sv\/?s={search_term_string}\"},\"query-input\":{\"@type\":\"PropertyValueSpecification\",\"valueRequired\":true,\"valueName\":\"search_term_string\"}}],\"inLanguage\":\"sv-SE\"},{\"@type\":\"Organization\",\"@id\":\"https:\/\/rsk.podkauppa.fi\/sv\/#organization\",\"name\":\"Raseborgs segelklubb - rsk ry\",\"url\":\"https:\/\/rsk.podkauppa.fi\/sv\/\",\"logo\":{\"@type\":\"ImageObject\",\"inLanguage\":\"sv-SE\",\"@id\":\"https:\/\/rsk.podkauppa.fi\/sv\/#\/schema\/logo\/image\/\",\"url\":\"https:\/\/rsk.podkauppa.fi\/wp-content\/uploads\/2022\/03\/cropped-seuranlippu.jpg\",\"contentUrl\":\"https:\/\/rsk.podkauppa.fi\/wp-content\/uploads\/2022\/03\/cropped-seuranlippu.jpg\",\"width\":130,\"height\":129,\"caption\":\"Raseborgs segelklubb - rsk ry\"},\"image\":{\"@id\":\"https:\/\/rsk.podkauppa.fi\/sv\/#\/schema\/logo\/image\/\"}}]}<\/script>\n<!-- \/ Yoast SEO plugin. -->","yoast_head_json":{"title":"RSK | Badkl\u00e4der f\u00f6r m\u00e4n - Raseborgs segelklubb - rsk ry","robots":{"index":"noindex","follow":"follow","max-snippet":"max-snippet:-1","max-image-preview":"max-image-preview:large","max-video-preview":"max-video-preview:-1"},"og_locale":"sv_SE","og_type":"article","og_title":"RSK | Badkl\u00e4der f\u00f6r m\u00e4n - Raseborgs segelklubb - rsk ry","og_description":"De h\u00e4r badbyxorna har allt du beh\u00f6ver f\u00f6r en varm sommardag &#8211; de \u00e4r snabbtorkande och andas, har flera fickor f\u00f6r dina tillh\u00f6righeter och ett silkeslent innerfoder som motverkar skav. K\u00f6p din nu! &#8211; Tygkomposition: (kan variera 5%) 91% \u00e5tervunnen polyester, 9% spandex &#8211; Foderkomposition: 92% polyester, 8% spandex &#8211; Tygvikt (kan variera med 5%):&hellip;&nbsp;L\u00e4s mer &raquo;RSK | Badkl\u00e4der f\u00f6r m\u00e4n","og_url":"https:\/\/rsk.podkauppa.fi\/sv\/tuote\/badbyxor-for-herrar\/","og_site_name":"Raseborgs segelklubb - rsk ry","twitter_card":"summary_large_image","twitter_misc":{"Ber\u00e4knad l\u00e4stid":"1 minut"},"schema":{"@context":"https:\/\/schema.org","@graph":[{"@type":"WebPage","@id":"https:\/\/rsk.podkauppa.fi\/sv\/tuote\/badbyxor-for-herrar\/","url":"https:\/\/rsk.podkauppa.fi\/sv\/tuote\/badbyxor-for-herrar\/","name":"RSK | Badkl\u00e4der f\u00f6r m\u00e4n - Raseborgs segelklubb - rsk ry","isPartOf":{"@id":"https:\/\/rsk.podkauppa.fi\/sv\/#website"},"primaryImageOfPage":{"@id":"https:\/\/rsk.podkauppa.fi\/sv\/tuote\/badbyxor-for-herrar\/#primaryimage"},"image":{"@id":"https:\/\/rsk.podkauppa.fi\/sv\/tuote\/badbyxor-for-herrar\/#primaryimage"},"thumbnailUrl":"https:\/\/rsk.podkauppa.fi\/wp-content\/uploads\/2022\/10\/all-over-print-recycled-swim-trunks-white-front-635bcf290da70.jpg","datePublished":"2022-10-28T12:46:52+00:00","dateModified":"2022-10-28T12:46:52+00:00","breadcrumb":{"@id":"https:\/\/rsk.podkauppa.fi\/sv\/tuote\/badbyxor-for-herrar\/#breadcrumb"},"inLanguage":"sv-SE","potentialAction":[{"@type":"ReadAction","target":["https:\/\/rsk.podkauppa.fi\/sv\/tuote\/badbyxor-for-herrar\/"]}]},{"@type":"ImageObject","inLanguage":"sv-SE","@id":"https:\/\/rsk.podkauppa.fi\/sv\/tuote\/badbyxor-for-herrar\/#primaryimage","url":"https:\/\/rsk.podkauppa.fi\/wp-content\/uploads\/2022\/10\/all-over-print-recycled-swim-trunks-white-front-635bcf290da70.jpg","contentUrl":"https:\/\/rsk.podkauppa.fi\/wp-content\/uploads\/2022\/10\/all-over-print-recycled-swim-trunks-white-front-635bcf290da70.jpg","width":2000,"height":2000},{"@type":"BreadcrumbList","@id":"https:\/\/rsk.podkauppa.fi\/sv\/tuote\/badbyxor-for-herrar\/#breadcrumb","itemListElement":[{"@type":"ListItem","position":1,"name":"Etusivu","item":"https:\/\/rsk.podkauppa.fi\/sv\/butik\/"},{"@type":"ListItem","position":2,"name":"Butik","item":"https:\/\/rsk.podkauppa.fi\/sv\/butik\/"},{"@type":"ListItem","position":3,"name":"RSK | Badkl\u00e4der f\u00f6r m\u00e4n"}]},{"@type":"WebSite","@id":"https:\/\/rsk.podkauppa.fi\/sv\/#website","url":"https:\/\/rsk.podkauppa.fi\/sv\/","name":"Raseborgs segelklubb - rsk ry","description":"Verkkokauppa","publisher":{"@id":"https:\/\/rsk.podkauppa.fi\/sv\/#organization"},"potentialAction":[{"@type":"SearchAction","target":{"@type":"EntryPoint","urlTemplate":"https:\/\/rsk.podkauppa.fi\/sv\/?s={search_term_string}"},"query-input":{"@type":"PropertyValueSpecification","valueRequired":true,"valueName":"search_term_string"}}],"inLanguage":"sv-SE"},{"@type":"Organization","@id":"https:\/\/rsk.podkauppa.fi\/sv\/#organization","name":"Raseborgs segelklubb - rsk ry","url":"https:\/\/rsk.podkauppa.fi\/sv\/","logo":{"@type":"ImageObject","inLanguage":"sv-SE","@id":"https:\/\/rsk.podkauppa.fi\/sv\/#\/schema\/logo\/image\/","url":"https:\/\/rsk.podkauppa.fi\/wp-content\/uploads\/2022\/03\/cropped-seuranlippu.jpg","contentUrl":"https:\/\/rsk.podkauppa.fi\/wp-content\/uploads\/2022\/03\/cropped-seuranlippu.jpg","width":130,"height":129,"caption":"Raseborgs segelklubb - rsk ry"},"image":{"@id":"https:\/\/rsk.podkauppa.fi\/sv\/#\/schema\/logo\/image\/"}}]}},"jetpack_sharing_enabled":true,"_links":{"self":[{"href":"https:\/\/rsk.podkauppa.fi\/sv\/wp-json\/wp\/v2\/product\/744"}],"collection":[{"href":"https:\/\/rsk.podkauppa.fi\/sv\/wp-json\/wp\/v2\/product"}],"about":[{"href":"https:\/\/rsk.podkauppa.fi\/sv\/wp-json\/wp\/v2\/types\/product"}],"replies":[{"embeddable":true,"href":"https:\/\/rsk.podkauppa.fi\/sv\/wp-json\/wp\/v2\/comments?post=744"}],"wp:featuredmedia":[{"embeddable":true,"href":"https:\/\/rsk.podkauppa.fi\/sv\/wp-json\/wp\/v2\/media\/624"}],"wp:attachment":[{"href":"https:\/\/rsk.podkauppa.fi\/sv\/wp-json\/wp\/v2\/media?parent=744"}],"wp:term":[{"taxonomy":"product_cat","embeddable":true,"href":"https:\/\/rsk.podkauppa.fi\/sv\/wp-json\/wp\/v2\/product_cat?post=744"},{"taxonomy":"product_tag","embeddable":true,"href":"https:\/\/rsk.podkauppa.fi\/sv\/wp-json\/wp\/v2\/product_tag?post=744"}],"curies":[{"name":"wp","href":"https:\/\/api.w.org\/{rel}","templated":true}]}}