{"id":717,"date":"2022-10-26T12:13:49","date_gmt":"2022-10-26T12:13:49","guid":{"rendered":"https:\/\/rsk.podkauppa.fi\/tuote\/rsk-iphone-skyddsfodral\/"},"modified":"2023-06-13T16:32:16","modified_gmt":"2023-06-13T16:32:16","slug":"iphone-skala","status":"publish","type":"product","link":"https:\/\/rsk.podkauppa.fi\/sv\/tuote\/iphone-skala\/","title":{"rendered":"RSK | iPhone skyddsfodral"},"content":{"rendered":"<p>Detta eleganta iPhone-fodral skyddar din telefon fr\u00e5n damm, fukt, olja och smuts. Den har en stabil bas och flexibla sidor som g\u00f6r det enkelt att kliva p\u00e5 och av, med exakt anpassade \u00f6ppningar f\u00f6r laddarna.  <br \/>\n  &#8211; BPA-fritt hybridmaterial med termoplastisk polyuretan (TPU) och polykarbonat (PC)<br \/>\n  &#8211; Stabil baksida i polykarbonat<br \/>\n  &#8211; Flexibel och genomskinliga sidor i polyuretan<br \/>\n  &#8211; 0,5 mm upph\u00f6jd infattning<br \/>\n  &#8211; Port\u00f6ppningar som \u00e4r exakt inriktade med telefonens<br \/>\n  &#8211; R\u00e4tt att s\u00e4tta p\u00e5 och ta av<br \/>\n  &#8211; Fungerar f\u00f6r tr\u00e5dl\u00f6s laddning<br \/>\n  &#8211; SE-skalan passar iPhone SE fr\u00e5n 2020<br \/>\n  &#8211; Blankettprodukt fr\u00e5n Kina<\/p>\n","protected":false},"excerpt":{"rendered":"<p>Detta eleganta iPhone-fodral skyddar din telefon fr\u00e5n damm, fukt, olja och smuts. Den har en stabil bas och flexibla sidor som g\u00f6r det enkelt att kliva p\u00e5 och av, med exakt anpassade \u00f6ppningar f\u00f6r laddarna. &#8211; BPA-fritt hybridmaterial med termoplastisk polyuretan (TPU) och polykarbonat (PC) &#8211; Stabil baksida i polykarbonat &#8211; Flexibel och genomskinliga sidor&hellip;&nbsp;<a href=\"https:\/\/rsk.podkauppa.fi\/sv\/tuote\/iphone-skala\/\" rel=\"bookmark\">L\u00e4s mer &raquo;<span class=\"screen-reader-text\">RSK | iPhone skyddsfodral<\/span><\/a><\/p>\n","protected":false},"featured_media":428,"comment_status":"open","ping_status":"closed","template":"","meta":{"neve_meta_sidebar":"","neve_meta_container":"","neve_meta_enable_content_width":"","neve_meta_content_width":0,"neve_meta_title_alignment":"","neve_meta_author_avatar":"","neve_post_elements_order":"","neve_meta_disable_header":"","neve_meta_disable_footer":"","neve_meta_disable_title":""},"product_cat":[95],"product_tag":[],"class_list":{"0":"post-717","1":"product","2":"type-product","3":"status-publish","4":"has-post-thumbnail","6":"product_cat-allmant","8":"first","9":"instock","10":"taxable","11":"shipping-taxable","12":"purchasable","13":"product-type-variable"},"yoast_head":"<!-- This site is optimized with the Yoast SEO plugin v23.9 - https:\/\/yoast.com\/wordpress\/plugins\/seo\/ -->\n<title>RSK | iPhone skyddsfodral - Raseborgs segelklubb - rsk ry<\/title>\n<meta name=\"robots\" content=\"noindex, follow, max-snippet:-1, max-image-preview:large, max-video-preview:-1\" \/>\n<meta property=\"og:locale\" content=\"sv_SE\" \/>\n<meta property=\"og:type\" content=\"article\" \/>\n<meta property=\"og:title\" content=\"RSK | iPhone skyddsfodral - Raseborgs segelklubb - rsk ry\" \/>\n<meta property=\"og:description\" content=\"Detta eleganta iPhone-fodral skyddar din telefon fr\u00e5n damm, fukt, olja och smuts. Den har en stabil bas och flexibla sidor som g\u00f6r det enkelt att kliva p\u00e5 och av, med exakt anpassade \u00f6ppningar f\u00f6r laddarna. &#8211; BPA-fritt hybridmaterial med termoplastisk polyuretan (TPU) och polykarbonat (PC) &#8211; Stabil baksida i polykarbonat &#8211; Flexibel och genomskinliga sidor&hellip;&nbsp;L\u00e4s mer &raquo;RSK | iPhone skyddsfodral\" \/>\n<meta property=\"og:url\" content=\"https:\/\/rsk.podkauppa.fi\/sv\/tuote\/iphone-skala\/\" \/>\n<meta property=\"og:site_name\" content=\"Raseborgs segelklubb - rsk ry\" \/>\n<meta property=\"article:modified_time\" content=\"2023-06-13T16:32:16+00:00\" \/>\n<meta property=\"og:image\" content=\"https:\/\/rsk.podkauppa.fi\/wp-content\/uploads\/2022\/10\/iphone-case-iphone-xr-front-6359246cedefd.jpg\" \/>\n\t<meta property=\"og:image:width\" content=\"2000\" \/>\n\t<meta property=\"og:image:height\" content=\"2000\" \/>\n\t<meta property=\"og:image:type\" content=\"image\/jpeg\" \/>\n<meta name=\"twitter:card\" content=\"summary_large_image\" \/>\n<meta name=\"twitter:label1\" content=\"Ber\u00e4knad l\u00e4stid\" \/>\n\t<meta name=\"twitter:data1\" content=\"1 minut\" \/>\n<script type=\"application\/ld+json\" class=\"yoast-schema-graph\">{\"@context\":\"https:\/\/schema.org\",\"@graph\":[{\"@type\":\"WebPage\",\"@id\":\"https:\/\/rsk.podkauppa.fi\/sv\/tuote\/iphone-skala\/\",\"url\":\"https:\/\/rsk.podkauppa.fi\/sv\/tuote\/iphone-skala\/\",\"name\":\"RSK | iPhone skyddsfodral - Raseborgs segelklubb - rsk ry\",\"isPartOf\":{\"@id\":\"https:\/\/rsk.podkauppa.fi\/sv\/#website\"},\"primaryImageOfPage\":{\"@id\":\"https:\/\/rsk.podkauppa.fi\/sv\/tuote\/iphone-skala\/#primaryimage\"},\"image\":{\"@id\":\"https:\/\/rsk.podkauppa.fi\/sv\/tuote\/iphone-skala\/#primaryimage\"},\"thumbnailUrl\":\"https:\/\/rsk.podkauppa.fi\/wp-content\/uploads\/2022\/10\/iphone-case-iphone-xr-front-6359246cedefd.jpg\",\"datePublished\":\"2022-10-26T12:13:49+00:00\",\"dateModified\":\"2023-06-13T16:32:16+00:00\",\"breadcrumb\":{\"@id\":\"https:\/\/rsk.podkauppa.fi\/sv\/tuote\/iphone-skala\/#breadcrumb\"},\"inLanguage\":\"sv-SE\",\"potentialAction\":[{\"@type\":\"ReadAction\",\"target\":[\"https:\/\/rsk.podkauppa.fi\/sv\/tuote\/iphone-skala\/\"]}]},{\"@type\":\"ImageObject\",\"inLanguage\":\"sv-SE\",\"@id\":\"https:\/\/rsk.podkauppa.fi\/sv\/tuote\/iphone-skala\/#primaryimage\",\"url\":\"https:\/\/rsk.podkauppa.fi\/wp-content\/uploads\/2022\/10\/iphone-case-iphone-xr-front-6359246cedefd.jpg\",\"contentUrl\":\"https:\/\/rsk.podkauppa.fi\/wp-content\/uploads\/2022\/10\/iphone-case-iphone-xr-front-6359246cedefd.jpg\",\"width\":2000,\"height\":2000},{\"@type\":\"BreadcrumbList\",\"@id\":\"https:\/\/rsk.podkauppa.fi\/sv\/tuote\/iphone-skala\/#breadcrumb\",\"itemListElement\":[{\"@type\":\"ListItem\",\"position\":1,\"name\":\"Etusivu\",\"item\":\"https:\/\/rsk.podkauppa.fi\/sv\/butik\/\"},{\"@type\":\"ListItem\",\"position\":2,\"name\":\"Butik\",\"item\":\"https:\/\/rsk.podkauppa.fi\/sv\/butik\/\"},{\"@type\":\"ListItem\",\"position\":3,\"name\":\"RSK | iPhone skyddsfodral\"}]},{\"@type\":\"WebSite\",\"@id\":\"https:\/\/rsk.podkauppa.fi\/sv\/#website\",\"url\":\"https:\/\/rsk.podkauppa.fi\/sv\/\",\"name\":\"Raseborgs segelklubb - rsk ry\",\"description\":\"Verkkokauppa\",\"publisher\":{\"@id\":\"https:\/\/rsk.podkauppa.fi\/sv\/#organization\"},\"potentialAction\":[{\"@type\":\"SearchAction\",\"target\":{\"@type\":\"EntryPoint\",\"urlTemplate\":\"https:\/\/rsk.podkauppa.fi\/sv\/?s={search_term_string}\"},\"query-input\":{\"@type\":\"PropertyValueSpecification\",\"valueRequired\":true,\"valueName\":\"search_term_string\"}}],\"inLanguage\":\"sv-SE\"},{\"@type\":\"Organization\",\"@id\":\"https:\/\/rsk.podkauppa.fi\/sv\/#organization\",\"name\":\"Raseborgs segelklubb - rsk ry\",\"url\":\"https:\/\/rsk.podkauppa.fi\/sv\/\",\"logo\":{\"@type\":\"ImageObject\",\"inLanguage\":\"sv-SE\",\"@id\":\"https:\/\/rsk.podkauppa.fi\/sv\/#\/schema\/logo\/image\/\",\"url\":\"https:\/\/rsk.podkauppa.fi\/wp-content\/uploads\/2022\/03\/cropped-seuranlippu.jpg\",\"contentUrl\":\"https:\/\/rsk.podkauppa.fi\/wp-content\/uploads\/2022\/03\/cropped-seuranlippu.jpg\",\"width\":130,\"height\":129,\"caption\":\"Raseborgs segelklubb - rsk ry\"},\"image\":{\"@id\":\"https:\/\/rsk.podkauppa.fi\/sv\/#\/schema\/logo\/image\/\"}}]}<\/script>\n<!-- \/ Yoast SEO plugin. -->","yoast_head_json":{"title":"RSK | iPhone skyddsfodral - Raseborgs segelklubb - rsk ry","robots":{"index":"noindex","follow":"follow","max-snippet":"max-snippet:-1","max-image-preview":"max-image-preview:large","max-video-preview":"max-video-preview:-1"},"og_locale":"sv_SE","og_type":"article","og_title":"RSK | iPhone skyddsfodral - Raseborgs segelklubb - rsk ry","og_description":"Detta eleganta iPhone-fodral skyddar din telefon fr\u00e5n damm, fukt, olja och smuts. Den har en stabil bas och flexibla sidor som g\u00f6r det enkelt att kliva p\u00e5 och av, med exakt anpassade \u00f6ppningar f\u00f6r laddarna. &#8211; BPA-fritt hybridmaterial med termoplastisk polyuretan (TPU) och polykarbonat (PC) &#8211; Stabil baksida i polykarbonat &#8211; Flexibel och genomskinliga sidor&hellip;&nbsp;L\u00e4s mer &raquo;RSK | iPhone skyddsfodral","og_url":"https:\/\/rsk.podkauppa.fi\/sv\/tuote\/iphone-skala\/","og_site_name":"Raseborgs segelklubb - rsk ry","article_modified_time":"2023-06-13T16:32:16+00:00","og_image":[{"width":2000,"height":2000,"url":"https:\/\/rsk.podkauppa.fi\/wp-content\/uploads\/2022\/10\/iphone-case-iphone-xr-front-6359246cedefd.jpg","type":"image\/jpeg"}],"twitter_card":"summary_large_image","twitter_misc":{"Ber\u00e4knad l\u00e4stid":"1 minut"},"schema":{"@context":"https:\/\/schema.org","@graph":[{"@type":"WebPage","@id":"https:\/\/rsk.podkauppa.fi\/sv\/tuote\/iphone-skala\/","url":"https:\/\/rsk.podkauppa.fi\/sv\/tuote\/iphone-skala\/","name":"RSK | iPhone skyddsfodral - Raseborgs segelklubb - rsk ry","isPartOf":{"@id":"https:\/\/rsk.podkauppa.fi\/sv\/#website"},"primaryImageOfPage":{"@id":"https:\/\/rsk.podkauppa.fi\/sv\/tuote\/iphone-skala\/#primaryimage"},"image":{"@id":"https:\/\/rsk.podkauppa.fi\/sv\/tuote\/iphone-skala\/#primaryimage"},"thumbnailUrl":"https:\/\/rsk.podkauppa.fi\/wp-content\/uploads\/2022\/10\/iphone-case-iphone-xr-front-6359246cedefd.jpg","datePublished":"2022-10-26T12:13:49+00:00","dateModified":"2023-06-13T16:32:16+00:00","breadcrumb":{"@id":"https:\/\/rsk.podkauppa.fi\/sv\/tuote\/iphone-skala\/#breadcrumb"},"inLanguage":"sv-SE","potentialAction":[{"@type":"ReadAction","target":["https:\/\/rsk.podkauppa.fi\/sv\/tuote\/iphone-skala\/"]}]},{"@type":"ImageObject","inLanguage":"sv-SE","@id":"https:\/\/rsk.podkauppa.fi\/sv\/tuote\/iphone-skala\/#primaryimage","url":"https:\/\/rsk.podkauppa.fi\/wp-content\/uploads\/2022\/10\/iphone-case-iphone-xr-front-6359246cedefd.jpg","contentUrl":"https:\/\/rsk.podkauppa.fi\/wp-content\/uploads\/2022\/10\/iphone-case-iphone-xr-front-6359246cedefd.jpg","width":2000,"height":2000},{"@type":"BreadcrumbList","@id":"https:\/\/rsk.podkauppa.fi\/sv\/tuote\/iphone-skala\/#breadcrumb","itemListElement":[{"@type":"ListItem","position":1,"name":"Etusivu","item":"https:\/\/rsk.podkauppa.fi\/sv\/butik\/"},{"@type":"ListItem","position":2,"name":"Butik","item":"https:\/\/rsk.podkauppa.fi\/sv\/butik\/"},{"@type":"ListItem","position":3,"name":"RSK | iPhone skyddsfodral"}]},{"@type":"WebSite","@id":"https:\/\/rsk.podkauppa.fi\/sv\/#website","url":"https:\/\/rsk.podkauppa.fi\/sv\/","name":"Raseborgs segelklubb - rsk ry","description":"Verkkokauppa","publisher":{"@id":"https:\/\/rsk.podkauppa.fi\/sv\/#organization"},"potentialAction":[{"@type":"SearchAction","target":{"@type":"EntryPoint","urlTemplate":"https:\/\/rsk.podkauppa.fi\/sv\/?s={search_term_string}"},"query-input":{"@type":"PropertyValueSpecification","valueRequired":true,"valueName":"search_term_string"}}],"inLanguage":"sv-SE"},{"@type":"Organization","@id":"https:\/\/rsk.podkauppa.fi\/sv\/#organization","name":"Raseborgs segelklubb - rsk ry","url":"https:\/\/rsk.podkauppa.fi\/sv\/","logo":{"@type":"ImageObject","inLanguage":"sv-SE","@id":"https:\/\/rsk.podkauppa.fi\/sv\/#\/schema\/logo\/image\/","url":"https:\/\/rsk.podkauppa.fi\/wp-content\/uploads\/2022\/03\/cropped-seuranlippu.jpg","contentUrl":"https:\/\/rsk.podkauppa.fi\/wp-content\/uploads\/2022\/03\/cropped-seuranlippu.jpg","width":130,"height":129,"caption":"Raseborgs segelklubb - rsk ry"},"image":{"@id":"https:\/\/rsk.podkauppa.fi\/sv\/#\/schema\/logo\/image\/"}}]}},"jetpack_sharing_enabled":true,"_links":{"self":[{"href":"https:\/\/rsk.podkauppa.fi\/sv\/wp-json\/wp\/v2\/product\/717"}],"collection":[{"href":"https:\/\/rsk.podkauppa.fi\/sv\/wp-json\/wp\/v2\/product"}],"about":[{"href":"https:\/\/rsk.podkauppa.fi\/sv\/wp-json\/wp\/v2\/types\/product"}],"replies":[{"embeddable":true,"href":"https:\/\/rsk.podkauppa.fi\/sv\/wp-json\/wp\/v2\/comments?post=717"}],"wp:featuredmedia":[{"embeddable":true,"href":"https:\/\/rsk.podkauppa.fi\/sv\/wp-json\/wp\/v2\/media\/428"}],"wp:attachment":[{"href":"https:\/\/rsk.podkauppa.fi\/sv\/wp-json\/wp\/v2\/media?parent=717"}],"wp:term":[{"taxonomy":"product_cat","embeddable":true,"href":"https:\/\/rsk.podkauppa.fi\/sv\/wp-json\/wp\/v2\/product_cat?post=717"},{"taxonomy":"product_tag","embeddable":true,"href":"https:\/\/rsk.podkauppa.fi\/sv\/wp-json\/wp\/v2\/product_tag?post=717"}],"curies":[{"name":"wp","href":"https:\/\/api.w.org\/{rel}","templated":true}]}}