{"id":669,"date":"2022-03-06T13:59:02","date_gmt":"2022-03-06T13:59:02","guid":{"rendered":"https:\/\/rsk.podkauppa.fi\/tuote\/rks-snapback-kepsar-marinbla\/"},"modified":"2023-06-13T16:32:09","modified_gmt":"2023-06-13T16:32:09","slug":"rks-snapback-lip","status":"publish","type":"product","link":"https:\/\/rsk.podkauppa.fi\/sv\/tuote\/rks-snapback-lip\/","title":{"rendered":"RKS | Snapback-kepsar (marinbl\u00e5)"},"content":{"rendered":"<p>Det h\u00e4r \u00e4r dina dr\u00f6mmars snapback! Den \u00e4r strukturerad och h\u00f6gprofilerad, med ett platt visir och ett diskret gr\u00e5tt undervisir.<\/p>\n<p>&#8211; 85% akryl, 15% ull<br \/>\n&#8211; Strukturerad, 6-panel, h\u00f6g profil<br \/>\n&#8211; Sn\u00e4ppl\u00e5s i plast<br \/>\n&#8211; Gr\u00e5 under visir<br \/>\n&#8211; Huvudets omkrets: 22\u2033-24\u2033 (55-60 cm)<br \/>\n&#8211; Blank produkt med ursprung i Kina<\/p>\n","protected":false},"excerpt":{"rendered":"<p>Det h\u00e4r \u00e4r dina dr\u00f6mmars snapback! Den \u00e4r strukturerad och h\u00f6gprofilerad, med ett platt visir och ett diskret gr\u00e5tt undervisir. &#8211; 85% akryl, 15% ull &#8211; Strukturerad, 6-panel, h\u00f6g profil &#8211; Sn\u00e4ppl\u00e5s i plast &#8211; Gr\u00e5 under visir &#8211; Huvudets omkrets: 22\u2033-24\u2033 (55-60 cm) &#8211; Blank produkt med ursprung i Kina<\/p>\n","protected":false},"featured_media":370,"comment_status":"open","ping_status":"closed","template":"","meta":{"neve_meta_sidebar":"","neve_meta_container":"","neve_meta_enable_content_width":"","neve_meta_content_width":0,"neve_meta_title_alignment":"","neve_meta_author_avatar":"","neve_post_elements_order":"","neve_meta_disable_header":"","neve_meta_disable_footer":"","neve_meta_disable_title":""},"product_cat":[94],"product_tag":[],"class_list":{"0":"post-669","1":"product","2":"type-product","3":"status-publish","4":"has-post-thumbnail","6":"product_cat-hattar-och-pipor","8":"first","9":"instock","10":"taxable","11":"shipping-taxable","12":"purchasable","13":"product-type-simple"},"yoast_head":"<!-- This site is optimized with the Yoast SEO plugin v23.9 - https:\/\/yoast.com\/wordpress\/plugins\/seo\/ -->\n<title>RKS | Snapback-kepsar (marinbl\u00e5) - Raseborgs segelklubb - rsk ry<\/title>\n<meta name=\"robots\" content=\"noindex, follow, max-snippet:-1, max-image-preview:large, max-video-preview:-1\" \/>\n<meta property=\"og:locale\" content=\"sv_SE\" \/>\n<meta property=\"og:type\" content=\"article\" \/>\n<meta property=\"og:title\" content=\"RKS | Snapback-kepsar (marinbl\u00e5) - Raseborgs segelklubb - rsk ry\" \/>\n<meta property=\"og:description\" content=\"Det h\u00e4r \u00e4r dina dr\u00f6mmars snapback! Den \u00e4r strukturerad och h\u00f6gprofilerad, med ett platt visir och ett diskret gr\u00e5tt undervisir. &#8211; 85% akryl, 15% ull &#8211; Strukturerad, 6-panel, h\u00f6g profil &#8211; Sn\u00e4ppl\u00e5s i plast &#8211; Gr\u00e5 under visir &#8211; Huvudets omkrets: 22\u2033-24\u2033 (55-60 cm) &#8211; Blank produkt med ursprung i Kina\" \/>\n<meta property=\"og:url\" content=\"https:\/\/rsk.podkauppa.fi\/sv\/tuote\/rks-snapback-lip\/\" \/>\n<meta property=\"og:site_name\" content=\"Raseborgs segelklubb - rsk ry\" \/>\n<meta property=\"article:modified_time\" content=\"2023-06-13T16:32:09+00:00\" \/>\n<meta property=\"og:image\" content=\"https:\/\/rsk.podkauppa.fi\/wp-content\/uploads\/2022\/03\/snapback-navy-blue-front-6224be1fbd3c0.jpg\" \/>\n\t<meta property=\"og:image:width\" content=\"1000\" \/>\n\t<meta property=\"og:image:height\" content=\"1000\" \/>\n\t<meta property=\"og:image:type\" content=\"image\/jpeg\" \/>\n<meta name=\"twitter:card\" content=\"summary_large_image\" \/>\n<script type=\"application\/ld+json\" class=\"yoast-schema-graph\">{\"@context\":\"https:\/\/schema.org\",\"@graph\":[{\"@type\":\"WebPage\",\"@id\":\"https:\/\/rsk.podkauppa.fi\/sv\/tuote\/rks-snapback-lip\/\",\"url\":\"https:\/\/rsk.podkauppa.fi\/sv\/tuote\/rks-snapback-lip\/\",\"name\":\"RKS | Snapback-kepsar (marinbl\u00e5) - Raseborgs segelklubb - rsk ry\",\"isPartOf\":{\"@id\":\"https:\/\/rsk.podkauppa.fi\/sv\/#website\"},\"primaryImageOfPage\":{\"@id\":\"https:\/\/rsk.podkauppa.fi\/sv\/tuote\/rks-snapback-lip\/#primaryimage\"},\"image\":{\"@id\":\"https:\/\/rsk.podkauppa.fi\/sv\/tuote\/rks-snapback-lip\/#primaryimage\"},\"thumbnailUrl\":\"https:\/\/rsk.podkauppa.fi\/wp-content\/uploads\/2022\/03\/snapback-navy-blue-front-6224be1fbd3c0.jpg\",\"datePublished\":\"2022-03-06T13:59:02+00:00\",\"dateModified\":\"2023-06-13T16:32:09+00:00\",\"breadcrumb\":{\"@id\":\"https:\/\/rsk.podkauppa.fi\/sv\/tuote\/rks-snapback-lip\/#breadcrumb\"},\"inLanguage\":\"sv-SE\",\"potentialAction\":[{\"@type\":\"ReadAction\",\"target\":[\"https:\/\/rsk.podkauppa.fi\/sv\/tuote\/rks-snapback-lip\/\"]}]},{\"@type\":\"ImageObject\",\"inLanguage\":\"sv-SE\",\"@id\":\"https:\/\/rsk.podkauppa.fi\/sv\/tuote\/rks-snapback-lip\/#primaryimage\",\"url\":\"https:\/\/rsk.podkauppa.fi\/wp-content\/uploads\/2022\/03\/snapback-navy-blue-front-6224be1fbd3c0.jpg\",\"contentUrl\":\"https:\/\/rsk.podkauppa.fi\/wp-content\/uploads\/2022\/03\/snapback-navy-blue-front-6224be1fbd3c0.jpg\",\"width\":1000,\"height\":1000},{\"@type\":\"BreadcrumbList\",\"@id\":\"https:\/\/rsk.podkauppa.fi\/sv\/tuote\/rks-snapback-lip\/#breadcrumb\",\"itemListElement\":[{\"@type\":\"ListItem\",\"position\":1,\"name\":\"Etusivu\",\"item\":\"https:\/\/rsk.podkauppa.fi\/sv\/butik\/\"},{\"@type\":\"ListItem\",\"position\":2,\"name\":\"Butik\",\"item\":\"https:\/\/rsk.podkauppa.fi\/sv\/butik\/\"},{\"@type\":\"ListItem\",\"position\":3,\"name\":\"RKS | Snapback-kepsar (marinbl\u00e5)\"}]},{\"@type\":\"WebSite\",\"@id\":\"https:\/\/rsk.podkauppa.fi\/sv\/#website\",\"url\":\"https:\/\/rsk.podkauppa.fi\/sv\/\",\"name\":\"Raseborgs segelklubb - rsk ry\",\"description\":\"Verkkokauppa\",\"publisher\":{\"@id\":\"https:\/\/rsk.podkauppa.fi\/sv\/#organization\"},\"potentialAction\":[{\"@type\":\"SearchAction\",\"target\":{\"@type\":\"EntryPoint\",\"urlTemplate\":\"https:\/\/rsk.podkauppa.fi\/sv\/?s={search_term_string}\"},\"query-input\":{\"@type\":\"PropertyValueSpecification\",\"valueRequired\":true,\"valueName\":\"search_term_string\"}}],\"inLanguage\":\"sv-SE\"},{\"@type\":\"Organization\",\"@id\":\"https:\/\/rsk.podkauppa.fi\/sv\/#organization\",\"name\":\"Raseborgs segelklubb - rsk ry\",\"url\":\"https:\/\/rsk.podkauppa.fi\/sv\/\",\"logo\":{\"@type\":\"ImageObject\",\"inLanguage\":\"sv-SE\",\"@id\":\"https:\/\/rsk.podkauppa.fi\/sv\/#\/schema\/logo\/image\/\",\"url\":\"https:\/\/rsk.podkauppa.fi\/wp-content\/uploads\/2022\/03\/cropped-seuranlippu.jpg\",\"contentUrl\":\"https:\/\/rsk.podkauppa.fi\/wp-content\/uploads\/2022\/03\/cropped-seuranlippu.jpg\",\"width\":130,\"height\":129,\"caption\":\"Raseborgs segelklubb - rsk ry\"},\"image\":{\"@id\":\"https:\/\/rsk.podkauppa.fi\/sv\/#\/schema\/logo\/image\/\"}}]}<\/script>\n<!-- \/ Yoast SEO plugin. -->","yoast_head_json":{"title":"RKS | Snapback-kepsar (marinbl\u00e5) - Raseborgs segelklubb - rsk ry","robots":{"index":"noindex","follow":"follow","max-snippet":"max-snippet:-1","max-image-preview":"max-image-preview:large","max-video-preview":"max-video-preview:-1"},"og_locale":"sv_SE","og_type":"article","og_title":"RKS | Snapback-kepsar (marinbl\u00e5) - Raseborgs segelklubb - rsk ry","og_description":"Det h\u00e4r \u00e4r dina dr\u00f6mmars snapback! Den \u00e4r strukturerad och h\u00f6gprofilerad, med ett platt visir och ett diskret gr\u00e5tt undervisir. &#8211; 85% akryl, 15% ull &#8211; Strukturerad, 6-panel, h\u00f6g profil &#8211; Sn\u00e4ppl\u00e5s i plast &#8211; Gr\u00e5 under visir &#8211; Huvudets omkrets: 22\u2033-24\u2033 (55-60 cm) &#8211; Blank produkt med ursprung i Kina","og_url":"https:\/\/rsk.podkauppa.fi\/sv\/tuote\/rks-snapback-lip\/","og_site_name":"Raseborgs segelklubb - rsk ry","article_modified_time":"2023-06-13T16:32:09+00:00","og_image":[{"width":1000,"height":1000,"url":"https:\/\/rsk.podkauppa.fi\/wp-content\/uploads\/2022\/03\/snapback-navy-blue-front-6224be1fbd3c0.jpg","type":"image\/jpeg"}],"twitter_card":"summary_large_image","schema":{"@context":"https:\/\/schema.org","@graph":[{"@type":"WebPage","@id":"https:\/\/rsk.podkauppa.fi\/sv\/tuote\/rks-snapback-lip\/","url":"https:\/\/rsk.podkauppa.fi\/sv\/tuote\/rks-snapback-lip\/","name":"RKS | Snapback-kepsar (marinbl\u00e5) - Raseborgs segelklubb - rsk ry","isPartOf":{"@id":"https:\/\/rsk.podkauppa.fi\/sv\/#website"},"primaryImageOfPage":{"@id":"https:\/\/rsk.podkauppa.fi\/sv\/tuote\/rks-snapback-lip\/#primaryimage"},"image":{"@id":"https:\/\/rsk.podkauppa.fi\/sv\/tuote\/rks-snapback-lip\/#primaryimage"},"thumbnailUrl":"https:\/\/rsk.podkauppa.fi\/wp-content\/uploads\/2022\/03\/snapback-navy-blue-front-6224be1fbd3c0.jpg","datePublished":"2022-03-06T13:59:02+00:00","dateModified":"2023-06-13T16:32:09+00:00","breadcrumb":{"@id":"https:\/\/rsk.podkauppa.fi\/sv\/tuote\/rks-snapback-lip\/#breadcrumb"},"inLanguage":"sv-SE","potentialAction":[{"@type":"ReadAction","target":["https:\/\/rsk.podkauppa.fi\/sv\/tuote\/rks-snapback-lip\/"]}]},{"@type":"ImageObject","inLanguage":"sv-SE","@id":"https:\/\/rsk.podkauppa.fi\/sv\/tuote\/rks-snapback-lip\/#primaryimage","url":"https:\/\/rsk.podkauppa.fi\/wp-content\/uploads\/2022\/03\/snapback-navy-blue-front-6224be1fbd3c0.jpg","contentUrl":"https:\/\/rsk.podkauppa.fi\/wp-content\/uploads\/2022\/03\/snapback-navy-blue-front-6224be1fbd3c0.jpg","width":1000,"height":1000},{"@type":"BreadcrumbList","@id":"https:\/\/rsk.podkauppa.fi\/sv\/tuote\/rks-snapback-lip\/#breadcrumb","itemListElement":[{"@type":"ListItem","position":1,"name":"Etusivu","item":"https:\/\/rsk.podkauppa.fi\/sv\/butik\/"},{"@type":"ListItem","position":2,"name":"Butik","item":"https:\/\/rsk.podkauppa.fi\/sv\/butik\/"},{"@type":"ListItem","position":3,"name":"RKS | Snapback-kepsar (marinbl\u00e5)"}]},{"@type":"WebSite","@id":"https:\/\/rsk.podkauppa.fi\/sv\/#website","url":"https:\/\/rsk.podkauppa.fi\/sv\/","name":"Raseborgs segelklubb - rsk ry","description":"Verkkokauppa","publisher":{"@id":"https:\/\/rsk.podkauppa.fi\/sv\/#organization"},"potentialAction":[{"@type":"SearchAction","target":{"@type":"EntryPoint","urlTemplate":"https:\/\/rsk.podkauppa.fi\/sv\/?s={search_term_string}"},"query-input":{"@type":"PropertyValueSpecification","valueRequired":true,"valueName":"search_term_string"}}],"inLanguage":"sv-SE"},{"@type":"Organization","@id":"https:\/\/rsk.podkauppa.fi\/sv\/#organization","name":"Raseborgs segelklubb - rsk ry","url":"https:\/\/rsk.podkauppa.fi\/sv\/","logo":{"@type":"ImageObject","inLanguage":"sv-SE","@id":"https:\/\/rsk.podkauppa.fi\/sv\/#\/schema\/logo\/image\/","url":"https:\/\/rsk.podkauppa.fi\/wp-content\/uploads\/2022\/03\/cropped-seuranlippu.jpg","contentUrl":"https:\/\/rsk.podkauppa.fi\/wp-content\/uploads\/2022\/03\/cropped-seuranlippu.jpg","width":130,"height":129,"caption":"Raseborgs segelklubb - rsk ry"},"image":{"@id":"https:\/\/rsk.podkauppa.fi\/sv\/#\/schema\/logo\/image\/"}}]}},"jetpack_sharing_enabled":true,"_links":{"self":[{"href":"https:\/\/rsk.podkauppa.fi\/sv\/wp-json\/wp\/v2\/product\/669"}],"collection":[{"href":"https:\/\/rsk.podkauppa.fi\/sv\/wp-json\/wp\/v2\/product"}],"about":[{"href":"https:\/\/rsk.podkauppa.fi\/sv\/wp-json\/wp\/v2\/types\/product"}],"replies":[{"embeddable":true,"href":"https:\/\/rsk.podkauppa.fi\/sv\/wp-json\/wp\/v2\/comments?post=669"}],"wp:featuredmedia":[{"embeddable":true,"href":"https:\/\/rsk.podkauppa.fi\/sv\/wp-json\/wp\/v2\/media\/370"}],"wp:attachment":[{"href":"https:\/\/rsk.podkauppa.fi\/sv\/wp-json\/wp\/v2\/media?parent=669"}],"wp:term":[{"taxonomy":"product_cat","embeddable":true,"href":"https:\/\/rsk.podkauppa.fi\/sv\/wp-json\/wp\/v2\/product_cat?post=669"},{"taxonomy":"product_tag","embeddable":true,"href":"https:\/\/rsk.podkauppa.fi\/sv\/wp-json\/wp\/v2\/product_tag?post=669"}],"curies":[{"name":"wp","href":"https:\/\/api.w.org\/{rel}","templated":true}]}}