{"id":668,"date":"2022-03-06T13:56:39","date_gmt":"2022-03-06T13:56:39","guid":{"rendered":"https:\/\/rsk.podkauppa.fi\/tuote\/rsk-college-marinbla\/"},"modified":"2023-06-13T16:32:17","modified_gmt":"2023-06-13T16:32:17","slug":"rsk-collage","status":"publish","type":"product","link":"https:\/\/rsk.podkauppa.fi\/sv\/tuote\/rsk-collage\/","title":{"rendered":"RSK | College (marinbl\u00e5)"},"content":{"rendered":"<p>Lyft din stil med denna ekologiska sweatshirt i unisexmodell. Skjortan har en elegant, krispig look och passar utm\u00e4rkt till b\u00e5de avslappnade och mer uppkl\u00e4dda outfits. Sweatshirten \u00e4r tillverkad av ekologiska och \u00e5tervunna material och \u00e4r slitstark, sk\u00f6n och extra mjuk.<\/p>\n<p>&#8211; 85 % ekologisk ringspunnen kammad bomull, 15 % \u00e5tervunnen polyester<br \/>\n&#8211; Tygvikt: 350 g\/m\u00b2 (5,3 oz\/yd\u00b2)<br \/>\n&#8211; Avslappnad passform<br \/>\n&#8211; Inf\u00e4llda \u00e4rmar<br \/>\n&#8211; 1\u00d71 ribbstickning i halskrage, \u00e4rmslut och nederkant<br \/>\n&#8211; Enkeln\u00e5lss\u00f6m vid halskragen<br \/>\n&#8211; Dubbeln\u00e5lsstickning p\u00e5 \u00e4rmarna och i nederkanten<br \/>\n&#8211; Inv\u00e4ndigt fiskbensm\u00f6nstrat nackband<br \/>\n&#8211; Halvm\u00e5ne i sj\u00e4lvtillverkat tyg i nacken<br \/>\n&#8211; Blank produkt med ursprung i Bangladesh<\/p>\n","protected":false},"excerpt":{"rendered":"<p>Lyft din stil med denna ekologiska sweatshirt i unisexmodell. Skjortan har en elegant, krispig look och passar utm\u00e4rkt till b\u00e5de avslappnade och mer uppkl\u00e4dda outfits. Sweatshirten \u00e4r tillverkad av ekologiska och \u00e5tervunna material och \u00e4r slitstark, sk\u00f6n och extra mjuk. &#8211; 85 % ekologisk ringspunnen kammad bomull, 15 % \u00e5tervunnen polyester &#8211; Tygvikt: 350 g\/m\u00b2&hellip;&nbsp;<a href=\"https:\/\/rsk.podkauppa.fi\/sv\/tuote\/rsk-collage\/\" rel=\"bookmark\">L\u00e4s mer &raquo;<span class=\"screen-reader-text\">RSK | College (marinbl\u00e5)<\/span><\/a><\/p>\n","protected":false},"featured_media":354,"comment_status":"open","ping_status":"closed","template":"","meta":{"neve_meta_sidebar":"","neve_meta_container":"","neve_meta_enable_content_width":"","neve_meta_content_width":0,"neve_meta_title_alignment":"","neve_meta_author_avatar":"","neve_post_elements_order":"","neve_meta_disable_header":"","neve_meta_disable_footer":"","neve_meta_disable_title":""},"product_cat":[118],"product_tag":[],"class_list":{"0":"post-668","1":"product","2":"type-product","3":"status-publish","4":"has-post-thumbnail","6":"product_cat-skjortor-huvtrojor-colleges","8":"first","9":"instock","10":"taxable","11":"shipping-taxable","12":"purchasable","13":"product-type-variable"},"yoast_head":"<!-- This site is optimized with the Yoast SEO plugin v23.9 - https:\/\/yoast.com\/wordpress\/plugins\/seo\/ -->\n<title>RSK | College (marinbl\u00e5) - Raseborgs segelklubb - rsk ry<\/title>\n<meta name=\"robots\" content=\"noindex, follow, max-snippet:-1, max-image-preview:large, max-video-preview:-1\" \/>\n<meta property=\"og:locale\" content=\"sv_SE\" \/>\n<meta property=\"og:type\" content=\"article\" \/>\n<meta property=\"og:title\" content=\"RSK | College (marinbl\u00e5) - Raseborgs segelklubb - rsk ry\" \/>\n<meta property=\"og:description\" content=\"Lyft din stil med denna ekologiska sweatshirt i unisexmodell. Skjortan har en elegant, krispig look och passar utm\u00e4rkt till b\u00e5de avslappnade och mer uppkl\u00e4dda outfits. Sweatshirten \u00e4r tillverkad av ekologiska och \u00e5tervunna material och \u00e4r slitstark, sk\u00f6n och extra mjuk. &#8211; 85 % ekologisk ringspunnen kammad bomull, 15 % \u00e5tervunnen polyester &#8211; Tygvikt: 350 g\/m\u00b2&hellip;&nbsp;L\u00e4s mer &raquo;RSK | College (marinbl\u00e5)\" \/>\n<meta property=\"og:url\" content=\"https:\/\/rsk.podkauppa.fi\/sv\/tuote\/rsk-collage\/\" \/>\n<meta property=\"og:site_name\" content=\"Raseborgs segelklubb - rsk ry\" \/>\n<meta property=\"article:modified_time\" content=\"2023-06-13T16:32:17+00:00\" \/>\n<meta property=\"og:image\" content=\"https:\/\/rsk.podkauppa.fi\/wp-content\/uploads\/2022\/03\/unisex-eco-sweatshirt-french-navy-zoomed-in-6224bd8ed795b.jpg\" \/>\n\t<meta property=\"og:image:width\" content=\"1000\" \/>\n\t<meta property=\"og:image:height\" content=\"1000\" \/>\n\t<meta property=\"og:image:type\" content=\"image\/jpeg\" \/>\n<meta name=\"twitter:card\" content=\"summary_large_image\" \/>\n<meta name=\"twitter:label1\" content=\"Ber\u00e4knad l\u00e4stid\" \/>\n\t<meta name=\"twitter:data1\" content=\"1 minut\" \/>\n<script type=\"application\/ld+json\" class=\"yoast-schema-graph\">{\"@context\":\"https:\/\/schema.org\",\"@graph\":[{\"@type\":\"WebPage\",\"@id\":\"https:\/\/rsk.podkauppa.fi\/sv\/tuote\/rsk-collage\/\",\"url\":\"https:\/\/rsk.podkauppa.fi\/sv\/tuote\/rsk-collage\/\",\"name\":\"RSK | College (marinbl\u00e5) - Raseborgs segelklubb - rsk ry\",\"isPartOf\":{\"@id\":\"https:\/\/rsk.podkauppa.fi\/sv\/#website\"},\"primaryImageOfPage\":{\"@id\":\"https:\/\/rsk.podkauppa.fi\/sv\/tuote\/rsk-collage\/#primaryimage\"},\"image\":{\"@id\":\"https:\/\/rsk.podkauppa.fi\/sv\/tuote\/rsk-collage\/#primaryimage\"},\"thumbnailUrl\":\"https:\/\/rsk.podkauppa.fi\/wp-content\/uploads\/2022\/03\/unisex-eco-sweatshirt-french-navy-zoomed-in-6224bd8ed795b.jpg\",\"datePublished\":\"2022-03-06T13:56:39+00:00\",\"dateModified\":\"2023-06-13T16:32:17+00:00\",\"breadcrumb\":{\"@id\":\"https:\/\/rsk.podkauppa.fi\/sv\/tuote\/rsk-collage\/#breadcrumb\"},\"inLanguage\":\"sv-SE\",\"potentialAction\":[{\"@type\":\"ReadAction\",\"target\":[\"https:\/\/rsk.podkauppa.fi\/sv\/tuote\/rsk-collage\/\"]}]},{\"@type\":\"ImageObject\",\"inLanguage\":\"sv-SE\",\"@id\":\"https:\/\/rsk.podkauppa.fi\/sv\/tuote\/rsk-collage\/#primaryimage\",\"url\":\"https:\/\/rsk.podkauppa.fi\/wp-content\/uploads\/2022\/03\/unisex-eco-sweatshirt-french-navy-zoomed-in-6224bd8ed795b.jpg\",\"contentUrl\":\"https:\/\/rsk.podkauppa.fi\/wp-content\/uploads\/2022\/03\/unisex-eco-sweatshirt-french-navy-zoomed-in-6224bd8ed795b.jpg\",\"width\":1000,\"height\":1000},{\"@type\":\"BreadcrumbList\",\"@id\":\"https:\/\/rsk.podkauppa.fi\/sv\/tuote\/rsk-collage\/#breadcrumb\",\"itemListElement\":[{\"@type\":\"ListItem\",\"position\":1,\"name\":\"Etusivu\",\"item\":\"https:\/\/rsk.podkauppa.fi\/sv\/butik\/\"},{\"@type\":\"ListItem\",\"position\":2,\"name\":\"Butik\",\"item\":\"https:\/\/rsk.podkauppa.fi\/sv\/butik\/\"},{\"@type\":\"ListItem\",\"position\":3,\"name\":\"RSK | College (marinbl\u00e5)\"}]},{\"@type\":\"WebSite\",\"@id\":\"https:\/\/rsk.podkauppa.fi\/sv\/#website\",\"url\":\"https:\/\/rsk.podkauppa.fi\/sv\/\",\"name\":\"Raseborgs segelklubb - rsk ry\",\"description\":\"Verkkokauppa\",\"publisher\":{\"@id\":\"https:\/\/rsk.podkauppa.fi\/sv\/#organization\"},\"potentialAction\":[{\"@type\":\"SearchAction\",\"target\":{\"@type\":\"EntryPoint\",\"urlTemplate\":\"https:\/\/rsk.podkauppa.fi\/sv\/?s={search_term_string}\"},\"query-input\":{\"@type\":\"PropertyValueSpecification\",\"valueRequired\":true,\"valueName\":\"search_term_string\"}}],\"inLanguage\":\"sv-SE\"},{\"@type\":\"Organization\",\"@id\":\"https:\/\/rsk.podkauppa.fi\/sv\/#organization\",\"name\":\"Raseborgs segelklubb - rsk ry\",\"url\":\"https:\/\/rsk.podkauppa.fi\/sv\/\",\"logo\":{\"@type\":\"ImageObject\",\"inLanguage\":\"sv-SE\",\"@id\":\"https:\/\/rsk.podkauppa.fi\/sv\/#\/schema\/logo\/image\/\",\"url\":\"https:\/\/rsk.podkauppa.fi\/wp-content\/uploads\/2022\/03\/cropped-seuranlippu.jpg\",\"contentUrl\":\"https:\/\/rsk.podkauppa.fi\/wp-content\/uploads\/2022\/03\/cropped-seuranlippu.jpg\",\"width\":130,\"height\":129,\"caption\":\"Raseborgs segelklubb - rsk ry\"},\"image\":{\"@id\":\"https:\/\/rsk.podkauppa.fi\/sv\/#\/schema\/logo\/image\/\"}}]}<\/script>\n<!-- \/ Yoast SEO plugin. -->","yoast_head_json":{"title":"RSK | College (marinbl\u00e5) - Raseborgs segelklubb - rsk ry","robots":{"index":"noindex","follow":"follow","max-snippet":"max-snippet:-1","max-image-preview":"max-image-preview:large","max-video-preview":"max-video-preview:-1"},"og_locale":"sv_SE","og_type":"article","og_title":"RSK | College (marinbl\u00e5) - Raseborgs segelklubb - rsk ry","og_description":"Lyft din stil med denna ekologiska sweatshirt i unisexmodell. Skjortan har en elegant, krispig look och passar utm\u00e4rkt till b\u00e5de avslappnade och mer uppkl\u00e4dda outfits. Sweatshirten \u00e4r tillverkad av ekologiska och \u00e5tervunna material och \u00e4r slitstark, sk\u00f6n och extra mjuk. &#8211; 85 % ekologisk ringspunnen kammad bomull, 15 % \u00e5tervunnen polyester &#8211; Tygvikt: 350 g\/m\u00b2&hellip;&nbsp;L\u00e4s mer &raquo;RSK | College (marinbl\u00e5)","og_url":"https:\/\/rsk.podkauppa.fi\/sv\/tuote\/rsk-collage\/","og_site_name":"Raseborgs segelklubb - rsk ry","article_modified_time":"2023-06-13T16:32:17+00:00","og_image":[{"width":1000,"height":1000,"url":"https:\/\/rsk.podkauppa.fi\/wp-content\/uploads\/2022\/03\/unisex-eco-sweatshirt-french-navy-zoomed-in-6224bd8ed795b.jpg","type":"image\/jpeg"}],"twitter_card":"summary_large_image","twitter_misc":{"Ber\u00e4knad l\u00e4stid":"1 minut"},"schema":{"@context":"https:\/\/schema.org","@graph":[{"@type":"WebPage","@id":"https:\/\/rsk.podkauppa.fi\/sv\/tuote\/rsk-collage\/","url":"https:\/\/rsk.podkauppa.fi\/sv\/tuote\/rsk-collage\/","name":"RSK | College (marinbl\u00e5) - Raseborgs segelklubb - rsk ry","isPartOf":{"@id":"https:\/\/rsk.podkauppa.fi\/sv\/#website"},"primaryImageOfPage":{"@id":"https:\/\/rsk.podkauppa.fi\/sv\/tuote\/rsk-collage\/#primaryimage"},"image":{"@id":"https:\/\/rsk.podkauppa.fi\/sv\/tuote\/rsk-collage\/#primaryimage"},"thumbnailUrl":"https:\/\/rsk.podkauppa.fi\/wp-content\/uploads\/2022\/03\/unisex-eco-sweatshirt-french-navy-zoomed-in-6224bd8ed795b.jpg","datePublished":"2022-03-06T13:56:39+00:00","dateModified":"2023-06-13T16:32:17+00:00","breadcrumb":{"@id":"https:\/\/rsk.podkauppa.fi\/sv\/tuote\/rsk-collage\/#breadcrumb"},"inLanguage":"sv-SE","potentialAction":[{"@type":"ReadAction","target":["https:\/\/rsk.podkauppa.fi\/sv\/tuote\/rsk-collage\/"]}]},{"@type":"ImageObject","inLanguage":"sv-SE","@id":"https:\/\/rsk.podkauppa.fi\/sv\/tuote\/rsk-collage\/#primaryimage","url":"https:\/\/rsk.podkauppa.fi\/wp-content\/uploads\/2022\/03\/unisex-eco-sweatshirt-french-navy-zoomed-in-6224bd8ed795b.jpg","contentUrl":"https:\/\/rsk.podkauppa.fi\/wp-content\/uploads\/2022\/03\/unisex-eco-sweatshirt-french-navy-zoomed-in-6224bd8ed795b.jpg","width":1000,"height":1000},{"@type":"BreadcrumbList","@id":"https:\/\/rsk.podkauppa.fi\/sv\/tuote\/rsk-collage\/#breadcrumb","itemListElement":[{"@type":"ListItem","position":1,"name":"Etusivu","item":"https:\/\/rsk.podkauppa.fi\/sv\/butik\/"},{"@type":"ListItem","position":2,"name":"Butik","item":"https:\/\/rsk.podkauppa.fi\/sv\/butik\/"},{"@type":"ListItem","position":3,"name":"RSK | College (marinbl\u00e5)"}]},{"@type":"WebSite","@id":"https:\/\/rsk.podkauppa.fi\/sv\/#website","url":"https:\/\/rsk.podkauppa.fi\/sv\/","name":"Raseborgs segelklubb - rsk ry","description":"Verkkokauppa","publisher":{"@id":"https:\/\/rsk.podkauppa.fi\/sv\/#organization"},"potentialAction":[{"@type":"SearchAction","target":{"@type":"EntryPoint","urlTemplate":"https:\/\/rsk.podkauppa.fi\/sv\/?s={search_term_string}"},"query-input":{"@type":"PropertyValueSpecification","valueRequired":true,"valueName":"search_term_string"}}],"inLanguage":"sv-SE"},{"@type":"Organization","@id":"https:\/\/rsk.podkauppa.fi\/sv\/#organization","name":"Raseborgs segelklubb - rsk ry","url":"https:\/\/rsk.podkauppa.fi\/sv\/","logo":{"@type":"ImageObject","inLanguage":"sv-SE","@id":"https:\/\/rsk.podkauppa.fi\/sv\/#\/schema\/logo\/image\/","url":"https:\/\/rsk.podkauppa.fi\/wp-content\/uploads\/2022\/03\/cropped-seuranlippu.jpg","contentUrl":"https:\/\/rsk.podkauppa.fi\/wp-content\/uploads\/2022\/03\/cropped-seuranlippu.jpg","width":130,"height":129,"caption":"Raseborgs segelklubb - rsk ry"},"image":{"@id":"https:\/\/rsk.podkauppa.fi\/sv\/#\/schema\/logo\/image\/"}}]}},"jetpack_sharing_enabled":true,"_links":{"self":[{"href":"https:\/\/rsk.podkauppa.fi\/sv\/wp-json\/wp\/v2\/product\/668"}],"collection":[{"href":"https:\/\/rsk.podkauppa.fi\/sv\/wp-json\/wp\/v2\/product"}],"about":[{"href":"https:\/\/rsk.podkauppa.fi\/sv\/wp-json\/wp\/v2\/types\/product"}],"replies":[{"embeddable":true,"href":"https:\/\/rsk.podkauppa.fi\/sv\/wp-json\/wp\/v2\/comments?post=668"}],"wp:featuredmedia":[{"embeddable":true,"href":"https:\/\/rsk.podkauppa.fi\/sv\/wp-json\/wp\/v2\/media\/354"}],"wp:attachment":[{"href":"https:\/\/rsk.podkauppa.fi\/sv\/wp-json\/wp\/v2\/media?parent=668"}],"wp:term":[{"taxonomy":"product_cat","embeddable":true,"href":"https:\/\/rsk.podkauppa.fi\/sv\/wp-json\/wp\/v2\/product_cat?post=668"},{"taxonomy":"product_tag","embeddable":true,"href":"https:\/\/rsk.podkauppa.fi\/sv\/wp-json\/wp\/v2\/product_tag?post=668"}],"curies":[{"name":"wp","href":"https:\/\/api.w.org\/{rel}","templated":true}]}}