{"id":718,"date":"2022-03-13T21:00:30","date_gmt":"2022-03-13T21:00:30","guid":{"rendered":"https:\/\/rsk.podkauppa.fi\/leveransvillkor\/"},"modified":"2023-06-13T16:38:30","modified_gmt":"2023-06-13T16:38:30","slug":"leveransvillkor","status":"publish","type":"page","link":"https:\/\/rsk.podkauppa.fi\/sv\/leveransvillkor\/","title":{"rendered":"Leveransvillkor"},"content":{"rendered":"<h3 class=\"wp-block-heading\">Allm\u00e4n information<\/h3><p>podkauppa.fi (\u00d6stman Group Oy Ab, FO-nummer: 2789342-7, adress: T\u00f6rm\u00e4niityntie 15 C 36, 02710 Espoo); s\u00e4ljer produkter till f\u00f6retag och vuxna privatpersoner i EU. Dessa leveransvillkor g\u00e4ller f\u00f6r best\u00e4llningar av produkter i v\u00e5r onlinebutik och f\u00f6r liknande leveranser.<\/p><p>Dessa villkor g\u00e4ller fr\u00e5n och med den 1.11.2022. Vi kan ensidigt \u00e4ndra v\u00e5ra leveransvillkor fr\u00e5n tid till annan, s\u00e5 kontrollera v\u00e5ra leveransvillkor varje g\u00e5ng du best\u00e4ller produkter fr\u00e5n v\u00e5r onlinebutik.<\/p><h3 class=\"wp-block-heading\">Produkter och produktpriser<\/h3><p>Egenskaperna och priserna f\u00f6r produkterna i onlinebutiken visas i produktbeskrivningen f\u00f6r varje produkt. Vi f\u00f6rbeh\u00e5ller oss r\u00e4tten att \u00e4ndra priser och leveransavgifter, s\u00e5 var v\u00e4nlig kontrollera med oss. priser i din kundvagn innan du accepterar best\u00e4llningen. Priserna p\u00e5 produkterna inkluderar skatter, som kommer att anges i kundvagnen och i orderbekr\u00e4ftelsen.<\/p><h3 class=\"wp-block-heading\">Leveransavgifter<\/h3><p>Eventuella leveranskostnader som kan debiteras f\u00f6r en best\u00e4llning beror p\u00e5 sj\u00e4lva produkten (t.ex. vikt, f\u00f6rpackning) och den valda leveransmetoden och l\u00e4ggs automatiskt till det totala beloppet f\u00f6r best\u00e4llningen. Du kan se leveransavgifterna (om n\u00e5gra) f\u00f6r din best\u00e4llning i din kundvagn innan du accepterar best\u00e4llningen.<\/p><h3 class=\"wp-block-heading\">Best\u00e4llning och avtal<\/h3><p>Du kan best\u00e4lla produkter p\u00e5 v\u00e5r webbshop genom att l\u00e4gga dem i din varukorg, bekr\u00e4fta din best\u00e4llning och betala f\u00f6r inneh\u00e5llet i din varukorg via betalningstj\u00e4nsten. N\u00e4r du best\u00e4ller fr\u00e5n v\u00e5r onlinebutik m\u00e5ste du ha l\u00e4st och godk\u00e4nt v\u00e5ra aktuella leveransvillkor. Du f\u00f6rst\u00e5r att din best\u00e4llning som accepteras och bekr\u00e4ftas av oss \u00e4r, f\u00f6rutom i den utstr\u00e4ckning som \u00e5ngerr\u00e4tten n\u00e4mns nedan, bindande och skapar ett avtal med dessa leveransvillkor mellan oss.<\/p><h3 class=\"wp-block-heading\">Betalning och betalningsmetoder<\/h3><p>Du kan betala f\u00f6r din best\u00e4llning med de betalningsmetoder som beskrivs i onlinebutiken och som finns tillg\u00e4ngliga i kundvagnen.<\/p><h3 class=\"wp-block-heading\">Order- och betalningsbekr\u00e4ftelse<\/h3><p>Efter en lyckad best\u00e4llning skickas en orderbekr\u00e4ftelse till din e-postadress, s\u00e5 ange din e-postadress och ditt telefonnummer n\u00e4r du g\u00f6r din best\u00e4llning. I orderbekr\u00e4ftelsen anges ocks\u00e5 vilken betalningsmetod som anv\u00e4nts.<\/p><p>Om vi av n\u00e5gon ov\u00e4ntad anledning inte kan bekr\u00e4fta din best\u00e4llning kommer vi att meddela dig via e-post s\u00e5 snart som m\u00f6jligt.<\/p><h3 class=\"wp-block-heading\">Leveransmetod<\/h3><p>Vi levererar din best\u00e4llning med hj\u00e4lp av en av de leveransmetoder som anges p\u00e5 v\u00e5r webbplats och som du v\u00e4ljer n\u00e4r du g\u00f6r din best\u00e4llning.<\/p><h3 class=\"wp-block-heading\">Leveranstid<\/h3><p>V\u00e5ra vanligaste leveranstider till EU \u00e4r ca 7-16 arbetsdagar, beroende p\u00e5 order och leveranss\u00e4tt. Mer specifika tider kommer att anges i produktalternativen.<\/p><h3 class=\"wp-block-heading\">\u00c5ngerr\u00e4tt och villkor f\u00f6r \u00e5terbetalning<\/h3><p>Om du \u00e4r konsument har du enligt finsk konsumentskyddslagstiftning r\u00e4tt att annullera din best\u00e4llning genom att meddela oss senast 14 dagar efter mottagandet av varorna eller den sista leveransen eller, vid regelbundna leveranser, den f\u00f6rsta leveransen.<\/p><p>\u00c5ngermeddelandet m\u00e5ste vara tydligt, t.ex. i v\u00e5rt e-postmeddelande nedan eller i ett skriftligt meddelande som du skickar med de returnerade varorna.<\/p><p><strong>info@ostmangroup.fi<\/strong> <\/p><p>\u00c5ngerr\u00e4tten g\u00e4ller endast och f\u00f6ljaktligen m\u00e5ste de produkter som returneras vara i sin originalf\u00f6rpackning, oanv\u00e4nda och v\u00e4l f\u00f6rpackade f\u00f6r retur.<\/p><p>Om transaktionen annulleras m\u00e5ste varorna returneras utan dr\u00f6jsm\u00e5l och senast 14 dagar efter det att meddelandet om annullering har skickats till v\u00e5r returadress nedan. Vid behov m\u00e5ste den person som returnerar varorna bevisa att de returnerades inom tidsfristen, till exempel med hj\u00e4lp av ett returkvitto. Den returnerande parten m\u00e5ste betala kostnaderna f\u00f6r returen. Dessa kostnader kommer inte att \u00e5terbetalas till den \u00e5terv\u00e4ndande parten.<\/p><p>N\u00e4r du returnerar en levererad best\u00e4llning ska du ange ditt namn och dina kontaktuppgifter samt ditt kontonummer f\u00f6r \u00e5terbetalning.<\/p><p>Vi kommer att \u00e5terbetala de pengar du har betalat f\u00f6r best\u00e4llningen utan dr\u00f6jsm\u00e5l i enlighet med konsumentskyddslagen.<\/p><p>V\u00e5r returadress finns p\u00e5 fraktsedeln.<\/p><h3 class=\"wp-block-heading\">Kontroll av s\u00e4ndning, fel och problem<\/h3><p>Kontrollera leveransen s\u00e5 snart du har mottagit den. Om en produkt f\u00f6rsvinner eller skadas under transporten, eller p\u00e5 annat s\u00e4tt inte \u00f6verensst\u00e4mmer med din best\u00e4llning eller \u00e4r felaktig, v\u00e4nligen meddela v\u00e5r kundtj\u00e4nst s\u00e5 snart som m\u00f6jligt och senast inom 14 dagar, s\u00e5 kommer vi \u00f6verens om hur felet ska \u00e5tg\u00e4rdas. I konsumenttransaktioner f\u00f6ljer vi de obligatoriska ansvarsbest\u00e4mmelserna i konsumentskyddslagen.<\/p><h3 class=\"wp-block-heading\">Kundservice<\/h3><p>V\u00e5r personal hj\u00e4lper dig om du har n\u00e5gra fr\u00e5gor om din best\u00e4llning. V\u00e4nligen kontakta oss, antingen via e-post eller telefon:<\/p><p>info@ostmangroup.fi<\/p><p>+358 50 344 0512<\/p><p>Ark. 9-16<\/p><h3 class=\"wp-block-heading\">Begr\u00e4nsning av ansvar<\/h3><p>\u00d6stman Group Oy Ab ansvarar inte f\u00f6r n\u00e5gon indirekt eller direkt skada eller n\u00e5gon annan skada som h\u00e4nf\u00f6r sig till best\u00e4llningen, leveransen eller produkten eller n\u00e5got av ovanst\u00e5ende, f\u00f6rutom i den utstr\u00e4ckning som en tvingande best\u00e4mmelse i konsumentskyddslagen eller annan tvingande lag har f\u00f6reskrivit n\u00e5got annat med avseende p\u00e5 skadan i fr\u00e5ga.<\/p><h3 class=\"wp-block-heading\">Oenighet<\/h3><p>Vi str\u00e4var efter att l\u00f6sa eventuella tvister om din best\u00e4llning genom \u00f6verenskommelse i f\u00f6rsta hand, s\u00e5 kontakta v\u00e5r kundtj\u00e4nst i f\u00f6rsta hand f\u00f6r att l\u00f6sa problemet.<\/p><p>Om en tvist om ett kommersiellt avtal inte kan l\u00f6sas genom f\u00f6rhandlingar mellan parterna, kan konsumenten h\u00e4nskjuta \u00e4rendet till konsumenttvistn\u00e4mnden<a href=\"http:\/\/www.kuluttajariita.fi\/\">(www.kuluttajariita.fi<\/a>). Innan \u00e4rendet f\u00f6rs till konsumenttvisten\u00e4mnden b\u00f6r konsumenten v\u00e4nda sig till magistraternas konsumentr\u00e5dgivning<a href=\"http:\/\/www.kuluttajaneuvonta.fi\/\">(www.kuluttajaneuvonta.fi<\/a>).<\/p>","protected":false},"excerpt":{"rendered":"<p>Allm\u00e4n information podkauppa.fi (\u00d6stman Group Oy Ab, FO-nummer: 2789342-7, adress: T\u00f6rm\u00e4niityntie 15 C 36, 02710 Espoo); s\u00e4ljer produkter till f\u00f6retag och vuxna privatpersoner i EU. Dessa leveransvillkor g\u00e4ller f\u00f6r best\u00e4llningar av produkter i v\u00e5r onlinebutik och f\u00f6r liknande leveranser. Dessa villkor g\u00e4ller fr\u00e5n och med den 1.11.2022. Vi kan ensidigt \u00e4ndra v\u00e5ra leveransvillkor fr\u00e5n tid&hellip;&nbsp;<a href=\"https:\/\/rsk.podkauppa.fi\/sv\/leveransvillkor\/\" rel=\"bookmark\">L\u00e4s mer &raquo;<span class=\"screen-reader-text\">Leveransvillkor<\/span><\/a><\/p>\n","protected":false},"author":1,"featured_media":0,"parent":0,"menu_order":0,"comment_status":"closed","ping_status":"closed","template":"","meta":{"neve_meta_sidebar":"","neve_meta_container":"","neve_meta_enable_content_width":"","neve_meta_content_width":0,"neve_meta_title_alignment":"","neve_meta_author_avatar":"","neve_post_elements_order":"","neve_meta_disable_header":"","neve_meta_disable_footer":"","neve_meta_disable_title":"","footnotes":""},"class_list":["post-718","page","type-page","status-publish","hentry"],"yoast_head":"<!-- This site is optimized with the Yoast SEO plugin v23.9 - https:\/\/yoast.com\/wordpress\/plugins\/seo\/ -->\n<title>Leveransvillkor - Raseborgs segelklubb - rsk ry<\/title>\n<meta name=\"robots\" content=\"noindex, follow, max-snippet:-1, max-image-preview:large, max-video-preview:-1\" \/>\n<meta property=\"og:locale\" content=\"sv_SE\" \/>\n<meta property=\"og:type\" content=\"article\" \/>\n<meta property=\"og:title\" content=\"Leveransvillkor - Raseborgs segelklubb - rsk ry\" \/>\n<meta property=\"og:description\" content=\"Allm\u00e4n information podkauppa.fi (\u00d6stman Group Oy Ab, FO-nummer: 2789342-7, adress: T\u00f6rm\u00e4niityntie 15 C 36, 02710 Espoo); s\u00e4ljer produkter till f\u00f6retag och vuxna privatpersoner i EU. Dessa leveransvillkor g\u00e4ller f\u00f6r best\u00e4llningar av produkter i v\u00e5r onlinebutik och f\u00f6r liknande leveranser. Dessa villkor g\u00e4ller fr\u00e5n och med den 1.11.2022. Vi kan ensidigt \u00e4ndra v\u00e5ra leveransvillkor fr\u00e5n tid&hellip;&nbsp;L\u00e4s mer &raquo;Leveransvillkor\" \/>\n<meta property=\"og:url\" content=\"https:\/\/rsk.podkauppa.fi\/sv\/leveransvillkor\/\" \/>\n<meta property=\"og:site_name\" content=\"Raseborgs segelklubb - rsk ry\" \/>\n<meta property=\"article:modified_time\" content=\"2023-06-13T16:38:30+00:00\" \/>\n<meta name=\"twitter:card\" content=\"summary_large_image\" \/>\n<meta name=\"twitter:label1\" content=\"Ber\u00e4knad l\u00e4stid\" \/>\n\t<meta name=\"twitter:data1\" content=\"5 minuter\" \/>\n<script type=\"application\/ld+json\" class=\"yoast-schema-graph\">{\"@context\":\"https:\/\/schema.org\",\"@graph\":[{\"@type\":\"WebPage\",\"@id\":\"https:\/\/rsk.podkauppa.fi\/sv\/leveransvillkor\/\",\"url\":\"https:\/\/rsk.podkauppa.fi\/sv\/leveransvillkor\/\",\"name\":\"Leveransvillkor - Raseborgs segelklubb - rsk ry\",\"isPartOf\":{\"@id\":\"https:\/\/rsk.podkauppa.fi\/sv\/#website\"},\"datePublished\":\"2022-03-13T21:00:30+00:00\",\"dateModified\":\"2023-06-13T16:38:30+00:00\",\"breadcrumb\":{\"@id\":\"https:\/\/rsk.podkauppa.fi\/sv\/leveransvillkor\/#breadcrumb\"},\"inLanguage\":\"sv-SE\",\"potentialAction\":[{\"@type\":\"ReadAction\",\"target\":[\"https:\/\/rsk.podkauppa.fi\/sv\/leveransvillkor\/\"]}]},{\"@type\":\"BreadcrumbList\",\"@id\":\"https:\/\/rsk.podkauppa.fi\/sv\/leveransvillkor\/#breadcrumb\",\"itemListElement\":[{\"@type\":\"ListItem\",\"position\":1,\"name\":\"Etusivu\",\"item\":\"https:\/\/rsk.podkauppa.fi\/sv\/butik\/\"},{\"@type\":\"ListItem\",\"position\":2,\"name\":\"Leveransvillkor\"}]},{\"@type\":\"WebSite\",\"@id\":\"https:\/\/rsk.podkauppa.fi\/sv\/#website\",\"url\":\"https:\/\/rsk.podkauppa.fi\/sv\/\",\"name\":\"Raseborgs segelklubb - rsk ry\",\"description\":\"Verkkokauppa\",\"publisher\":{\"@id\":\"https:\/\/rsk.podkauppa.fi\/sv\/#organization\"},\"potentialAction\":[{\"@type\":\"SearchAction\",\"target\":{\"@type\":\"EntryPoint\",\"urlTemplate\":\"https:\/\/rsk.podkauppa.fi\/sv\/?s={search_term_string}\"},\"query-input\":{\"@type\":\"PropertyValueSpecification\",\"valueRequired\":true,\"valueName\":\"search_term_string\"}}],\"inLanguage\":\"sv-SE\"},{\"@type\":\"Organization\",\"@id\":\"https:\/\/rsk.podkauppa.fi\/sv\/#organization\",\"name\":\"Raseborgs segelklubb - rsk ry\",\"url\":\"https:\/\/rsk.podkauppa.fi\/sv\/\",\"logo\":{\"@type\":\"ImageObject\",\"inLanguage\":\"sv-SE\",\"@id\":\"https:\/\/rsk.podkauppa.fi\/sv\/#\/schema\/logo\/image\/\",\"url\":\"https:\/\/rsk.podkauppa.fi\/wp-content\/uploads\/2022\/03\/cropped-seuranlippu.jpg\",\"contentUrl\":\"https:\/\/rsk.podkauppa.fi\/wp-content\/uploads\/2022\/03\/cropped-seuranlippu.jpg\",\"width\":130,\"height\":129,\"caption\":\"Raseborgs segelklubb - rsk ry\"},\"image\":{\"@id\":\"https:\/\/rsk.podkauppa.fi\/sv\/#\/schema\/logo\/image\/\"}}]}<\/script>\n<!-- \/ Yoast SEO plugin. -->","yoast_head_json":{"title":"Leveransvillkor - Raseborgs segelklubb - rsk ry","robots":{"index":"noindex","follow":"follow","max-snippet":"max-snippet:-1","max-image-preview":"max-image-preview:large","max-video-preview":"max-video-preview:-1"},"og_locale":"sv_SE","og_type":"article","og_title":"Leveransvillkor - Raseborgs segelklubb - rsk ry","og_description":"Allm\u00e4n information podkauppa.fi (\u00d6stman Group Oy Ab, FO-nummer: 2789342-7, adress: T\u00f6rm\u00e4niityntie 15 C 36, 02710 Espoo); s\u00e4ljer produkter till f\u00f6retag och vuxna privatpersoner i EU. Dessa leveransvillkor g\u00e4ller f\u00f6r best\u00e4llningar av produkter i v\u00e5r onlinebutik och f\u00f6r liknande leveranser. Dessa villkor g\u00e4ller fr\u00e5n och med den 1.11.2022. Vi kan ensidigt \u00e4ndra v\u00e5ra leveransvillkor fr\u00e5n tid&hellip;&nbsp;L\u00e4s mer &raquo;Leveransvillkor","og_url":"https:\/\/rsk.podkauppa.fi\/sv\/leveransvillkor\/","og_site_name":"Raseborgs segelklubb - rsk ry","article_modified_time":"2023-06-13T16:38:30+00:00","twitter_card":"summary_large_image","twitter_misc":{"Ber\u00e4knad l\u00e4stid":"5 minuter"},"schema":{"@context":"https:\/\/schema.org","@graph":[{"@type":"WebPage","@id":"https:\/\/rsk.podkauppa.fi\/sv\/leveransvillkor\/","url":"https:\/\/rsk.podkauppa.fi\/sv\/leveransvillkor\/","name":"Leveransvillkor - Raseborgs segelklubb - rsk ry","isPartOf":{"@id":"https:\/\/rsk.podkauppa.fi\/sv\/#website"},"datePublished":"2022-03-13T21:00:30+00:00","dateModified":"2023-06-13T16:38:30+00:00","breadcrumb":{"@id":"https:\/\/rsk.podkauppa.fi\/sv\/leveransvillkor\/#breadcrumb"},"inLanguage":"sv-SE","potentialAction":[{"@type":"ReadAction","target":["https:\/\/rsk.podkauppa.fi\/sv\/leveransvillkor\/"]}]},{"@type":"BreadcrumbList","@id":"https:\/\/rsk.podkauppa.fi\/sv\/leveransvillkor\/#breadcrumb","itemListElement":[{"@type":"ListItem","position":1,"name":"Etusivu","item":"https:\/\/rsk.podkauppa.fi\/sv\/butik\/"},{"@type":"ListItem","position":2,"name":"Leveransvillkor"}]},{"@type":"WebSite","@id":"https:\/\/rsk.podkauppa.fi\/sv\/#website","url":"https:\/\/rsk.podkauppa.fi\/sv\/","name":"Raseborgs segelklubb - rsk ry","description":"Verkkokauppa","publisher":{"@id":"https:\/\/rsk.podkauppa.fi\/sv\/#organization"},"potentialAction":[{"@type":"SearchAction","target":{"@type":"EntryPoint","urlTemplate":"https:\/\/rsk.podkauppa.fi\/sv\/?s={search_term_string}"},"query-input":{"@type":"PropertyValueSpecification","valueRequired":true,"valueName":"search_term_string"}}],"inLanguage":"sv-SE"},{"@type":"Organization","@id":"https:\/\/rsk.podkauppa.fi\/sv\/#organization","name":"Raseborgs segelklubb - rsk ry","url":"https:\/\/rsk.podkauppa.fi\/sv\/","logo":{"@type":"ImageObject","inLanguage":"sv-SE","@id":"https:\/\/rsk.podkauppa.fi\/sv\/#\/schema\/logo\/image\/","url":"https:\/\/rsk.podkauppa.fi\/wp-content\/uploads\/2022\/03\/cropped-seuranlippu.jpg","contentUrl":"https:\/\/rsk.podkauppa.fi\/wp-content\/uploads\/2022\/03\/cropped-seuranlippu.jpg","width":130,"height":129,"caption":"Raseborgs segelklubb - rsk ry"},"image":{"@id":"https:\/\/rsk.podkauppa.fi\/sv\/#\/schema\/logo\/image\/"}}]}},"jetpack_sharing_enabled":true,"_links":{"self":[{"href":"https:\/\/rsk.podkauppa.fi\/sv\/wp-json\/wp\/v2\/pages\/718"}],"collection":[{"href":"https:\/\/rsk.podkauppa.fi\/sv\/wp-json\/wp\/v2\/pages"}],"about":[{"href":"https:\/\/rsk.podkauppa.fi\/sv\/wp-json\/wp\/v2\/types\/page"}],"author":[{"embeddable":true,"href":"https:\/\/rsk.podkauppa.fi\/sv\/wp-json\/wp\/v2\/users\/1"}],"replies":[{"embeddable":true,"href":"https:\/\/rsk.podkauppa.fi\/sv\/wp-json\/wp\/v2\/comments?post=718"}],"version-history":[{"count":4,"href":"https:\/\/rsk.podkauppa.fi\/sv\/wp-json\/wp\/v2\/pages\/718\/revisions"}],"predecessor-version":[{"id":875,"href":"https:\/\/rsk.podkauppa.fi\/sv\/wp-json\/wp\/v2\/pages\/718\/revisions\/875"}],"wp:attachment":[{"href":"https:\/\/rsk.podkauppa.fi\/sv\/wp-json\/wp\/v2\/media?parent=718"}],"curies":[{"name":"wp","href":"https:\/\/api.w.org\/{rel}","templated":true}]}}