{"id":667,"date":"2022-03-06T13:20:38","date_gmt":"2022-03-06T13:20:38","guid":{"rendered":"https:\/\/rsk.podkauppa.fi\/integritetspolicy\/"},"modified":"2023-06-13T16:32:23","modified_gmt":"2023-06-13T16:32:23","slug":"integritetspolicy","status":"publish","type":"page","link":"https:\/\/rsk.podkauppa.fi\/sv\/integritetspolicy\/","title":{"rendered":"Integritetspolicy"},"content":{"rendered":"<p>Detta \u00e4r en redog\u00f6relse f\u00f6r behandlingen av personuppgifter i enlighet med EU:s allm\u00e4nna dataskyddsf\u00f6rordning (679\/2016).<\/p><h1 class=\"wp-block-heading\">Styrenhet<\/h1><p>\u00d6stman Group Oy Ab FO-nummer: 2789342-7<\/p><p>adress: T\u00f6rm\u00e4niityntie 15 C 36 , 02710 ESPOO<\/p><p>p. 0503440512<\/p><p>e-post: <a href=\"mailto:info@ostmangroup.fi\">info@ostmangroup.fi<\/a><\/p><h1 class=\"wp-block-heading\">Kontakter i fr\u00e5gor som r\u00f6r dataskydd<\/h1><p>Kevin \u00d6stman p. 0503440512<\/p><p>e-post: <a href=\"mailto:kevin.ostman@ostmangroup.fi\">kevin.ostman@ostmangroup.fi<\/a><\/p><p>I alla fr\u00e5gor som r\u00f6r behandling av personuppgifter och i situationer d\u00e4r den registrerade vill ut\u00f6va sina r\u00e4ttigheter uppmanas han eller hon att kontakta den kontaktperson som anges ovan.<\/p><h1 class=\"wp-block-heading\">Sk\u00e4l f\u00f6r och \u00e4ndam\u00e5l med behandling av personuppgifter<\/h1><p>Den r\u00e4ttsliga grunden f\u00f6r behandlingen av personuppgifter \u00e4r:<\/p><ul class=\"wp-block-list\"><li>Den registrerades samtycke till behandling av personuppgifter<\/li><li>Den personuppgiftsansvariges ber\u00e4ttigade intresse baserat p\u00e5 kundrelationen mellan den registrerade och den personuppgiftsansvarige<\/li><\/ul><p>Syftet med behandlingen av personuppgifter \u00e4r bl.a. fakturering och leverans av best\u00e4llda produkter.<\/p><h1 class=\"wp-block-heading\">Personuppgifter som behandlas<\/h1><p>Den personuppgiftsansvarige samlar endast in personuppgifter fr\u00e5n registrerade som \u00e4r relevanta och n\u00f6dv\u00e4ndiga f\u00f6r de anv\u00e4ndnings\u00e4ndam\u00e5l som beskrivs i denna integritetspolicy.<\/p><p><em>F\u00f6ljande information om registrerade personer behandlas:<\/em><\/p><ul class=\"wp-block-list\"><li>F\u00f6rnamn och efternamn<\/li><li>Adress<\/li><li>Telefonnummer<\/li><li>E-postadress<\/li><\/ul><h1 class=\"wp-block-heading\">Lagringstid f\u00f6r uppgifter<\/h1><p>Den personuppgiftsansvarige behandlar personuppgifter i 6 m\u00e5nader. I slutet av denna period kommer den personuppgiftsansvarige att radera eller anonymisera uppgifterna inom 6 m\u00e5nader i enlighet med sina raderingsprocesser.<\/p><p>Den personuppgiftsansvarige kan vara skyldig att behandla vissa personuppgifter i registret under l\u00e4ngre tid \u00e4n vad som anges ovan f\u00f6r att uppfylla krav i lag eller f\u00f6rordning.<\/p><h1 class=\"wp-block-heading\">Den registrerades r\u00e4ttigheter<\/h1><p><em>R\u00e4tt till tillg\u00e5ng till personuppgifter<\/em><\/p><p>Den registrerade har r\u00e4tt att f\u00e5 bekr\u00e4ftelse p\u00e5 om personuppgifter som r\u00f6r honom eller henne behandlas och, om s\u00e5 \u00e4r fallet, att f\u00e5 en kopia av sina personuppgifter.<\/p><p><em>R\u00e4tt till r\u00e4ttelse<\/em><\/p><p>Den registrerade har r\u00e4tt att beg\u00e4ra att felaktiga eller inkorrekta personuppgifter om honom eller henne korrigeras. Den registrerade har ocks\u00e5 r\u00e4tt att f\u00e5 ofullst\u00e4ndiga personuppgifter kompletterade genom att tillhandah\u00e5lla n\u00f6dv\u00e4ndig ytterligare information.<\/p><p><em>R\u00e4tt till radering<\/em><\/p><p>Den registrerade har r\u00e4tt att beg\u00e4ra radering av personuppgifter som r\u00f6r honom eller henne om.<\/p><ol class=\"wp-block-list\" type=\"a\"><li>personuppgifterna inte l\u00e4ngre beh\u00f6vs f\u00f6r de \u00e4ndam\u00e5l f\u00f6r vilka de samlades in;<\/li><\/ol><ul class=\"wp-block-list\"><li>den registrerade \u00e5terkallar det samtycke som behandlingen av personuppgifterna grundades p\u00e5 och det inte finns n\u00e5gon annan laglig grund f\u00f6r behandlingen, eller<\/li><li>personuppgifterna har behandlats p\u00e5 ett olagligt s\u00e4tt.<\/li><\/ul><p><em>R\u00e4tt till begr\u00e4nsning av behandling<\/em><\/p><p>Den registrerade har r\u00e4tt att begr\u00e4nsa behandlingen av personuppgifter som r\u00f6r honom eller henne om.<\/p><ol class=\"wp-block-list\" type=\"a\"><li>Den registrerade bestrider att hans eller hennes personuppgifter \u00e4r korrekta;<\/li><\/ol><ul class=\"wp-block-list\"><li>behandlingen \u00e4r olaglig och den registrerade mots\u00e4tter sig radering av sina personuppgifter och i st\u00e4llet beg\u00e4r begr\u00e4nsning av deras anv\u00e4ndning, eller<\/li><li>den personuppgiftsansvarige inte l\u00e4ngre beh\u00f6ver personuppgifterna f\u00f6r de \u00e4ndam\u00e5l f\u00f6r vilka de ursprungligen behandlades, men den registrerade beh\u00f6ver dem f\u00f6r att fastst\u00e4lla, g\u00f6ra g\u00e4llande eller f\u00f6rsvara r\u00e4ttsliga anspr\u00e5k.<\/li><\/ul><p><em>R\u00e4tt att inv\u00e4nda<\/em><\/p><p>Den registrerade har r\u00e4tt att n\u00e4r som helst, av sk\u00e4l som h\u00e4nf\u00f6r sig till hans eller hennes s\u00e4rskilda situation, inv\u00e4nda mot behandlingen av personuppgifter som r\u00f6r honom eller henne.<\/p><p>Den personuppgiftsansvarige ska inte l\u00e4ngre behandla den registrerades personuppgifter, om inte den personuppgiftsansvarige kan p\u00e5visa tvingande ber\u00e4ttigade sk\u00e4l f\u00f6r behandlingen som v\u00e4ger tyngre \u00e4n den registrerades intressen, r\u00e4ttigheter och friheter eller f\u00f6r fastst\u00e4llande, ut\u00f6vande eller f\u00f6rsvar av r\u00e4ttsliga anspr\u00e5k.<\/p><p>Om personuppgifter behandlas f\u00f6r direkt marknadsf\u00f6ring har den registrerade r\u00e4tt att n\u00e4r som helst inv\u00e4nda mot behandlingen av personuppgifter som r\u00f6r honom eller henne f\u00f6r s\u00e5dan marknadsf\u00f6ring, inklusive.<\/p><p>profilering n\u00e4r den \u00e4r relaterad till s\u00e5dan direktmarknadsf\u00f6ring.<\/p><p><em>R\u00e4tt att \u00e5terkalla samtycke<\/em><\/p><p>Den registrerade har r\u00e4tt att n\u00e4r som helst \u00e5terkalla sitt samtycke till behandling, utan att det p\u00e5verkar lagligheten av den behandling som utf\u00f6rts p\u00e5 grundval av samtycket.<\/p><p><em>R\u00e4tt att \u00f6verf\u00f6ra uppgifter fr\u00e5n ett system till ett annat<\/em><\/p><p>Den registrerade har r\u00e4tt att f\u00e5 ut personuppgifter som r\u00f6r honom eller henne och som tillhandah\u00e5llits av honom eller henne i ett strukturerat, allm\u00e4nt anv\u00e4nt och maskinl\u00e4sbart format samt r\u00e4tt att \u00f6verf\u00f6ra s\u00e5dana uppgifter till en annan personuppgiftsansvarig.<\/p><p><em>R\u00e4tt att l\u00e4mna in ett klagom\u00e5l till en tillsynsmyndighet<\/em><\/p><p>Den nationella tillsynsmyndigheten f\u00f6r personuppgiftsfr\u00e5gor \u00e4r ombudsmannen f\u00f6r dataskydd, som \u00e4r knuten till justitieministeriet. Du har r\u00e4tt att v\u00e4nda dig till tillsynsmyndigheten om du anser att behandlingen av dina personuppgifter strider mot g\u00e4llande lagstiftning.<\/p>","protected":false},"excerpt":{"rendered":"<p>Detta \u00e4r en redog\u00f6relse f\u00f6r behandlingen av personuppgifter i enlighet med EU:s allm\u00e4nna dataskyddsf\u00f6rordning (679\/2016). Styrenhet \u00d6stman Group Oy Ab FO-nummer: 2789342-7 adress: T\u00f6rm\u00e4niityntie 15 C 36 , 02710 ESPOO p. 0503440512 e-post: info@ostmangroup.fi Kontakter i fr\u00e5gor som r\u00f6r dataskydd Kevin \u00d6stman p. 0503440512 e-post: kevin.ostman@ostmangroup.fi I alla fr\u00e5gor som r\u00f6r behandling av personuppgifter och&hellip;&nbsp;<a href=\"https:\/\/rsk.podkauppa.fi\/sv\/integritetspolicy\/\" rel=\"bookmark\">L\u00e4s mer &raquo;<span class=\"screen-reader-text\">Integritetspolicy<\/span><\/a><\/p>\n","protected":false},"author":1,"featured_media":0,"parent":0,"menu_order":0,"comment_status":"closed","ping_status":"closed","template":"","meta":{"neve_meta_sidebar":"","neve_meta_container":"","neve_meta_enable_content_width":"","neve_meta_content_width":0,"neve_meta_title_alignment":"","neve_meta_author_avatar":"","neve_post_elements_order":"","neve_meta_disable_header":"","neve_meta_disable_footer":"","neve_meta_disable_title":"","footnotes":""},"class_list":["post-667","page","type-page","status-publish","hentry"],"yoast_head":"<!-- This site is optimized with the Yoast SEO plugin v23.9 - https:\/\/yoast.com\/wordpress\/plugins\/seo\/ -->\n<title>Integritetspolicy - Raseborgs segelklubb - rsk ry<\/title>\n<meta name=\"robots\" content=\"noindex, follow, max-snippet:-1, max-image-preview:large, max-video-preview:-1\" \/>\n<meta property=\"og:locale\" content=\"sv_SE\" \/>\n<meta property=\"og:type\" content=\"article\" \/>\n<meta property=\"og:title\" content=\"Integritetspolicy - Raseborgs segelklubb - rsk ry\" \/>\n<meta property=\"og:description\" content=\"Detta \u00e4r en redog\u00f6relse f\u00f6r behandlingen av personuppgifter i enlighet med EU:s allm\u00e4nna dataskyddsf\u00f6rordning (679\/2016). Styrenhet \u00d6stman Group Oy Ab FO-nummer: 2789342-7 adress: T\u00f6rm\u00e4niityntie 15 C 36 , 02710 ESPOO p. 0503440512 e-post: info@ostmangroup.fi Kontakter i fr\u00e5gor som r\u00f6r dataskydd Kevin \u00d6stman p. 0503440512 e-post: kevin.ostman@ostmangroup.fi I alla fr\u00e5gor som r\u00f6r behandling av personuppgifter och&hellip;&nbsp;L\u00e4s mer &raquo;Integritetspolicy\" \/>\n<meta property=\"og:url\" content=\"https:\/\/rsk.podkauppa.fi\/sv\/integritetspolicy\/\" \/>\n<meta property=\"og:site_name\" content=\"Raseborgs segelklubb - rsk ry\" \/>\n<meta property=\"article:modified_time\" content=\"2023-06-13T16:32:23+00:00\" \/>\n<meta name=\"twitter:card\" content=\"summary_large_image\" \/>\n<meta name=\"twitter:label1\" content=\"Ber\u00e4knad l\u00e4stid\" \/>\n\t<meta name=\"twitter:data1\" content=\"4 minuter\" \/>\n<script type=\"application\/ld+json\" class=\"yoast-schema-graph\">{\"@context\":\"https:\/\/schema.org\",\"@graph\":[{\"@type\":\"WebPage\",\"@id\":\"https:\/\/rsk.podkauppa.fi\/sv\/integritetspolicy\/\",\"url\":\"https:\/\/rsk.podkauppa.fi\/sv\/integritetspolicy\/\",\"name\":\"Integritetspolicy - Raseborgs segelklubb - rsk ry\",\"isPartOf\":{\"@id\":\"https:\/\/rsk.podkauppa.fi\/sv\/#website\"},\"datePublished\":\"2022-03-06T13:20:38+00:00\",\"dateModified\":\"2023-06-13T16:32:23+00:00\",\"breadcrumb\":{\"@id\":\"https:\/\/rsk.podkauppa.fi\/sv\/integritetspolicy\/#breadcrumb\"},\"inLanguage\":\"sv-SE\",\"potentialAction\":[{\"@type\":\"ReadAction\",\"target\":[\"https:\/\/rsk.podkauppa.fi\/sv\/integritetspolicy\/\"]}]},{\"@type\":\"BreadcrumbList\",\"@id\":\"https:\/\/rsk.podkauppa.fi\/sv\/integritetspolicy\/#breadcrumb\",\"itemListElement\":[{\"@type\":\"ListItem\",\"position\":1,\"name\":\"Etusivu\",\"item\":\"https:\/\/rsk.podkauppa.fi\/sv\/butik\/\"},{\"@type\":\"ListItem\",\"position\":2,\"name\":\"Integritetspolicy\"}]},{\"@type\":\"WebSite\",\"@id\":\"https:\/\/rsk.podkauppa.fi\/sv\/#website\",\"url\":\"https:\/\/rsk.podkauppa.fi\/sv\/\",\"name\":\"Raseborgs segelklubb - rsk ry\",\"description\":\"Verkkokauppa\",\"publisher\":{\"@id\":\"https:\/\/rsk.podkauppa.fi\/sv\/#organization\"},\"potentialAction\":[{\"@type\":\"SearchAction\",\"target\":{\"@type\":\"EntryPoint\",\"urlTemplate\":\"https:\/\/rsk.podkauppa.fi\/sv\/?s={search_term_string}\"},\"query-input\":{\"@type\":\"PropertyValueSpecification\",\"valueRequired\":true,\"valueName\":\"search_term_string\"}}],\"inLanguage\":\"sv-SE\"},{\"@type\":\"Organization\",\"@id\":\"https:\/\/rsk.podkauppa.fi\/sv\/#organization\",\"name\":\"Raseborgs segelklubb - rsk ry\",\"url\":\"https:\/\/rsk.podkauppa.fi\/sv\/\",\"logo\":{\"@type\":\"ImageObject\",\"inLanguage\":\"sv-SE\",\"@id\":\"https:\/\/rsk.podkauppa.fi\/sv\/#\/schema\/logo\/image\/\",\"url\":\"https:\/\/rsk.podkauppa.fi\/wp-content\/uploads\/2022\/03\/cropped-seuranlippu.jpg\",\"contentUrl\":\"https:\/\/rsk.podkauppa.fi\/wp-content\/uploads\/2022\/03\/cropped-seuranlippu.jpg\",\"width\":130,\"height\":129,\"caption\":\"Raseborgs segelklubb - rsk ry\"},\"image\":{\"@id\":\"https:\/\/rsk.podkauppa.fi\/sv\/#\/schema\/logo\/image\/\"}}]}<\/script>\n<!-- \/ Yoast SEO plugin. -->","yoast_head_json":{"title":"Integritetspolicy - Raseborgs segelklubb - rsk ry","robots":{"index":"noindex","follow":"follow","max-snippet":"max-snippet:-1","max-image-preview":"max-image-preview:large","max-video-preview":"max-video-preview:-1"},"og_locale":"sv_SE","og_type":"article","og_title":"Integritetspolicy - Raseborgs segelklubb - rsk ry","og_description":"Detta \u00e4r en redog\u00f6relse f\u00f6r behandlingen av personuppgifter i enlighet med EU:s allm\u00e4nna dataskyddsf\u00f6rordning (679\/2016). Styrenhet \u00d6stman Group Oy Ab FO-nummer: 2789342-7 adress: T\u00f6rm\u00e4niityntie 15 C 36 , 02710 ESPOO p. 0503440512 e-post: info@ostmangroup.fi Kontakter i fr\u00e5gor som r\u00f6r dataskydd Kevin \u00d6stman p. 0503440512 e-post: kevin.ostman@ostmangroup.fi I alla fr\u00e5gor som r\u00f6r behandling av personuppgifter och&hellip;&nbsp;L\u00e4s mer &raquo;Integritetspolicy","og_url":"https:\/\/rsk.podkauppa.fi\/sv\/integritetspolicy\/","og_site_name":"Raseborgs segelklubb - rsk ry","article_modified_time":"2023-06-13T16:32:23+00:00","twitter_card":"summary_large_image","twitter_misc":{"Ber\u00e4knad l\u00e4stid":"4 minuter"},"schema":{"@context":"https:\/\/schema.org","@graph":[{"@type":"WebPage","@id":"https:\/\/rsk.podkauppa.fi\/sv\/integritetspolicy\/","url":"https:\/\/rsk.podkauppa.fi\/sv\/integritetspolicy\/","name":"Integritetspolicy - Raseborgs segelklubb - rsk ry","isPartOf":{"@id":"https:\/\/rsk.podkauppa.fi\/sv\/#website"},"datePublished":"2022-03-06T13:20:38+00:00","dateModified":"2023-06-13T16:32:23+00:00","breadcrumb":{"@id":"https:\/\/rsk.podkauppa.fi\/sv\/integritetspolicy\/#breadcrumb"},"inLanguage":"sv-SE","potentialAction":[{"@type":"ReadAction","target":["https:\/\/rsk.podkauppa.fi\/sv\/integritetspolicy\/"]}]},{"@type":"BreadcrumbList","@id":"https:\/\/rsk.podkauppa.fi\/sv\/integritetspolicy\/#breadcrumb","itemListElement":[{"@type":"ListItem","position":1,"name":"Etusivu","item":"https:\/\/rsk.podkauppa.fi\/sv\/butik\/"},{"@type":"ListItem","position":2,"name":"Integritetspolicy"}]},{"@type":"WebSite","@id":"https:\/\/rsk.podkauppa.fi\/sv\/#website","url":"https:\/\/rsk.podkauppa.fi\/sv\/","name":"Raseborgs segelklubb - rsk ry","description":"Verkkokauppa","publisher":{"@id":"https:\/\/rsk.podkauppa.fi\/sv\/#organization"},"potentialAction":[{"@type":"SearchAction","target":{"@type":"EntryPoint","urlTemplate":"https:\/\/rsk.podkauppa.fi\/sv\/?s={search_term_string}"},"query-input":{"@type":"PropertyValueSpecification","valueRequired":true,"valueName":"search_term_string"}}],"inLanguage":"sv-SE"},{"@type":"Organization","@id":"https:\/\/rsk.podkauppa.fi\/sv\/#organization","name":"Raseborgs segelklubb - rsk ry","url":"https:\/\/rsk.podkauppa.fi\/sv\/","logo":{"@type":"ImageObject","inLanguage":"sv-SE","@id":"https:\/\/rsk.podkauppa.fi\/sv\/#\/schema\/logo\/image\/","url":"https:\/\/rsk.podkauppa.fi\/wp-content\/uploads\/2022\/03\/cropped-seuranlippu.jpg","contentUrl":"https:\/\/rsk.podkauppa.fi\/wp-content\/uploads\/2022\/03\/cropped-seuranlippu.jpg","width":130,"height":129,"caption":"Raseborgs segelklubb - rsk ry"},"image":{"@id":"https:\/\/rsk.podkauppa.fi\/sv\/#\/schema\/logo\/image\/"}}]}},"jetpack_sharing_enabled":true,"_links":{"self":[{"href":"https:\/\/rsk.podkauppa.fi\/sv\/wp-json\/wp\/v2\/pages\/667"}],"collection":[{"href":"https:\/\/rsk.podkauppa.fi\/sv\/wp-json\/wp\/v2\/pages"}],"about":[{"href":"https:\/\/rsk.podkauppa.fi\/sv\/wp-json\/wp\/v2\/types\/page"}],"author":[{"embeddable":true,"href":"https:\/\/rsk.podkauppa.fi\/sv\/wp-json\/wp\/v2\/users\/1"}],"replies":[{"embeddable":true,"href":"https:\/\/rsk.podkauppa.fi\/sv\/wp-json\/wp\/v2\/comments?post=667"}],"version-history":[{"count":3,"href":"https:\/\/rsk.podkauppa.fi\/sv\/wp-json\/wp\/v2\/pages\/667\/revisions"}],"predecessor-version":[{"id":716,"href":"https:\/\/rsk.podkauppa.fi\/sv\/wp-json\/wp\/v2\/pages\/667\/revisions\/716"}],"wp:attachment":[{"href":"https:\/\/rsk.podkauppa.fi\/sv\/wp-json\/wp\/v2\/media?parent=667"}],"curies":[{"name":"wp","href":"https:\/\/api.w.org\/{rel}","templated":true}]}}