{"id":848,"date":"2022-10-26T12:13:49","date_gmt":"2022-10-26T12:13:49","guid":{"rendered":"https:\/\/rsk.podkauppa.fi\/tuote\/rsk-iphone-protective-case\/"},"modified":"2022-10-26T12:13:49","modified_gmt":"2022-10-26T12:13:49","slug":"iphone-scal","status":"publish","type":"product","link":"https:\/\/rsk.podkauppa.fi\/en\/tuote\/iphone-scal\/","title":{"rendered":"RSK | iPhone protective case"},"content":{"rendered":"<p>This elegant iPhone case protects your phone from dust, damp, oil and smuts. It has a stable base and flexible sides that make it easy to get on and off, with precisely adjusted openings for the chargers.  <br \/>\n  &#8211; BPA-free hybrid material with thermoplastic polyurethane (TPU) and polycarbonate (PC)<br \/>\n  &#8211; Stable baksida i polycarbonate<br \/>\n  &#8211; Flexible and genomskinliga sidor i polyuretan<br \/>\n  &#8211; 0.5 mm upph\u00f6jd infattning<br \/>\n  &#8211; Port\u00f6ppningar som \u00e4r exact inriktade med telefonens<br \/>\n  &#8211; Right to put on and take off<br \/>\n  &#8211; Fungerar f\u00f6r tr\u00e5dl\u00f6s laddning<br \/>\n  &#8211; SE scale will fit iPhone SE from 2020<br \/>\n  &#8211; Blank product from China<\/p>\n","protected":false},"excerpt":{"rendered":"<p>This elegant iPhone case protects your phone from dust, damp, oil and smuts. It has a stable base and flexible sides that make it easy to get on and off, with precisely adjusted openings for the chargers. &#8211; BPA-free hybrid material with thermoplastic polyurethane (TPU) and polycarbonate (PC) &#8211; Stable baksida i polycarbonate &#8211; Flexible&hellip;&nbsp;<a href=\"https:\/\/rsk.podkauppa.fi\/en\/tuote\/iphone-scal\/\" rel=\"bookmark\">Read More &raquo;<span class=\"screen-reader-text\">RSK | iPhone protective case<\/span><\/a><\/p>\n","protected":false},"featured_media":427,"comment_status":"open","ping_status":"closed","template":"","meta":{"neve_meta_sidebar":"","neve_meta_container":"","neve_meta_enable_content_width":"","neve_meta_content_width":0,"neve_meta_title_alignment":"","neve_meta_author_avatar":"","neve_post_elements_order":"","neve_meta_disable_header":"","neve_meta_disable_footer":"","neve_meta_disable_title":""},"product_cat":[111],"product_tag":[],"class_list":{"0":"post-848","1":"product","2":"type-product","3":"status-publish","4":"has-post-thumbnail","6":"product_cat-general","8":"first","9":"instock","10":"taxable","11":"shipping-taxable","12":"purchasable","13":"product-type-variable"},"yoast_head":"<!-- This site is optimized with the Yoast SEO plugin v23.9 - https:\/\/yoast.com\/wordpress\/plugins\/seo\/ -->\n<title>RSK | iPhone protective case - Raseborgs segelklubb - rsk ry<\/title>\n<meta name=\"robots\" content=\"noindex, follow, max-snippet:-1, max-image-preview:large, max-video-preview:-1\" \/>\n<meta property=\"og:locale\" content=\"en_US\" \/>\n<meta property=\"og:type\" content=\"article\" \/>\n<meta property=\"og:title\" content=\"RSK | iPhone protective case - Raseborgs segelklubb - rsk ry\" \/>\n<meta property=\"og:description\" content=\"This elegant iPhone case protects your phone from dust, damp, oil and smuts. It has a stable base and flexible sides that make it easy to get on and off, with precisely adjusted openings for the chargers. &#8211; BPA-free hybrid material with thermoplastic polyurethane (TPU) and polycarbonate (PC) &#8211; Stable baksida i polycarbonate &#8211; Flexible&hellip;&nbsp;Read More &raquo;RSK | iPhone protective case\" \/>\n<meta property=\"og:url\" content=\"https:\/\/rsk.podkauppa.fi\/en\/tuote\/iphone-scal\/\" \/>\n<meta property=\"og:site_name\" content=\"Raseborgs segelklubb - rsk ry\" \/>\n<meta name=\"twitter:card\" content=\"summary_large_image\" \/>\n<meta name=\"twitter:label1\" content=\"Est. reading time\" \/>\n\t<meta name=\"twitter:data1\" content=\"1 minute\" \/>\n<script type=\"application\/ld+json\" class=\"yoast-schema-graph\">{\"@context\":\"https:\/\/schema.org\",\"@graph\":[{\"@type\":\"WebPage\",\"@id\":\"https:\/\/rsk.podkauppa.fi\/en\/tuote\/iphone-scal\/\",\"url\":\"https:\/\/rsk.podkauppa.fi\/en\/tuote\/iphone-scal\/\",\"name\":\"RSK | iPhone protective case - Raseborgs segelklubb - rsk ry\",\"isPartOf\":{\"@id\":\"https:\/\/rsk.podkauppa.fi\/en\/#website\"},\"primaryImageOfPage\":{\"@id\":\"https:\/\/rsk.podkauppa.fi\/en\/tuote\/iphone-scal\/#primaryimage\"},\"image\":{\"@id\":\"https:\/\/rsk.podkauppa.fi\/en\/tuote\/iphone-scal\/#primaryimage\"},\"thumbnailUrl\":\"https:\/\/rsk.podkauppa.fi\/wp-content\/uploads\/2022\/10\/iphone-case-iphone-xr-front-6359246cedefd.jpg\",\"datePublished\":\"2022-10-26T12:13:49+00:00\",\"dateModified\":\"2022-10-26T12:13:49+00:00\",\"breadcrumb\":{\"@id\":\"https:\/\/rsk.podkauppa.fi\/en\/tuote\/iphone-scal\/#breadcrumb\"},\"inLanguage\":\"en-US\",\"potentialAction\":[{\"@type\":\"ReadAction\",\"target\":[\"https:\/\/rsk.podkauppa.fi\/en\/tuote\/iphone-scal\/\"]}]},{\"@type\":\"ImageObject\",\"inLanguage\":\"en-US\",\"@id\":\"https:\/\/rsk.podkauppa.fi\/en\/tuote\/iphone-scal\/#primaryimage\",\"url\":\"https:\/\/rsk.podkauppa.fi\/wp-content\/uploads\/2022\/10\/iphone-case-iphone-xr-front-6359246cedefd.jpg\",\"contentUrl\":\"https:\/\/rsk.podkauppa.fi\/wp-content\/uploads\/2022\/10\/iphone-case-iphone-xr-front-6359246cedefd.jpg\",\"width\":2000,\"height\":2000},{\"@type\":\"BreadcrumbList\",\"@id\":\"https:\/\/rsk.podkauppa.fi\/en\/tuote\/iphone-scal\/#breadcrumb\",\"itemListElement\":[{\"@type\":\"ListItem\",\"position\":1,\"name\":\"Etusivu\",\"item\":\"https:\/\/rsk.podkauppa.fi\/en\/shop\/\"},{\"@type\":\"ListItem\",\"position\":2,\"name\":\"Shop\",\"item\":\"https:\/\/rsk.podkauppa.fi\/en\/shop\/\"},{\"@type\":\"ListItem\",\"position\":3,\"name\":\"RSK | iPhone protective case\"}]},{\"@type\":\"WebSite\",\"@id\":\"https:\/\/rsk.podkauppa.fi\/en\/#website\",\"url\":\"https:\/\/rsk.podkauppa.fi\/en\/\",\"name\":\"Raseborgs segelklubb - rsk ry\",\"description\":\"Verkkokauppa\",\"publisher\":{\"@id\":\"https:\/\/rsk.podkauppa.fi\/en\/#organization\"},\"potentialAction\":[{\"@type\":\"SearchAction\",\"target\":{\"@type\":\"EntryPoint\",\"urlTemplate\":\"https:\/\/rsk.podkauppa.fi\/en\/?s={search_term_string}\"},\"query-input\":{\"@type\":\"PropertyValueSpecification\",\"valueRequired\":true,\"valueName\":\"search_term_string\"}}],\"inLanguage\":\"en-US\"},{\"@type\":\"Organization\",\"@id\":\"https:\/\/rsk.podkauppa.fi\/en\/#organization\",\"name\":\"Raseborgs segelklubb - rsk ry\",\"url\":\"https:\/\/rsk.podkauppa.fi\/en\/\",\"logo\":{\"@type\":\"ImageObject\",\"inLanguage\":\"en-US\",\"@id\":\"https:\/\/rsk.podkauppa.fi\/en\/#\/schema\/logo\/image\/\",\"url\":\"https:\/\/rsk.podkauppa.fi\/wp-content\/uploads\/2022\/03\/cropped-seuranlippu.jpg\",\"contentUrl\":\"https:\/\/rsk.podkauppa.fi\/wp-content\/uploads\/2022\/03\/cropped-seuranlippu.jpg\",\"width\":130,\"height\":129,\"caption\":\"Raseborgs segelklubb - rsk ry\"},\"image\":{\"@id\":\"https:\/\/rsk.podkauppa.fi\/en\/#\/schema\/logo\/image\/\"}}]}<\/script>\n<!-- \/ Yoast SEO plugin. -->","yoast_head_json":{"title":"RSK | iPhone protective case - Raseborgs segelklubb - rsk ry","robots":{"index":"noindex","follow":"follow","max-snippet":"max-snippet:-1","max-image-preview":"max-image-preview:large","max-video-preview":"max-video-preview:-1"},"og_locale":"en_US","og_type":"article","og_title":"RSK | iPhone protective case - Raseborgs segelklubb - rsk ry","og_description":"This elegant iPhone case protects your phone from dust, damp, oil and smuts. It has a stable base and flexible sides that make it easy to get on and off, with precisely adjusted openings for the chargers. &#8211; BPA-free hybrid material with thermoplastic polyurethane (TPU) and polycarbonate (PC) &#8211; Stable baksida i polycarbonate &#8211; Flexible&hellip;&nbsp;Read More &raquo;RSK | iPhone protective case","og_url":"https:\/\/rsk.podkauppa.fi\/en\/tuote\/iphone-scal\/","og_site_name":"Raseborgs segelklubb - rsk ry","twitter_card":"summary_large_image","twitter_misc":{"Est. reading time":"1 minute"},"schema":{"@context":"https:\/\/schema.org","@graph":[{"@type":"WebPage","@id":"https:\/\/rsk.podkauppa.fi\/en\/tuote\/iphone-scal\/","url":"https:\/\/rsk.podkauppa.fi\/en\/tuote\/iphone-scal\/","name":"RSK | iPhone protective case - Raseborgs segelklubb - rsk ry","isPartOf":{"@id":"https:\/\/rsk.podkauppa.fi\/en\/#website"},"primaryImageOfPage":{"@id":"https:\/\/rsk.podkauppa.fi\/en\/tuote\/iphone-scal\/#primaryimage"},"image":{"@id":"https:\/\/rsk.podkauppa.fi\/en\/tuote\/iphone-scal\/#primaryimage"},"thumbnailUrl":"https:\/\/rsk.podkauppa.fi\/wp-content\/uploads\/2022\/10\/iphone-case-iphone-xr-front-6359246cedefd.jpg","datePublished":"2022-10-26T12:13:49+00:00","dateModified":"2022-10-26T12:13:49+00:00","breadcrumb":{"@id":"https:\/\/rsk.podkauppa.fi\/en\/tuote\/iphone-scal\/#breadcrumb"},"inLanguage":"en-US","potentialAction":[{"@type":"ReadAction","target":["https:\/\/rsk.podkauppa.fi\/en\/tuote\/iphone-scal\/"]}]},{"@type":"ImageObject","inLanguage":"en-US","@id":"https:\/\/rsk.podkauppa.fi\/en\/tuote\/iphone-scal\/#primaryimage","url":"https:\/\/rsk.podkauppa.fi\/wp-content\/uploads\/2022\/10\/iphone-case-iphone-xr-front-6359246cedefd.jpg","contentUrl":"https:\/\/rsk.podkauppa.fi\/wp-content\/uploads\/2022\/10\/iphone-case-iphone-xr-front-6359246cedefd.jpg","width":2000,"height":2000},{"@type":"BreadcrumbList","@id":"https:\/\/rsk.podkauppa.fi\/en\/tuote\/iphone-scal\/#breadcrumb","itemListElement":[{"@type":"ListItem","position":1,"name":"Etusivu","item":"https:\/\/rsk.podkauppa.fi\/en\/shop\/"},{"@type":"ListItem","position":2,"name":"Shop","item":"https:\/\/rsk.podkauppa.fi\/en\/shop\/"},{"@type":"ListItem","position":3,"name":"RSK | iPhone protective case"}]},{"@type":"WebSite","@id":"https:\/\/rsk.podkauppa.fi\/en\/#website","url":"https:\/\/rsk.podkauppa.fi\/en\/","name":"Raseborgs segelklubb - rsk ry","description":"Verkkokauppa","publisher":{"@id":"https:\/\/rsk.podkauppa.fi\/en\/#organization"},"potentialAction":[{"@type":"SearchAction","target":{"@type":"EntryPoint","urlTemplate":"https:\/\/rsk.podkauppa.fi\/en\/?s={search_term_string}"},"query-input":{"@type":"PropertyValueSpecification","valueRequired":true,"valueName":"search_term_string"}}],"inLanguage":"en-US"},{"@type":"Organization","@id":"https:\/\/rsk.podkauppa.fi\/en\/#organization","name":"Raseborgs segelklubb - rsk ry","url":"https:\/\/rsk.podkauppa.fi\/en\/","logo":{"@type":"ImageObject","inLanguage":"en-US","@id":"https:\/\/rsk.podkauppa.fi\/en\/#\/schema\/logo\/image\/","url":"https:\/\/rsk.podkauppa.fi\/wp-content\/uploads\/2022\/03\/cropped-seuranlippu.jpg","contentUrl":"https:\/\/rsk.podkauppa.fi\/wp-content\/uploads\/2022\/03\/cropped-seuranlippu.jpg","width":130,"height":129,"caption":"Raseborgs segelklubb - rsk ry"},"image":{"@id":"https:\/\/rsk.podkauppa.fi\/en\/#\/schema\/logo\/image\/"}}]}},"jetpack_sharing_enabled":true,"_links":{"self":[{"href":"https:\/\/rsk.podkauppa.fi\/en\/wp-json\/wp\/v2\/product\/848"}],"collection":[{"href":"https:\/\/rsk.podkauppa.fi\/en\/wp-json\/wp\/v2\/product"}],"about":[{"href":"https:\/\/rsk.podkauppa.fi\/en\/wp-json\/wp\/v2\/types\/product"}],"replies":[{"embeddable":true,"href":"https:\/\/rsk.podkauppa.fi\/en\/wp-json\/wp\/v2\/comments?post=848"}],"wp:featuredmedia":[{"embeddable":true,"href":"https:\/\/rsk.podkauppa.fi\/en\/wp-json\/wp\/v2\/media\/427"}],"wp:attachment":[{"href":"https:\/\/rsk.podkauppa.fi\/en\/wp-json\/wp\/v2\/media?parent=848"}],"wp:term":[{"taxonomy":"product_cat","embeddable":true,"href":"https:\/\/rsk.podkauppa.fi\/en\/wp-json\/wp\/v2\/product_cat?post=848"},{"taxonomy":"product_tag","embeddable":true,"href":"https:\/\/rsk.podkauppa.fi\/en\/wp-json\/wp\/v2\/product_tag?post=848"}],"curies":[{"name":"wp","href":"https:\/\/api.w.org\/{rel}","templated":true}]}}