{"id":677,"date":"2022-03-06T13:20:38","date_gmt":"2022-03-06T13:20:38","guid":{"rendered":"https:\/\/rsk.podkauppa.fi\/privacy-policy\/"},"modified":"2023-06-13T16:32:23","modified_gmt":"2023-06-13T16:32:23","slug":"privacy-policy","status":"publish","type":"page","link":"https:\/\/rsk.podkauppa.fi\/en\/privacy-policy\/","title":{"rendered":"Privacy policy"},"content":{"rendered":"<p>This is a statement on the processing of personal data in accordance with the EU General Data Protection Regulation (679\/2016).<\/p><h1 class=\"wp-block-heading\">Controller<\/h1><p>\u00d6stman Group Oy Ab Business ID: 2789342-7<\/p><p>address: T\u00f6rm\u00e4niityntie 15 C 36 , 02710 ESPOO<\/p><p>p. 0503440512<\/p><p>email: <a href=\"mailto:info@ostmangroup.fi\">info@ostmangroup.fi<\/a><\/p><h1 class=\"wp-block-heading\">Contacts on data protection issues<\/h1><p>Kevin \u00d6stman p. 0503440512<\/p><p>email: <a href=\"mailto:kevin.ostman@ostmangroup.fi\">kevin.ostman@ostmangroup.fi<\/a><\/p><p>In all matters relating to the processing of personal data and in situations where the data subject wishes to exercise his or her rights, he or she is invited to contact the contact person mentioned above.<\/p><h1 class=\"wp-block-heading\">Grounds for and purposes of processing personal data<\/h1><p>The legal basis for the processing of personal data is:<\/p><ul class=\"wp-block-list\"><li>Consent of the data subject to the processing of personal data<\/li><li>Legitimate interest of the controller based on the customer relationship between the data subject and the controller<\/li><\/ul><p>The purposes of processing personal data include invoicing and the dispatch of ordered products.<\/p><h1 class=\"wp-block-heading\">Personal data processed<\/h1><p>The controller only collects personal data from data subjects that are relevant and necessary for the purposes of use described in this Privacy Policy.<\/p><p><em>The following information about data subjects is processed:<\/em><\/p><ul class=\"wp-block-list\"><li>First name and surname<\/li><li>Address<\/li><li>Phone number<\/li><li>E-mail address<\/li><\/ul><h1 class=\"wp-block-heading\">Data retention period<\/h1><p>The controller processes personal data for 6 months. At the end of this period, the controller will delete or anonymise the data within 6 months in accordance with its deletion processes.<\/p><p>The controller may be obliged to process some personal data in the register for longer than stated above in order to comply with legal or regulatory requirements.<\/p><h1 class=\"wp-block-heading\">Rights of the data subject<\/h1><p><em>Right of access to personal data<\/em><\/p><p>The data subject has the right to obtain confirmation as to whether personal data concerning him or her are being processed and, if so, to obtain a copy of his or her personal data.<\/p><p><em>Right to rectification<\/em><\/p><p>The data subject has the right to request that inaccurate or incorrect personal data concerning him or her be corrected. The data subject also has the right to have incomplete personal data completed by providing the necessary additional information.<\/p><p><em>Right to erasure<\/em><\/p><p>The data subject has the right to request the erasure of personal data concerning him or her if.<\/p><ol class=\"wp-block-list\" type=\"a\"><li>the personal data are no longer needed for the purposes for which they were collected;<\/li><\/ol><ul class=\"wp-block-list\"><li>the data subject withdraws the consent on which the processing of personal data was based and there is no other lawful basis for the processing; or<\/li><li>personal data have been unlawfully processed.<\/li><\/ul><p><em>Right to restriction of processing<\/em><\/p><p>The data subject has the right to restrict the processing of personal data concerning him or her if.<\/p><ol class=\"wp-block-list\" type=\"a\"><li>the data subject contests the accuracy of his or her personal data;<\/li><\/ol><ul class=\"wp-block-list\"><li>the processing is unlawful and the data subject objects to the erasure of his or her personal data and requests instead the restriction of their use; or<\/li><li>the controller no longer needs the personal data for the purposes for which they were originally processed, but the data subject needs them for the establishment, exercise or defence of legal claims.<\/li><\/ul><p><em>Right to object<\/em><\/p><p>The data subject has the right to object at any time, on grounds relating to his or her particular situation, to the processing of personal data concerning him or her.<\/p><p>The controller shall no longer process the personal data of the data subject, unless the controller can demonstrate compelling legitimate grounds for the processing which override the interests, rights and freedoms of the data subject or for the establishment, exercise or defence of legal claims.<\/p><p>Where personal data are processed for direct marketing purposes, the data subject has the right to object at any time to the processing of personal data concerning him or her for such marketing, including.<\/p><p>profiling when it is related to such direct marketing.<\/p><p><em>Right to withdraw consent<\/em><\/p><p>The data subject has the right to withdraw his or her consent to processing at any time, without prejudice to the lawfulness of the processing carried out on the basis of that consent.<\/p><p><em>The right to transfer data from one system to another<\/em><\/p><p>The data subject has the right to receive personal data concerning him or her and provided by him or her in a structured, commonly used and machine-readable format and the right to transmit such data to another controller.<\/p><p><em>Right to lodge a complaint with a supervisory authority<\/em><\/p><p>The national supervisory authority for personal data matters is the Office of the Data Protection Ombudsman, attached to the Ministry of Justice. You have the right to refer your case to the supervisory authority if you believe that the processing of personal data concerning you infringes the relevant legislation.<\/p>","protected":false},"excerpt":{"rendered":"<p>This is a statement on the processing of personal data in accordance with the EU General Data Protection Regulation (679\/2016). Controller \u00d6stman Group Oy Ab Business ID: 2789342-7 address: T\u00f6rm\u00e4niityntie 15 C 36 , 02710 ESPOO p. 0503440512 email: info@ostmangroup.fi Contacts on data protection issues Kevin \u00d6stman p. 0503440512 email: kevin.ostman@ostmangroup.fi In all matters relating&hellip;&nbsp;<a href=\"https:\/\/rsk.podkauppa.fi\/en\/privacy-policy\/\" rel=\"bookmark\">Read More &raquo;<span class=\"screen-reader-text\">Privacy policy<\/span><\/a><\/p>\n","protected":false},"author":1,"featured_media":0,"parent":0,"menu_order":0,"comment_status":"closed","ping_status":"closed","template":"","meta":{"neve_meta_sidebar":"","neve_meta_container":"","neve_meta_enable_content_width":"","neve_meta_content_width":0,"neve_meta_title_alignment":"","neve_meta_author_avatar":"","neve_post_elements_order":"","neve_meta_disable_header":"","neve_meta_disable_footer":"","neve_meta_disable_title":"","footnotes":""},"class_list":["post-677","page","type-page","status-publish","hentry"],"yoast_head":"<!-- This site is optimized with the Yoast SEO plugin v23.9 - https:\/\/yoast.com\/wordpress\/plugins\/seo\/ -->\n<title>Privacy policy - Raseborgs segelklubb - rsk ry<\/title>\n<meta name=\"robots\" content=\"noindex, follow, max-snippet:-1, max-image-preview:large, max-video-preview:-1\" \/>\n<meta property=\"og:locale\" content=\"en_US\" \/>\n<meta property=\"og:type\" content=\"article\" \/>\n<meta property=\"og:title\" content=\"Privacy policy - Raseborgs segelklubb - rsk ry\" \/>\n<meta property=\"og:description\" content=\"This is a statement on the processing of personal data in accordance with the EU General Data Protection Regulation (679\/2016). Controller \u00d6stman Group Oy Ab Business ID: 2789342-7 address: T\u00f6rm\u00e4niityntie 15 C 36 , 02710 ESPOO p. 0503440512 email: info@ostmangroup.fi Contacts on data protection issues Kevin \u00d6stman p. 0503440512 email: kevin.ostman@ostmangroup.fi In all matters relating&hellip;&nbsp;Read More &raquo;Privacy policy\" \/>\n<meta property=\"og:url\" content=\"https:\/\/rsk.podkauppa.fi\/en\/privacy-policy\/\" \/>\n<meta property=\"og:site_name\" content=\"Raseborgs segelklubb - rsk ry\" \/>\n<meta property=\"article:modified_time\" content=\"2023-06-13T16:32:23+00:00\" \/>\n<meta name=\"twitter:card\" content=\"summary_large_image\" \/>\n<meta name=\"twitter:label1\" content=\"Est. reading time\" \/>\n\t<meta name=\"twitter:data1\" content=\"4 minutes\" \/>\n<script type=\"application\/ld+json\" class=\"yoast-schema-graph\">{\"@context\":\"https:\/\/schema.org\",\"@graph\":[{\"@type\":\"WebPage\",\"@id\":\"https:\/\/rsk.podkauppa.fi\/en\/privacy-policy\/\",\"url\":\"https:\/\/rsk.podkauppa.fi\/en\/privacy-policy\/\",\"name\":\"Privacy policy - Raseborgs segelklubb - rsk ry\",\"isPartOf\":{\"@id\":\"https:\/\/rsk.podkauppa.fi\/en\/#website\"},\"datePublished\":\"2022-03-06T13:20:38+00:00\",\"dateModified\":\"2023-06-13T16:32:23+00:00\",\"breadcrumb\":{\"@id\":\"https:\/\/rsk.podkauppa.fi\/en\/privacy-policy\/#breadcrumb\"},\"inLanguage\":\"en-US\",\"potentialAction\":[{\"@type\":\"ReadAction\",\"target\":[\"https:\/\/rsk.podkauppa.fi\/en\/privacy-policy\/\"]}]},{\"@type\":\"BreadcrumbList\",\"@id\":\"https:\/\/rsk.podkauppa.fi\/en\/privacy-policy\/#breadcrumb\",\"itemListElement\":[{\"@type\":\"ListItem\",\"position\":1,\"name\":\"Etusivu\",\"item\":\"https:\/\/rsk.podkauppa.fi\/en\/shop\/\"},{\"@type\":\"ListItem\",\"position\":2,\"name\":\"Privacy policy\"}]},{\"@type\":\"WebSite\",\"@id\":\"https:\/\/rsk.podkauppa.fi\/en\/#website\",\"url\":\"https:\/\/rsk.podkauppa.fi\/en\/\",\"name\":\"Raseborgs segelklubb - rsk ry\",\"description\":\"Verkkokauppa\",\"publisher\":{\"@id\":\"https:\/\/rsk.podkauppa.fi\/en\/#organization\"},\"potentialAction\":[{\"@type\":\"SearchAction\",\"target\":{\"@type\":\"EntryPoint\",\"urlTemplate\":\"https:\/\/rsk.podkauppa.fi\/en\/?s={search_term_string}\"},\"query-input\":{\"@type\":\"PropertyValueSpecification\",\"valueRequired\":true,\"valueName\":\"search_term_string\"}}],\"inLanguage\":\"en-US\"},{\"@type\":\"Organization\",\"@id\":\"https:\/\/rsk.podkauppa.fi\/en\/#organization\",\"name\":\"Raseborgs segelklubb - rsk ry\",\"url\":\"https:\/\/rsk.podkauppa.fi\/en\/\",\"logo\":{\"@type\":\"ImageObject\",\"inLanguage\":\"en-US\",\"@id\":\"https:\/\/rsk.podkauppa.fi\/en\/#\/schema\/logo\/image\/\",\"url\":\"https:\/\/rsk.podkauppa.fi\/wp-content\/uploads\/2022\/03\/cropped-seuranlippu.jpg\",\"contentUrl\":\"https:\/\/rsk.podkauppa.fi\/wp-content\/uploads\/2022\/03\/cropped-seuranlippu.jpg\",\"width\":130,\"height\":129,\"caption\":\"Raseborgs segelklubb - rsk ry\"},\"image\":{\"@id\":\"https:\/\/rsk.podkauppa.fi\/en\/#\/schema\/logo\/image\/\"}}]}<\/script>\n<!-- \/ Yoast SEO plugin. -->","yoast_head_json":{"title":"Privacy policy - Raseborgs segelklubb - rsk ry","robots":{"index":"noindex","follow":"follow","max-snippet":"max-snippet:-1","max-image-preview":"max-image-preview:large","max-video-preview":"max-video-preview:-1"},"og_locale":"en_US","og_type":"article","og_title":"Privacy policy - Raseborgs segelklubb - rsk ry","og_description":"This is a statement on the processing of personal data in accordance with the EU General Data Protection Regulation (679\/2016). Controller \u00d6stman Group Oy Ab Business ID: 2789342-7 address: T\u00f6rm\u00e4niityntie 15 C 36 , 02710 ESPOO p. 0503440512 email: info@ostmangroup.fi Contacts on data protection issues Kevin \u00d6stman p. 0503440512 email: kevin.ostman@ostmangroup.fi In all matters relating&hellip;&nbsp;Read More &raquo;Privacy policy","og_url":"https:\/\/rsk.podkauppa.fi\/en\/privacy-policy\/","og_site_name":"Raseborgs segelklubb - rsk ry","article_modified_time":"2023-06-13T16:32:23+00:00","twitter_card":"summary_large_image","twitter_misc":{"Est. reading time":"4 minutes"},"schema":{"@context":"https:\/\/schema.org","@graph":[{"@type":"WebPage","@id":"https:\/\/rsk.podkauppa.fi\/en\/privacy-policy\/","url":"https:\/\/rsk.podkauppa.fi\/en\/privacy-policy\/","name":"Privacy policy - Raseborgs segelklubb - rsk ry","isPartOf":{"@id":"https:\/\/rsk.podkauppa.fi\/en\/#website"},"datePublished":"2022-03-06T13:20:38+00:00","dateModified":"2023-06-13T16:32:23+00:00","breadcrumb":{"@id":"https:\/\/rsk.podkauppa.fi\/en\/privacy-policy\/#breadcrumb"},"inLanguage":"en-US","potentialAction":[{"@type":"ReadAction","target":["https:\/\/rsk.podkauppa.fi\/en\/privacy-policy\/"]}]},{"@type":"BreadcrumbList","@id":"https:\/\/rsk.podkauppa.fi\/en\/privacy-policy\/#breadcrumb","itemListElement":[{"@type":"ListItem","position":1,"name":"Etusivu","item":"https:\/\/rsk.podkauppa.fi\/en\/shop\/"},{"@type":"ListItem","position":2,"name":"Privacy policy"}]},{"@type":"WebSite","@id":"https:\/\/rsk.podkauppa.fi\/en\/#website","url":"https:\/\/rsk.podkauppa.fi\/en\/","name":"Raseborgs segelklubb - rsk ry","description":"Verkkokauppa","publisher":{"@id":"https:\/\/rsk.podkauppa.fi\/en\/#organization"},"potentialAction":[{"@type":"SearchAction","target":{"@type":"EntryPoint","urlTemplate":"https:\/\/rsk.podkauppa.fi\/en\/?s={search_term_string}"},"query-input":{"@type":"PropertyValueSpecification","valueRequired":true,"valueName":"search_term_string"}}],"inLanguage":"en-US"},{"@type":"Organization","@id":"https:\/\/rsk.podkauppa.fi\/en\/#organization","name":"Raseborgs segelklubb - rsk ry","url":"https:\/\/rsk.podkauppa.fi\/en\/","logo":{"@type":"ImageObject","inLanguage":"en-US","@id":"https:\/\/rsk.podkauppa.fi\/en\/#\/schema\/logo\/image\/","url":"https:\/\/rsk.podkauppa.fi\/wp-content\/uploads\/2022\/03\/cropped-seuranlippu.jpg","contentUrl":"https:\/\/rsk.podkauppa.fi\/wp-content\/uploads\/2022\/03\/cropped-seuranlippu.jpg","width":130,"height":129,"caption":"Raseborgs segelklubb - rsk ry"},"image":{"@id":"https:\/\/rsk.podkauppa.fi\/en\/#\/schema\/logo\/image\/"}}]}},"jetpack_sharing_enabled":true,"_links":{"self":[{"href":"https:\/\/rsk.podkauppa.fi\/en\/wp-json\/wp\/v2\/pages\/677"}],"collection":[{"href":"https:\/\/rsk.podkauppa.fi\/en\/wp-json\/wp\/v2\/pages"}],"about":[{"href":"https:\/\/rsk.podkauppa.fi\/en\/wp-json\/wp\/v2\/types\/page"}],"author":[{"embeddable":true,"href":"https:\/\/rsk.podkauppa.fi\/en\/wp-json\/wp\/v2\/users\/1"}],"replies":[{"embeddable":true,"href":"https:\/\/rsk.podkauppa.fi\/en\/wp-json\/wp\/v2\/comments?post=677"}],"version-history":[{"count":2,"href":"https:\/\/rsk.podkauppa.fi\/en\/wp-json\/wp\/v2\/pages\/677\/revisions"}],"predecessor-version":[{"id":701,"href":"https:\/\/rsk.podkauppa.fi\/en\/wp-json\/wp\/v2\/pages\/677\/revisions\/701"}],"wp:attachment":[{"href":"https:\/\/rsk.podkauppa.fi\/en\/wp-json\/wp\/v2\/media?parent=677"}],"curies":[{"name":"wp","href":"https:\/\/api.w.org\/{rel}","templated":true}]}}